{"id":101431,"date":"2019-05-04T10:11:49","date_gmt":"2019-05-04T08:11:49","guid":{"rendered":"http:\/\/www.il-libro.it\/?page_id=101431"},"modified":"2019-05-08T10:15:31","modified_gmt":"2019-05-08T08:15:31","slug":"iscriviti-alla-newsletter","status":"publish","type":"page","link":"https:\/\/www.il-libro.it\/de\/iscriviti-alla-newsletter\/","title":{"rendered":"Newsletter Einschreibung"},"content":{"rendered":"<p><span style=\"font-family: Verdana;\">Die Buchhandlung <\/span><span style=\"font-family: Verdana;\"><b>il libro<\/b><\/span><span style=\"font-family: Verdana;\"> bietet einen Newsletter-Service an f\u00fcr all diejenigen, die rechtzeitig und regelm\u00e4\u00dfig \u00fcber Verlagsneuheiten, sowohl didaktische Themen als auch andere, informiert werden m\u00f6chten. <\/span><\/p>\n<p><span style=\"font-family: Verdana;\">Innerhalb des Newsletters erhalten die Eingeschriebenen <\/span><span style=\"font-family: Verdana;\"><u>didaktische News, nach Sprachen aufgeteilt<\/u><\/span><span style=\"font-family: Verdana;\">. Auf diese Weise kann sich das Fachpublikum auf dem Laufenden halten bez\u00fcglich der didaktischen Verlagsneuheiten, Veranstaltungen, Tagungen und Fortbildungskurse.<\/span><\/p>\n<p><span style=\"font-family: Verdana;\">Au\u00dferdem, ebenfalls nach Sprachen getrennt, bietet die Buchhandlung einen Informationsservice, der <\/span><span style=\"font-family: Verdana;\"><u>kulturelle Ereignisse und Events<\/u><\/span><span style=\"font-family: Verdana;\"> in Mailand und anderswo betrifft, wie zum Beispiel <a href=\"http:\/\/www.il-libro.it\/index.php?option=com_content&amp;view=article&amp;id=102&amp;Itemid=97&amp;lang=it\">LITERATURTREFFEN<\/a> oder Lesungen f\u00fcr Kinder.<\/span><\/p>\n<p><span style=\"font-family: Verdana;\">Um sich in unsere Mail-Liste einzutragen, m\u00fcssen Sie lediglich die untenstehenden Felder ausf\u00fcllen, die gew\u00fcnschte Rubrik anklicken und die Anmeldung absenden. <\/span><\/p>\n<p><em><span style=\"font-family: Verdana;\">Es ist jeder Zeit m\u00f6glich sich aus dem Newsletter von \u201cil libro\u201d austragen zu lassen, indem Sie einfach eine <a href=\"mailto:info@www.il-libro.it?subject=CANCELLAMI\">E-Mail<\/a> mit dem Betreff\u00a0 \u201cBitte um Austragung aus dem Newsletter\u201d an uns senden.<\/span><\/em><\/p>\n<p>&nbsp;<\/p>\n<div class=\"ja-box column ja-box-right\">\n<div id=\"Mod117\" class=\"ja-moduletable moduletable clearfix\">\n<div class=\"ja-box-ct clearfix\">\n<p>&nbsp;<\/p>\n<!-- Subscribe Form -->\n\n\n<div class=\"newsletters newsletters-form-wrapper\" id=\"newsletters-1-form-wrapper\">\t\n\t\n\t\t\t\t\n\t\t\n\t\t\t\t\t\t\t<form class=\"form-onecolumn newsletters-subscribe-form newsletters-subscribe-form-ajax\" action=\"\/de\/wp-json\/wp\/v2\/pages\/101431?wpmlmethod=optin#newsletters-1-form\" method=\"post\" id=\"newsletters-1-form\" enctype=\"multipart\/form-data\">\n\t\t\t\t<input type=\"hidden\" name=\"form_id\" value=\"1\" \/>\n\t\t\t\t<input type=\"hidden\" name=\"scroll\" value=\"0\" \/>\n\t\t\t\t\n\t\t\t\t\t\t\t\t\n\t\t\t\t\t\t\t\t\t<div class=\"form-group newsletters-fieldholder newsletters-fieldholder-visible\" ><label for=\"\" class=\"control-label wpmlcustomfield wpmlcustomfield3\">Vorname<\/label> <input class=\"form-control wpml wpmltext\" id=\"wpml-1firstname\" tabindex=\"912\" type=\"text\" name=\"firstname\" value=\"\" \/><\/div>\r\n\t\t\t\t\t\t\t\t\t<div class=\"form-group newsletters-fieldholder newsletters-fieldholder-visible\" ><label for=\"\" class=\"control-label wpmlcustomfield wpmlcustomfield4\">Nachname<\/label> <input class=\"form-control wpml wpmltext\" id=\"wpml-1lastname\" tabindex=\"913\" type=\"text\" name=\"lastname\" value=\"\" \/><\/div>\r\n\t\t\t\t\t\t\t\t\t<div class=\"form-group newsletters-fieldholder newsletters-fieldholder-visible\" ><label for=\"\" class=\"control-label wpmlcustomfield wpmlcustomfield1\">Emailadresse<\/label> <input class=\"form-control wpml wpmltext\" id=\"wpml-1email\" tabindex=\"914\" type=\"text\" name=\"email\" value=\"\" \/><\/div>\r\n\t\t\t\t\t\t\t\t\t<div class=\"form-group newsletters-fieldholder newsletters-fieldholder-visible\" ><label for=\"listsselectall\" class=\"control-label form-inline wpmlcustomfield wpmlcustomfield2\"><div class=\"checkbox\"><input onclick=\"jqCheckAll(this, false, 'list_id');\" type=\"checkbox\" name=\"listsselectall\" value=\"1\" id=\"listsselectall\" \/><\/div> Mailing List<\/label> <div class=\"checkbox\"><label class=\"wpmlcheckboxlabel wpml\"><input type=\"checkbox\" name=\"list_id[]\" value=\"3\" class=\"newsletters-list-checkbox\" id=\"1list-list-checkbox\" \/> Bambini<\/label><\/div><div class=\"checkbox\"><label class=\"wpmlcheckboxlabel wpml\"><input type=\"checkbox\" name=\"list_id[]\" value=\"9\" class=\"newsletters-list-checkbox\" id=\"1list-list-checkbox\" \/> DAF <\/label><\/div><div class=\"checkbox\"><label class=\"wpmlcheckboxlabel wpml\"><input type=\"checkbox\" name=\"list_id[]\" value=\"17\" class=\"newsletters-list-checkbox\" id=\"1list-list-checkbox\" \/> ELE<\/label><\/div><div class=\"checkbox\"><label class=\"wpmlcheckboxlabel wpml\"><input type=\"checkbox\" name=\"list_id[]\" value=\"11\" class=\"newsletters-list-checkbox\" id=\"1list-list-checkbox\" \/> ELT<\/label><\/div><div class=\"checkbox\"><label class=\"wpmlcheckboxlabel wpml\"><input type=\"checkbox\" name=\"list_id[]\" value=\"15\" class=\"newsletters-list-checkbox\" id=\"1list-list-checkbox\" \/> FLE<\/label><\/div><div class=\"checkbox\"><label class=\"wpmlcheckboxlabel wpml\"><input type=\"checkbox\" name=\"list_id[]\" value=\"16\" class=\"newsletters-list-checkbox\" id=\"1list-list-checkbox\" \/> Francese - Eventi Culturali <\/label><\/div><div class=\"checkbox\"><label class=\"wpmlcheckboxlabel wpml\"><input type=\"checkbox\" name=\"list_id[]\" value=\"13\" class=\"newsletters-list-checkbox\" id=\"1list-list-checkbox\" \/> IPS<\/label><\/div><div class=\"checkbox\"><label class=\"wpmlcheckboxlabel wpml\"><input type=\"checkbox\" name=\"list_id[]\" value=\"12\" class=\"newsletters-list-checkbox\" id=\"1list-list-checkbox\" \/> Inglese - Eventi Culturali<\/label><\/div><div class=\"checkbox\"><label class=\"wpmlcheckboxlabel wpml\"><input type=\"checkbox\" name=\"list_id[]\" value=\"14\" class=\"newsletters-list-checkbox\" id=\"1list-list-checkbox\" \/> Italiano - Eventi Culturali <\/label><\/div><div class=\"checkbox\"><label class=\"wpmlcheckboxlabel wpml\"><input type=\"checkbox\" name=\"list_id[]\" value=\"18\" class=\"newsletters-list-checkbox\" id=\"1list-list-checkbox\" \/> Spagnolo - Eventi Culturali <\/label><\/div><div class=\"checkbox\"><label class=\"wpmlcheckboxlabel wpml\"><input type=\"checkbox\" name=\"list_id[]\" value=\"20\" class=\"newsletters-list-checkbox\" id=\"1list-list-checkbox\" \/> Studenti Italiano per stranieri<\/label><\/div><div class=\"checkbox\"><label class=\"wpmlcheckboxlabel wpml\"><input type=\"checkbox\" name=\"list_id[]\" value=\"6\" class=\"newsletters-list-checkbox\" id=\"1list-list-checkbox\" \/> Studenti scuola francese <\/label><\/div><div class=\"checkbox\"><label class=\"wpmlcheckboxlabel wpml\"><input type=\"checkbox\" name=\"list_id[]\" value=\"19\" class=\"newsletters-list-checkbox\" id=\"1list-list-checkbox\" \/> Studenti scuola inglese<\/label><\/div><div class=\"checkbox\"><label class=\"wpmlcheckboxlabel wpml\"><input type=\"checkbox\" name=\"list_id[]\" value=\"7\" class=\"newsletters-list-checkbox\" id=\"1list-list-checkbox\" \/> Studenti scuola tedesca\/svizzera<\/label><\/div><div class=\"checkbox\"><label class=\"wpmlcheckboxlabel wpml\"><input type=\"checkbox\" name=\"list_id[]\" value=\"10\" class=\"newsletters-list-checkbox\" id=\"1list-list-checkbox\" \/> Tedesco - Eventi Culturali<\/label><\/div><\/div>\r\n\t\t\t\t\t\t\t\t\t<div class=\"form-group newsletters-fieldholder newsletters-fieldholder-visible\" ><label for=\"\" class=\"control-label wpmlcustomfield wpmlcustomfield10\">Einwilligung<\/label> <div class=\"checkbox\"><label class=\"control-label wpmlcheckboxlabel wpml\"><input class=\"wpmlcheckbox\" tabindex=\"915\" type=\"checkbox\"  name=\"consent[]\" value=\"5\" \/> Ja, ich m\u00f6chte den Newsletter von der Buchhandlung abonnieren. Ihre E-Mail Adresse wird gem\u00e4\u00df der Normen der Privatsph\u00e4re behandelt.<\/label><\/div><\/div>\r\n\t\t\t\t\t\t\t\t\n\t\t\t\t\t\t\t\t\n\t\t\t\t<div class=\"newslettername-wrapper\" style=\"display:none;\">\n\t\t\t    \t<input type=\"text\" name=\"newslettername\" value=\"\" id=\"newsletters-1newslettername\" class=\"newslettername\" \/>\n\t\t\t    <\/div>\n\t\t\t\t\n\t\t\t\t<div class=\"row\">\n\t\t\t\t\t<div class=\"col-md-12\">\n\t\t\t\t\t\t<div id=\"newsletters-form-1-submit\" class=\"form-group newsletters-fieldholder newsletters_submit\">\n\t\t\t\t\t\t\t<span class=\"newsletters_buttonwrap\">\n\t\t\t\t\t\t\t\t<button value=\"1\" type=\"submit\" name=\"subscribe\" id=\"newsletters-1-button\" class=\"btn btn-primary button newsletters-button\">\n\t\t\t\t\t\t\t\t\t\t\t\t\t\t\t\t\t\t\t<span id=\"newsletters-1-loading\" class=\"newsletters-loading-wrapper\" style=\"display:none;\">\n\t\t\t\t\t\t\t\t\t\t\t\t\t\t\t\t\t\t\t\t\t\t\t<i class=\"fa fa-refresh fa-spin fa-fw newsletters-loading-icon\"><\/i>\n\t\t\t\t\t\t\t\t\t\t\t\t\t\t\t\t\t\t\t\t\t<\/span>\n\t\t\t\t\t\t\t\t\t\t\t\t\t\t\t\t\t\t<span class=\"newsletters-button-label\">Subscribe<\/span>\n\t\t\t\t\t\t\t\t<\/button>\n\t\t\t\t\t\t\t<\/span>\n\t\t\t\t\t\t<\/div>\n\t\t\t\t\t<\/div>\n\t\t\t\t<\/div>\n\t\t\t\t\n\t\t\t\t<div class=\"row\">\n\t\t\t\t\t<div class=\"newsletters-progress col-md-12\" style=\"display:none;\">\n\t\t\t\t\t\t<div class=\"progress\">\n\t\t\t\t\t\t\t<div class=\"progress-bar progress-bar-success progress-bar-striped active\" role=\"progressbar\" aria-valuenow=\"0\" aria-valuemin=\"0\" aria-valuemax=\"100\" style=\"width:0%;\">\n\t\t\t\t\t\t\t\t<span class=\"sr-only\">0% Complete<\/span>\n\t\t\t\t\t\t\t<\/div>\n\t\t\t\t\t\t<\/div>\n\t\t\t\t\t<\/div>\n\t\t\t\t<\/div>\n\t\t\t\t\n\t\t\t\t<!-- Subscribe Form Custom CSS -->\n\t\t\t\t<style type=\"text\/css\">\n\t\t\t\t#newsletters-1-form {\n\t\t\t\t\t\t\t\t\t\t\t\t\t\t\t\t\t\t\t}\n\t\t\t\t\n\t\t\t\t#newsletters-1-form .control-label {\n\t\t\t\t\t\t\t\t\t}\n\t\t\t\t\n\t\t\t\t#newsletters-1-form .has-error .control-label, \n\t\t\t\t#newsletters-1-form .has-error .form-control, \n\t\t\t\t#newsletters-1-form .has-error .alert, \n\t\t\t\t#newsletters-1-form .has-error .help-block {\n\t\t\t\t\t\t\t\t\t}\n\t\t\t\t\n\t\t\t\t#newsletters-1-form .form-control {\n\t\t\t\t\tbackground-color: #ffffff;\t\t\t\t\tcolor: #555555;\t\t\t\t\tborder-radius: 4px;\t\t\t\t}\n\t\t\t\t\n\t\t\t\t#newsletters-1-form .help-block {\n\t\t\t\t\t\t\t\t\t}\n\t\t\t\t\n\t\t\t\t#newsletters-1-form .btn {\n\t\t\t\t\tborder-width: 1px;\t\t\t\t\tborder-radius: 4px;\t\t\t\t}\n\t\t\t\t\n\t\t\t\t#newsletters-1-form .btn-primary {\n\t\t\t\t\tbackground-color: #7dc8d1;\t\t\t\t\tborder-color: #2e6da4;\t\t\t\t}\n\t\t\t\t\n\t\t\t\t#newsletters-1-form .btn-primary.active,\n\t\t\t\t#newsletters-1-form .btn-primary.focus,\n\t\t\t\t#newsletters-1-form .btn-primary:active,\n\t\t\t\t#newsletters-1-form .btn-primary:focus,\n\t\t\t\t#newsletters-1-form .btn-primary:hover {\n\t\t\t\t\tbackground-color: #dedede;\t\t\t\t\tborder-color: #204d74;\t\t\t\t}\n\t\t\t\t\n\t\t\t\t#newsletters-1-form i.newsletters-loading-icon {\n\t\t\t\t\tcolor: #ffffff !important;\t\t\t\t}\n\t\t\t\t\n\t\t\t\t#newsletters-1-form .select2-container--default .select2-selection--single {\n\t\t\t\t\tbackground-color: #ffffff;\t\t\t\t\tborder-radius: 4px;\t\t\t\t}\n\t\t\t\t\n\t\t\t\t#newsletters-1-form .select2-container .select2-selection--single .select2-selection__rendered {\n\t\t\t\t\tcolor: #555555;\t\t\t\t}\n\t\t\t\t\n\t\t\t\t\t\t\t\t<\/style>\n\t\t\t<\/form>\n\t\t\t\n\t\t\t\t\t\t\n\t\t\t<\/div>\n\n\n<\/div>\n<\/div>\n<\/div>\n","protected":false},"excerpt":{"rendered":"<p>Die Buchhandlung il libro bietet einen Newsletter-Service an f\u00fcr all diejenigen, die rechtzeitig und regelm\u00e4\u00dfig \u00fcber Verlagsneuheiten, sowohl didaktische Themen als auch andere, informiert werden m\u00f6chten. Innerhalb des Newsletters erhalten die Eingeschriebenen didaktische News, nach Sprachen aufgeteilt. Auf diese Weise kann sich das Fachpublikum auf dem Laufenden halten bez\u00fcglich der didaktischen Verlagsneuheiten, Veranstaltungen, Tagungen und&hellip;<\/p>\n","protected":false},"author":5,"featured_media":0,"parent":0,"menu_order":0,"comment_status":"closed","ping_status":"closed","template":"","meta":[],"yoast_head":"<!-- This site is optimized with the Yoast SEO plugin v17.2.1 - https:\/\/yoast.com\/wordpress\/plugins\/seo\/ -->\n<title>Newsletter Einschreibung - Il Libro - Libreria Internazionale<\/title>\n<meta name=\"robots\" content=\"index, follow, max-snippet:-1, max-image-preview:large, max-video-preview:-1\" \/>\n<link rel=\"canonical\" href=\"https:\/\/www.il-libro.it\/de\/iscriviti-alla-newsletter\/\" \/>\n<meta property=\"og:locale\" content=\"de_DE\" \/>\n<meta property=\"og:type\" content=\"article\" \/>\n<meta property=\"og:title\" content=\"Newsletter Einschreibung - Il Libro - Libreria Internazionale\" \/>\n<meta property=\"og:description\" content=\"Die Buchhandlung il libro bietet einen Newsletter-Service an f\u00fcr all diejenigen, die rechtzeitig und regelm\u00e4\u00dfig \u00fcber Verlagsneuheiten, sowohl didaktische Themen als auch andere, informiert werden m\u00f6chten. Innerhalb des Newsletters erhalten die Eingeschriebenen didaktische News, nach Sprachen aufgeteilt. Auf diese Weise kann sich das Fachpublikum auf dem Laufenden halten bez\u00fcglich der didaktischen Verlagsneuheiten, Veranstaltungen, Tagungen und&hellip;\" \/>\n<meta property=\"og:url\" content=\"https:\/\/www.il-libro.it\/de\/iscriviti-alla-newsletter\/\" \/>\n<meta property=\"og:site_name\" content=\"Il Libro - Libreria Internazionale\" \/>\n<meta property=\"article:publisher\" content=\"https:\/\/www.facebook.com\/IL-LIBRO-Libreria-Internazionale-2127680667458029\/?fref=ts\" \/>\n<meta property=\"article:modified_time\" content=\"2019-05-08T08:15:31+00:00\" \/>\n<meta name=\"twitter:card\" content=\"summary_large_image\" \/>\n<meta name=\"twitter:label1\" content=\"Gesch\u00e4tzte Lesezeit\" \/>\n\t<meta name=\"twitter:data1\" content=\"1 Minute\" \/>\n<script type=\"application\/ld+json\" class=\"yoast-schema-graph\">{\"@context\":\"https:\/\/schema.org\",\"@graph\":[{\"@type\":\"Organization\",\"@id\":\"https:\/\/www.il-libro.it\/#organization\",\"name\":\"il libro libreria internazionale\",\"url\":\"https:\/\/www.il-libro.it\/\",\"sameAs\":[\"https:\/\/www.facebook.com\/IL-LIBRO-Libreria-Internazionale-2127680667458029\/?fref=ts\",\"https:\/\/www.instagram.com\/il.libro.internazionale\/\"],\"logo\":{\"@type\":\"ImageObject\",\"@id\":\"https:\/\/www.il-libro.it\/#logo\",\"inLanguage\":\"de-DE\",\"url\":\"https:\/\/www.il-libro.it\/wp-content\/uploads\/2017\/03\/logo.png\",\"contentUrl\":\"https:\/\/www.il-libro.it\/wp-content\/uploads\/2017\/03\/logo.png\",\"width\":180,\"height\":90,\"caption\":\"il libro libreria internazionale\"},\"image\":{\"@id\":\"https:\/\/www.il-libro.it\/#logo\"}},{\"@type\":\"WebSite\",\"@id\":\"https:\/\/www.il-libro.it\/#website\",\"url\":\"https:\/\/www.il-libro.it\/\",\"name\":\"Il Libro - Libreria Internazionale\",\"description\":\"Benvenuti nella libreria internazionale\",\"publisher\":{\"@id\":\"https:\/\/www.il-libro.it\/#organization\"},\"potentialAction\":[{\"@type\":\"SearchAction\",\"target\":{\"@type\":\"EntryPoint\",\"urlTemplate\":\"https:\/\/www.il-libro.it\/?s={search_term_string}\"},\"query-input\":\"required name=search_term_string\"}],\"inLanguage\":\"de-DE\"},{\"@type\":\"WebPage\",\"@id\":\"https:\/\/www.il-libro.it\/de\/iscriviti-alla-newsletter\/#webpage\",\"url\":\"https:\/\/www.il-libro.it\/de\/iscriviti-alla-newsletter\/\",\"name\":\"Newsletter Einschreibung - Il Libro - Libreria Internazionale\",\"isPartOf\":{\"@id\":\"https:\/\/www.il-libro.it\/#website\"},\"datePublished\":\"2019-05-04T08:11:49+00:00\",\"dateModified\":\"2019-05-08T08:15:31+00:00\",\"breadcrumb\":{\"@id\":\"https:\/\/www.il-libro.it\/de\/iscriviti-alla-newsletter\/#breadcrumb\"},\"inLanguage\":\"de-DE\",\"potentialAction\":[{\"@type\":\"ReadAction\",\"target\":[\"https:\/\/www.il-libro.it\/de\/iscriviti-alla-newsletter\/\"]}]},{\"@type\":\"BreadcrumbList\",\"@id\":\"https:\/\/www.il-libro.it\/de\/iscriviti-alla-newsletter\/#breadcrumb\",\"itemListElement\":[{\"@type\":\"ListItem\",\"position\":1,\"name\":\"Home\",\"item\":\"https:\/\/www.il-libro.it\/de\/\"},{\"@type\":\"ListItem\",\"position\":2,\"name\":\"Newsletter Einschreibung\"}]}]}<\/script>\n<!-- \/ Yoast SEO plugin. -->","yoast_head_json":{"title":"Newsletter Einschreibung - Il Libro - Libreria Internazionale","robots":{"index":"index","follow":"follow","max-snippet":"max-snippet:-1","max-image-preview":"max-image-preview:large","max-video-preview":"max-video-preview:-1"},"canonical":"https:\/\/www.il-libro.it\/de\/iscriviti-alla-newsletter\/","og_locale":"de_DE","og_type":"article","og_title":"Newsletter Einschreibung - Il Libro - Libreria Internazionale","og_description":"Die Buchhandlung il libro bietet einen Newsletter-Service an f\u00fcr all diejenigen, die rechtzeitig und regelm\u00e4\u00dfig \u00fcber Verlagsneuheiten, sowohl didaktische Themen als auch andere, informiert werden m\u00f6chten. Innerhalb des Newsletters erhalten die Eingeschriebenen didaktische News, nach Sprachen aufgeteilt. Auf diese Weise kann sich das Fachpublikum auf dem Laufenden halten bez\u00fcglich der didaktischen Verlagsneuheiten, Veranstaltungen, Tagungen und&hellip;","og_url":"https:\/\/www.il-libro.it\/de\/iscriviti-alla-newsletter\/","og_site_name":"Il Libro - Libreria Internazionale","article_publisher":"https:\/\/www.facebook.com\/IL-LIBRO-Libreria-Internazionale-2127680667458029\/?fref=ts","article_modified_time":"2019-05-08T08:15:31+00:00","twitter_card":"summary_large_image","twitter_misc":{"Gesch\u00e4tzte Lesezeit":"1 Minute"},"schema":{"@context":"https:\/\/schema.org","@graph":[{"@type":"Organization","@id":"https:\/\/www.il-libro.it\/#organization","name":"il libro libreria internazionale","url":"https:\/\/www.il-libro.it\/","sameAs":["https:\/\/www.facebook.com\/IL-LIBRO-Libreria-Internazionale-2127680667458029\/?fref=ts","https:\/\/www.instagram.com\/il.libro.internazionale\/"],"logo":{"@type":"ImageObject","@id":"https:\/\/www.il-libro.it\/#logo","inLanguage":"de-DE","url":"https:\/\/www.il-libro.it\/wp-content\/uploads\/2017\/03\/logo.png","contentUrl":"https:\/\/www.il-libro.it\/wp-content\/uploads\/2017\/03\/logo.png","width":180,"height":90,"caption":"il libro libreria internazionale"},"image":{"@id":"https:\/\/www.il-libro.it\/#logo"}},{"@type":"WebSite","@id":"https:\/\/www.il-libro.it\/#website","url":"https:\/\/www.il-libro.it\/","name":"Il Libro - Libreria Internazionale","description":"Benvenuti nella libreria internazionale","publisher":{"@id":"https:\/\/www.il-libro.it\/#organization"},"potentialAction":[{"@type":"SearchAction","target":{"@type":"EntryPoint","urlTemplate":"https:\/\/www.il-libro.it\/?s={search_term_string}"},"query-input":"required name=search_term_string"}],"inLanguage":"de-DE"},{"@type":"WebPage","@id":"https:\/\/www.il-libro.it\/de\/iscriviti-alla-newsletter\/#webpage","url":"https:\/\/www.il-libro.it\/de\/iscriviti-alla-newsletter\/","name":"Newsletter Einschreibung - Il Libro - Libreria Internazionale","isPartOf":{"@id":"https:\/\/www.il-libro.it\/#website"},"datePublished":"2019-05-04T08:11:49+00:00","dateModified":"2019-05-08T08:15:31+00:00","breadcrumb":{"@id":"https:\/\/www.il-libro.it\/de\/iscriviti-alla-newsletter\/#breadcrumb"},"inLanguage":"de-DE","potentialAction":[{"@type":"ReadAction","target":["https:\/\/www.il-libro.it\/de\/iscriviti-alla-newsletter\/"]}]},{"@type":"BreadcrumbList","@id":"https:\/\/www.il-libro.it\/de\/iscriviti-alla-newsletter\/#breadcrumb","itemListElement":[{"@type":"ListItem","position":1,"name":"Home","item":"https:\/\/www.il-libro.it\/de\/"},{"@type":"ListItem","position":2,"name":"Newsletter Einschreibung"}]}]}},"_links":{"self":[{"href":"https:\/\/www.il-libro.it\/de\/wp-json\/wp\/v2\/pages\/101431"}],"collection":[{"href":"https:\/\/www.il-libro.it\/de\/wp-json\/wp\/v2\/pages"}],"about":[{"href":"https:\/\/www.il-libro.it\/de\/wp-json\/wp\/v2\/types\/page"}],"author":[{"embeddable":true,"href":"https:\/\/www.il-libro.it\/de\/wp-json\/wp\/v2\/users\/5"}],"replies":[{"embeddable":true,"href":"https:\/\/www.il-libro.it\/de\/wp-json\/wp\/v2\/comments?post=101431"}],"version-history":[{"count":0,"href":"https:\/\/www.il-libro.it\/de\/wp-json\/wp\/v2\/pages\/101431\/revisions"}],"wp:attachment":[{"href":"https:\/\/www.il-libro.it\/de\/wp-json\/wp\/v2\/media?parent=101431"}],"curies":[{"name":"wp","href":"https:\/\/api.w.org\/{rel}","templated":true}]}}