{"id":61958,"date":"2019-01-18T11:25:37","date_gmt":"2019-01-18T10:25:37","guid":{"rendered":"http:\/\/www.il-libro.it\/?page_id=61958"},"modified":"2019-01-18T11:28:23","modified_gmt":"2019-01-18T10:28:23","slug":"arbeite-mit-uns","status":"publish","type":"page","link":"https:\/\/www.il-libro.it\/de\/arbeite-mit-uns\/","title":{"rendered":"Arbeite mit uns"},"content":{"rendered":"<p>[vc_row full_width=&#8220;stretch_row_content_no_spaces&#8220;][vc_column][vc_raw_html]JTNDc2VjdGlvbiUyMGNsYXNzJTNEJTIyaGVhZGVyLXBhZ2UlMjBibG9nLWhlYWRlci1ncmlkJTIyJTIwc3R5bGUlM0QlMjJiYWNrZ3JvdW5kLWltYWdlJTNBJTIwdXJsJTI4aHR0cCUzQSUyRiUyRnd3dy5tbGF3b3JsZC5jb20lMkZibG9nJTJGd3AtY29udGVudCUyRnVwbG9hZHMlMkYyMDE2JTJGMTElMkZsZXRzLXdvcmstdG9nZXRoZXIuanBnJTI5JTIyJTNFJTBBJTNDZGl2JTIwY2xhc3MlM0QlMjJjb250YWluZXIlMjIlM0UlMEElM0NzcGFuJTIwY2xhc3MlM0QlMjJ0aXRsZS1wYWdlJTIyJTNFQXJiZWl0ZSUyMG1pdCUyMHVucyUzQyUyRnNwYW4lM0UlMEElM0MlMkZkaXYlM0UlMEElM0MlMkZzZWN0aW9uJTNF[\/vc_raw_html][\/vc_column][\/vc_row][vc_row full_width=&#8220;stretch_row_content_no_spaces_content&#8220;][vc_column][vc_column_text]Die Buchhandlung il libro ben\u00f6tigt derzeit keine Personalverst\u00e4rkung, ist aber immer bereit, Lebensl\u00e4ufe von Interessenten f\u00fcr eine eventuelle Zusammenarbeit in der Zukunft entgegenzunehmen.<\/p>\n<p>Da es sich bei il libro um eine in Fremdsprachen spezialisierte Buchhandlung handelt, sind folgende Eigenschaften wesentlich f\u00fcr das Personal:<\/p>\n<p>\u2022\u00a0Ausgezeichnete Fremdsprachenkenntnisse (unerl\u00e4sslich: Italienisch, Deutsch und Englisch)<br \/>\n\u2022\u00a0Probleme eigenst\u00e4ndig l\u00f6sen<br \/>\n\u2022 Flexibilit\u00e4t im Arbeiten<br \/>\n\u2022\u00a0F\u00e4higkeit sowohl zur Gruppen-, als auch zur individuellen Arbeit<\/p>\n<p>Lebenslauf bitte an folgende Adresse mailen:\u00a0<a href=\"mailto:info@www.il-libro.it\">info@www.il-libro.it<\/a>[\/vc_column_text][\/vc_column][\/vc_row][vc_row][vc_column][vc_empty_space height=&#8220;120px&#8220;][\/vc_column][\/vc_row]<\/p>\n","protected":false},"excerpt":{"rendered":"<p>[vc_row full_width=&#8220;stretch_row_content_no_spaces&#8220;][vc_column][vc_raw_html]JTNDc2VjdGlvbiUyMGNsYXNzJTNEJTIyaGVhZGVyLXBhZ2UlMjBibG9nLWhlYWRlci1ncmlkJTIyJTIwc3R5bGUlM0QlMjJiYWNrZ3JvdW5kLWltYWdlJTNBJTIwdXJsJTI4aHR0cCUzQSUyRiUyRnd3dy5tbGF3b3JsZC5jb20lMkZibG9nJTJGd3AtY29udGVudCUyRnVwbG9hZHMlMkYyMDE2JTJGMTElMkZsZXRzLXdvcmstdG9nZXRoZXIuanBnJTI5JTIyJTNFJTBBJTNDZGl2JTIwY2xhc3MlM0QlMjJjb250YWluZXIlMjIlM0UlMEElM0NzcGFuJTIwY2xhc3MlM0QlMjJ0aXRsZS1wYWdlJTIyJTNFQXJiZWl0ZSUyMG1pdCUyMHVucyUzQyUyRnNwYW4lM0UlMEElM0MlMkZkaXYlM0UlMEElM0MlMkZzZWN0aW9uJTNF[\/vc_raw_html][\/vc_column][\/vc_row][vc_row full_width=&#8220;stretch_row_content_no_spaces_content&#8220;][vc_column][vc_column_text]Die Buchhandlung il libro ben\u00f6tigt derzeit keine Personalverst\u00e4rkung, ist aber immer bereit, Lebensl\u00e4ufe von Interessenten f\u00fcr eine eventuelle Zusammenarbeit in der Zukunft entgegenzunehmen. Da es sich bei il libro um eine in Fremdsprachen spezialisierte Buchhandlung handelt, sind folgende Eigenschaften wesentlich f\u00fcr das Personal: \u2022\u00a0Ausgezeichnete Fremdsprachenkenntnisse (unerl\u00e4sslich: Italienisch, Deutsch und Englisch) \u2022\u00a0Probleme eigenst\u00e4ndig l\u00f6sen&hellip;<\/p>\n","protected":false},"author":3,"featured_media":0,"parent":0,"menu_order":0,"comment_status":"closed","ping_status":"closed","template":"","meta":[],"yoast_head":"<!-- This site is optimized with the Yoast SEO plugin v17.2.1 - https:\/\/yoast.com\/wordpress\/plugins\/seo\/ -->\n<title>Arbeite mit uns - Il Libro - Libreria Internazionale<\/title>\n<meta name=\"robots\" content=\"index, follow, max-snippet:-1, max-image-preview:large, max-video-preview:-1\" \/>\n<link rel=\"canonical\" href=\"https:\/\/www.il-libro.it\/de\/arbeite-mit-uns\/\" \/>\n<meta property=\"og:locale\" content=\"de_DE\" \/>\n<meta property=\"og:type\" content=\"article\" \/>\n<meta property=\"og:title\" content=\"Arbeite mit uns - Il Libro - Libreria Internazionale\" \/>\n<meta property=\"og:description\" content=\"[vc_row full_width=&#8220;stretch_row_content_no_spaces&#8220;][vc_column][vc_raw_html]JTNDc2VjdGlvbiUyMGNsYXNzJTNEJTIyaGVhZGVyLXBhZ2UlMjBibG9nLWhlYWRlci1ncmlkJTIyJTIwc3R5bGUlM0QlMjJiYWNrZ3JvdW5kLWltYWdlJTNBJTIwdXJsJTI4aHR0cCUzQSUyRiUyRnd3dy5tbGF3b3JsZC5jb20lMkZibG9nJTJGd3AtY29udGVudCUyRnVwbG9hZHMlMkYyMDE2JTJGMTElMkZsZXRzLXdvcmstdG9nZXRoZXIuanBnJTI5JTIyJTNFJTBBJTNDZGl2JTIwY2xhc3MlM0QlMjJjb250YWluZXIlMjIlM0UlMEElM0NzcGFuJTIwY2xhc3MlM0QlMjJ0aXRsZS1wYWdlJTIyJTNFQXJiZWl0ZSUyMG1pdCUyMHVucyUzQyUyRnNwYW4lM0UlMEElM0MlMkZkaXYlM0UlMEElM0MlMkZzZWN0aW9uJTNF[\/vc_raw_html][\/vc_column][\/vc_row][vc_row full_width=&#8220;stretch_row_content_no_spaces_content&#8220;][vc_column][vc_column_text]Die Buchhandlung il libro ben\u00f6tigt derzeit keine Personalverst\u00e4rkung, ist aber immer bereit, Lebensl\u00e4ufe von Interessenten f\u00fcr eine eventuelle Zusammenarbeit in der Zukunft entgegenzunehmen. Da es sich bei il libro um eine in Fremdsprachen spezialisierte Buchhandlung handelt, sind folgende Eigenschaften wesentlich f\u00fcr das Personal: \u2022\u00a0Ausgezeichnete Fremdsprachenkenntnisse (unerl\u00e4sslich: Italienisch, Deutsch und Englisch) \u2022\u00a0Probleme eigenst\u00e4ndig l\u00f6sen&hellip;\" \/>\n<meta property=\"og:url\" content=\"https:\/\/www.il-libro.it\/de\/arbeite-mit-uns\/\" \/>\n<meta property=\"og:site_name\" content=\"Il Libro - Libreria Internazionale\" \/>\n<meta property=\"article:publisher\" content=\"https:\/\/www.facebook.com\/IL-LIBRO-Libreria-Internazionale-2127680667458029\/?fref=ts\" \/>\n<meta property=\"article:modified_time\" content=\"2019-01-18T10:28:23+00:00\" \/>\n<meta name=\"twitter:card\" content=\"summary_large_image\" \/>\n<meta name=\"twitter:label1\" content=\"Gesch\u00e4tzte Lesezeit\" \/>\n\t<meta name=\"twitter:data1\" content=\"1 Minute\" \/>\n<script type=\"application\/ld+json\" class=\"yoast-schema-graph\">{\"@context\":\"https:\/\/schema.org\",\"@graph\":[{\"@type\":\"Organization\",\"@id\":\"https:\/\/www.il-libro.it\/#organization\",\"name\":\"il libro libreria internazionale\",\"url\":\"https:\/\/www.il-libro.it\/\",\"sameAs\":[\"https:\/\/www.facebook.com\/IL-LIBRO-Libreria-Internazionale-2127680667458029\/?fref=ts\",\"https:\/\/www.instagram.com\/il.libro.internazionale\/\"],\"logo\":{\"@type\":\"ImageObject\",\"@id\":\"https:\/\/www.il-libro.it\/#logo\",\"inLanguage\":\"de-DE\",\"url\":\"https:\/\/www.il-libro.it\/wp-content\/uploads\/2017\/03\/logo.png\",\"contentUrl\":\"https:\/\/www.il-libro.it\/wp-content\/uploads\/2017\/03\/logo.png\",\"width\":180,\"height\":90,\"caption\":\"il libro libreria internazionale\"},\"image\":{\"@id\":\"https:\/\/www.il-libro.it\/#logo\"}},{\"@type\":\"WebSite\",\"@id\":\"https:\/\/www.il-libro.it\/#website\",\"url\":\"https:\/\/www.il-libro.it\/\",\"name\":\"Il Libro - Libreria Internazionale\",\"description\":\"Benvenuti nella libreria internazionale\",\"publisher\":{\"@id\":\"https:\/\/www.il-libro.it\/#organization\"},\"potentialAction\":[{\"@type\":\"SearchAction\",\"target\":{\"@type\":\"EntryPoint\",\"urlTemplate\":\"https:\/\/www.il-libro.it\/?s={search_term_string}\"},\"query-input\":\"required name=search_term_string\"}],\"inLanguage\":\"de-DE\"},{\"@type\":\"WebPage\",\"@id\":\"https:\/\/www.il-libro.it\/de\/arbeite-mit-uns\/#webpage\",\"url\":\"https:\/\/www.il-libro.it\/de\/arbeite-mit-uns\/\",\"name\":\"Arbeite mit uns - Il Libro - Libreria Internazionale\",\"isPartOf\":{\"@id\":\"https:\/\/www.il-libro.it\/#website\"},\"datePublished\":\"2019-01-18T10:25:37+00:00\",\"dateModified\":\"2019-01-18T10:28:23+00:00\",\"breadcrumb\":{\"@id\":\"https:\/\/www.il-libro.it\/de\/arbeite-mit-uns\/#breadcrumb\"},\"inLanguage\":\"de-DE\",\"potentialAction\":[{\"@type\":\"ReadAction\",\"target\":[\"https:\/\/www.il-libro.it\/de\/arbeite-mit-uns\/\"]}]},{\"@type\":\"BreadcrumbList\",\"@id\":\"https:\/\/www.il-libro.it\/de\/arbeite-mit-uns\/#breadcrumb\",\"itemListElement\":[{\"@type\":\"ListItem\",\"position\":1,\"name\":\"Home\",\"item\":\"https:\/\/www.il-libro.it\/de\/\"},{\"@type\":\"ListItem\",\"position\":2,\"name\":\"Arbeite mit uns\"}]}]}<\/script>\n<!-- \/ Yoast SEO plugin. -->","yoast_head_json":{"title":"Arbeite mit uns - Il Libro - Libreria Internazionale","robots":{"index":"index","follow":"follow","max-snippet":"max-snippet:-1","max-image-preview":"max-image-preview:large","max-video-preview":"max-video-preview:-1"},"canonical":"https:\/\/www.il-libro.it\/de\/arbeite-mit-uns\/","og_locale":"de_DE","og_type":"article","og_title":"Arbeite mit uns - Il Libro - Libreria Internazionale","og_description":"[vc_row full_width=&#8220;stretch_row_content_no_spaces&#8220;][vc_column][vc_raw_html]JTNDc2VjdGlvbiUyMGNsYXNzJTNEJTIyaGVhZGVyLXBhZ2UlMjBibG9nLWhlYWRlci1ncmlkJTIyJTIwc3R5bGUlM0QlMjJiYWNrZ3JvdW5kLWltYWdlJTNBJTIwdXJsJTI4aHR0cCUzQSUyRiUyRnd3dy5tbGF3b3JsZC5jb20lMkZibG9nJTJGd3AtY29udGVudCUyRnVwbG9hZHMlMkYyMDE2JTJGMTElMkZsZXRzLXdvcmstdG9nZXRoZXIuanBnJTI5JTIyJTNFJTBBJTNDZGl2JTIwY2xhc3MlM0QlMjJjb250YWluZXIlMjIlM0UlMEElM0NzcGFuJTIwY2xhc3MlM0QlMjJ0aXRsZS1wYWdlJTIyJTNFQXJiZWl0ZSUyMG1pdCUyMHVucyUzQyUyRnNwYW4lM0UlMEElM0MlMkZkaXYlM0UlMEElM0MlMkZzZWN0aW9uJTNF[\/vc_raw_html][\/vc_column][\/vc_row][vc_row full_width=&#8220;stretch_row_content_no_spaces_content&#8220;][vc_column][vc_column_text]Die Buchhandlung il libro ben\u00f6tigt derzeit keine Personalverst\u00e4rkung, ist aber immer bereit, Lebensl\u00e4ufe von Interessenten f\u00fcr eine eventuelle Zusammenarbeit in der Zukunft entgegenzunehmen. Da es sich bei il libro um eine in Fremdsprachen spezialisierte Buchhandlung handelt, sind folgende Eigenschaften wesentlich f\u00fcr das Personal: \u2022\u00a0Ausgezeichnete Fremdsprachenkenntnisse (unerl\u00e4sslich: Italienisch, Deutsch und Englisch) \u2022\u00a0Probleme eigenst\u00e4ndig l\u00f6sen&hellip;","og_url":"https:\/\/www.il-libro.it\/de\/arbeite-mit-uns\/","og_site_name":"Il Libro - Libreria Internazionale","article_publisher":"https:\/\/www.facebook.com\/IL-LIBRO-Libreria-Internazionale-2127680667458029\/?fref=ts","article_modified_time":"2019-01-18T10:28:23+00:00","twitter_card":"summary_large_image","twitter_misc":{"Gesch\u00e4tzte Lesezeit":"1 Minute"},"schema":{"@context":"https:\/\/schema.org","@graph":[{"@type":"Organization","@id":"https:\/\/www.il-libro.it\/#organization","name":"il libro libreria internazionale","url":"https:\/\/www.il-libro.it\/","sameAs":["https:\/\/www.facebook.com\/IL-LIBRO-Libreria-Internazionale-2127680667458029\/?fref=ts","https:\/\/www.instagram.com\/il.libro.internazionale\/"],"logo":{"@type":"ImageObject","@id":"https:\/\/www.il-libro.it\/#logo","inLanguage":"de-DE","url":"https:\/\/www.il-libro.it\/wp-content\/uploads\/2017\/03\/logo.png","contentUrl":"https:\/\/www.il-libro.it\/wp-content\/uploads\/2017\/03\/logo.png","width":180,"height":90,"caption":"il libro libreria internazionale"},"image":{"@id":"https:\/\/www.il-libro.it\/#logo"}},{"@type":"WebSite","@id":"https:\/\/www.il-libro.it\/#website","url":"https:\/\/www.il-libro.it\/","name":"Il Libro - Libreria Internazionale","description":"Benvenuti nella libreria internazionale","publisher":{"@id":"https:\/\/www.il-libro.it\/#organization"},"potentialAction":[{"@type":"SearchAction","target":{"@type":"EntryPoint","urlTemplate":"https:\/\/www.il-libro.it\/?s={search_term_string}"},"query-input":"required name=search_term_string"}],"inLanguage":"de-DE"},{"@type":"WebPage","@id":"https:\/\/www.il-libro.it\/de\/arbeite-mit-uns\/#webpage","url":"https:\/\/www.il-libro.it\/de\/arbeite-mit-uns\/","name":"Arbeite mit uns - Il Libro - Libreria Internazionale","isPartOf":{"@id":"https:\/\/www.il-libro.it\/#website"},"datePublished":"2019-01-18T10:25:37+00:00","dateModified":"2019-01-18T10:28:23+00:00","breadcrumb":{"@id":"https:\/\/www.il-libro.it\/de\/arbeite-mit-uns\/#breadcrumb"},"inLanguage":"de-DE","potentialAction":[{"@type":"ReadAction","target":["https:\/\/www.il-libro.it\/de\/arbeite-mit-uns\/"]}]},{"@type":"BreadcrumbList","@id":"https:\/\/www.il-libro.it\/de\/arbeite-mit-uns\/#breadcrumb","itemListElement":[{"@type":"ListItem","position":1,"name":"Home","item":"https:\/\/www.il-libro.it\/de\/"},{"@type":"ListItem","position":2,"name":"Arbeite mit uns"}]}]}},"_links":{"self":[{"href":"https:\/\/www.il-libro.it\/de\/wp-json\/wp\/v2\/pages\/61958"}],"collection":[{"href":"https:\/\/www.il-libro.it\/de\/wp-json\/wp\/v2\/pages"}],"about":[{"href":"https:\/\/www.il-libro.it\/de\/wp-json\/wp\/v2\/types\/page"}],"author":[{"embeddable":true,"href":"https:\/\/www.il-libro.it\/de\/wp-json\/wp\/v2\/users\/3"}],"replies":[{"embeddable":true,"href":"https:\/\/www.il-libro.it\/de\/wp-json\/wp\/v2\/comments?post=61958"}],"version-history":[{"count":0,"href":"https:\/\/www.il-libro.it\/de\/wp-json\/wp\/v2\/pages\/61958\/revisions"}],"wp:attachment":[{"href":"https:\/\/www.il-libro.it\/de\/wp-json\/wp\/v2\/media?parent=61958"}],"curies":[{"name":"wp","href":"https:\/\/api.w.org\/{rel}","templated":true}]}}