{"id":9494,"date":"2017-10-13T18:13:35","date_gmt":"2017-10-13T16:13:35","guid":{"rendered":"http:\/\/www.il-libro.it\/?page_id=9494"},"modified":"2019-05-08T16:20:14","modified_gmt":"2019-05-08T14:20:14","slug":"ueber-uns","status":"publish","type":"page","link":"https:\/\/www.il-libro.it\/de\/ueber-uns\/","title":{"rendered":"\u00dcber uns"},"content":{"rendered":"<p>[vc_row full_width=&#8220;stretch_row_content_no_spaces&#8220; css=&#8220;.vc_custom_1501071941171{background-position: center !important;background-repeat: no-repeat !important;background-size: cover !important;}&#8220;][vc_column][vc_raw_html]JTNDc2VjdGlvbiUyMGNsYXNzJTNEJTIyaGVhZGVyLXBhZ2UlMjBibG9nLWhlYWRlci1ncmlkJTIyJTIwc3R5bGUlM0QlMjJiYWNrZ3JvdW5kLWltYWdlJTNBJTIwdXJsJTI4aHR0cCUzQSUyRiUyRnd3dy5pbC1saWJyby5pdCUyRndwLWNvbnRlbnQlMkZ1cGxvYWRzJTJGMjAxNyUyRjA5JTJGY2hpLXNpYW1vLmpwZWclMjklMjIlM0UlMEElMDklM0NkaXYlMjBjbGFzcyUzRCUyMmNvbnRhaW5lciUyMiUzRSUwQSUwOSUwOSUzQ3NwYW4lMjBjbGFzcyUzRCUyMnRpdGxlLXBhZ2UlMjIlM0UlQzMlOUNiZXIlMjB1bnMlM0MlMkZzcGFuJTNFJTBBJTA5JTNDJTJGZGl2JTNFJTBBJTNDJTJGc2VjdGlvbiUzRQ==[\/vc_raw_html][\/vc_column][\/vc_row][vc_row full_width=&#8220;stretch_row_content_no_spaces_content&#8220; css=&#8220;.vc_custom_1501149072528{margin-bottom: 20px !important;}&#8220;][vc_column width=&#8220;1\/4&#8243;][vc_single_image image=&#8220;9478&#8243; img_size=&#8220;medium&#8220;][\/vc_column][vc_column width=&#8220;3\/4&#8243; css=&#8220;.vc_custom_1505381511158{padding-top: 70px !important;padding-left: 20px !important;}&#8220;][vc_column_text]<b>\u00dcber uns<\/b><\/p>\n<table style=\"margin: 0px; padding: 0px; border: 0px; outline: 0px; font-size: 11px; background-image: initial; background-position: initial; background-size: initial; background-repeat: initial; background-attachment: initial; background-origin: initial; background-clip: initial; border-collapse: collapse; border-spacing: 0px; empty-cells: show; color: #2c2c2f; font-family: 'Segoe UI', 'Lucida Grande', Tahoma, Arial, sans-serif; width: 740px;\" border=\"0\">\n<tbody style=\"margin: 0px; padding: 0px; border: 0px; outline: 0px; background: transparent;\">\n<tr style=\"margin: 0px; padding: 0px; border: 0px; outline: 0px; background: transparent;\">\n<td style=\"margin: 0px; padding: 1px; border: 0px; outline: 0px; font-size: 11px; background: transparent; width: 300px;\" valign=\"top\">\n<p style=\"margin: 1em 0px; padding: 0px; border: 0px; outline: 0px; background: transparent;\"><span style=\"margin: 0px; padding: 0px; border: 0px; outline: 0px; font-size: 10pt; background: transparent;\">Die internationale Buchhandlung<strong style=\"margin: 0px; padding: 0px; border: 0px; outline: 0px; background: transparent;\">\u00a0il libro<\/strong>\u00a0mit Sitz in Mailand in der Via Ozanam 11 (U-Bahnhaltestelle Lima, in der N\u00e4he von Corso Buenos Aires) ist spezialisiert in Fremdsprachen.<\/span><\/p>\n<\/td>\n<\/tr>\n<\/tbody>\n<\/table>\n<p>[\/vc_column_text][\/vc_column][\/vc_row][vc_row full_width=&#8220;stretch_row_content_no_spaces_content&#8220; css=&#8220;.vc_custom_1501149102222{margin-bottom: 20px !important;}&#8220;][vc_column width=&#8220;3\/4&#8243; css=&#8220;.vc_custom_1501149170721{padding-top: 20px !important;padding-right: 20px !important;padding-bottom: 20px !important;padding-left: 20px !important;}&#8220;][vc_column_text]<strong>Die Geschichte der Buchhandlung<\/strong><\/p>\n<p>Mit der Gr\u00fcndung 1978 verfolgte Margherita Brighenti das Ziel, eine deutsche Buchhandlung zu er\u00f6ffnen, um die beiden deutschsprachigen Schulen Mailands mit Schulb\u00fcchern zu versorgen. Mit den Jahren hat sich der B\u00fccherkatalog erweitert, indem der didaktische Sektor anderer europ\u00e4ischer Sprachen aufgenommen wurde. Der Umzug der Buchhandlung von Via Ozanam 3 in die Nummer 11 und die damit verbundene Vergr\u00f6\u00dferung der Ausstellungsfl\u00e4che erlauben die Leistung der auch heute bedeutungsvollen Buchhandlung mit immer mehr spezialisierten Bereichen. Heutzutage bietet il libro einen Bezugspunkt f\u00fcr all diejenigen, die an der Didaktik und am Erlernen von Fremdsprachen interessiert sind.[\/vc_column_text][\/vc_column][vc_column width=&#8220;1\/4&#8243;][vc_single_image image=&#8220;9477&#8243; img_size=&#8220;medium&#8220;][vc_column_text]<em>Margherita Brighenti, die Gr\u00fcnderin<\/em>[\/vc_column_text][\/vc_column][\/vc_row][vc_row full_width=&#8220;stretch_row_content_no_spaces_content&#8220; css=&#8220;.vc_custom_1501149126835{margin-bottom: 20px !important;}&#8220;][vc_column width=&#8220;1\/4&#8243; css=&#8220;.vc_custom_1501149337078{padding-top: 20px !important;padding-right: 20px !important;padding-bottom: 20px !important;padding-left: 20px !important;}&#8220;][vc_single_image image=&#8220;9476&#8243; img_size=&#8220;medium&#8220;][\/vc_column][vc_column width=&#8220;3\/4&#8243; css=&#8220;.vc_custom_1501149342438{padding-top: 20px !important;padding-right: 20px !important;padding-bottom: 20px !important;padding-left: 20px !important;}&#8220;][vc_column_text]<strong>Unser Angebot\u00a0<\/strong><\/p>\n<p>Die derzeitig dem Publikum zug\u00e4nglichen 250 qm Fl\u00e4che bieten eine breite Skala an W\u00f6rterb\u00fcchern und Lekt\u00fcren, flankiert von Sprachkursen, sowohl klassische als auch f\u00fcr Autodidakten. Das mehrsprachige Personal von il libro beantwortet die unterschiedlichsten Anfragen einer Kundschaft, die aus Kindern und Erwachsenen besteht, und immer heterogener und internationaler wird.<\/p>\n<p>&nbsp;<\/p>\n<p>Die Buchhandlung ist in Sprachsektoren aufgeteilt und kann sich r\u00fchmen, \u00fcber ein sehr spezialisiertes Personal zu verf\u00fcgen, welches in der Lage ist, pers\u00f6nliche didaktische Beratung anzubieten. Jeder Sektionsverantwortliche (Deutsch, Italienisch als Fremdsprache, Franz\u00f6sisch, Spanisch und Englisch) ist stets auf dem aktuellen Stand der Verlagsneuerscheinungen, um den Kunden die passenden Materialien vorzustellen.[\/vc_column_text][\/vc_column][\/vc_row][vc_row full_width=&#8220;stretch_row_content_no_spaces_content&#8220;][vc_column width=&#8220;3\/4&#8243; css=&#8220;.vc_custom_1501149605367{padding-top: 20px !important;padding-right: 20px !important;padding-bottom: 20px !important;padding-left: 20px !important;}&#8220;][vc_column_text]<strong style=\"margin: 0px; padding: 0px; border: 0px; outline: 0px; background-image: initial; background-position: initial; background-size: initial; background-repeat: initial; background-attachment: initial; background-origin: initial; background-clip: initial; color: #2c2c2f; font-family: 'Segoe UI', 'Lucida Grande', Tahoma, Arial, sans-serif;\"><span style=\"margin: 0px; padding: 0px; border: 0px; outline: 0px; background: transparent; color: #003a80;\">Die Buchhandlung il libro bietet auch noch:<\/span><\/strong><\/p>\n<div>\n<ul>\n<li>Newsletter service<\/li>\n<li>Bibliographische Recherchen, sowohl im europ\u00e4ischen wie au\u00dfereurop\u00e4ischen Bereich<\/li>\n<li>Internationale Zeitungen und Zeitschriften sowie Abonnements derselben<\/li>\n<li>Schreibmaterial f\u00fcr die Deutsche Schule Mailand<\/li>\n<li>Schulranzen von SCOUT<\/li>\n<li>Adventskalender<\/li>\n<\/ul>\n<\/div>\n<p>[\/vc_column_text][\/vc_column][vc_column width=&#8220;1\/4&#8243; css=&#8220;.vc_custom_1501149449689{padding-top: 20px !important;padding-right: 20px !important;padding-bottom: 20px !important;padding-left: 20px !important;}&#8220;][vc_single_image image=&#8220;9488&#8243; img_size=&#8220;medium&#8220; css=&#8220;.vc_custom_1553531062012{margin-bottom: 20px !important;}&#8220;][vc_single_image image=&#8220;9475&#8243; img_size=&#8220;medium&#8220;][\/vc_column][\/vc_row][vc_row full_width=&#8220;stretch_row_content_no_spaces_content&#8220;][vc_column width=&#8220;1\/4&#8243; css=&#8220;.vc_custom_1501149512342{padding-top: 20px !important;padding-right: 20px !important;padding-bottom: 20px !important;padding-left: 20px !important;}&#8220;][vc_single_image image=&#8220;9474&#8243; img_size=&#8220;full&#8220;][\/vc_column][vc_column width=&#8220;3\/4&#8243; css=&#8220;.vc_custom_1501149493100{padding-top: 20px !important;padding-right: 20px !important;padding-bottom: 20px !important;padding-left: 20px !important;}&#8220;][vc_column_text]<strong style=\"margin: 0px; padding: 0px; border: 0px; outline: 0px; background-image: initial; background-position: initial; background-size: initial; background-repeat: initial; background-attachment: initial; background-origin: initial; background-clip: initial; color: #003a80; font-family: 'Segoe UI', 'Lucida Grande', Tahoma, Arial, sans-serif;\"><strong style=\"margin: 0px; padding: 0px; border: 0px; outline: 0px; background: transparent;\"><strong style=\"margin: 0px; padding: 0px; border: 0px; outline: 0px; background: transparent;\"><strong style=\"margin: 0px; padding: 0px; border: 0px; outline: 0px; background: transparent;\">Events und Abende<\/strong><\/strong><\/strong><\/strong><br \/>\nIm monatlichen Rhythmus finden Literaturtreffen mit freiem Zutritt statt. Bei diesen Treffen besprechen die Teilnehmer in Originalsprache ein Buch. Die Literaturtreffen beginnen immer um 19 Uhr; der Termin wird jedes Mal mit den Teilnehmern abgesprochen.<\/p>\n<p><strong>Im derzeitigen Programm:<\/strong><br \/>\nNehmen Sie an unseren <a href=\"http:\/\/www.il-libro.it\/#incontri_letterari\">LITERARISCHEN HAPPY HOUR<\/a> teil. Schauen Sie unseren Programm an.<\/p>\n<p><strong>Didaktische Ausstellung<\/strong><\/p>\n<p>Jedes Jahr, zwischen April und Mai, findet die\u00a0<a href=\"https:\/\/www.il-libro.it\/de\/didaktische-ausstellung\/\" target=\"_self\" rel=\"noopener noreferrer\"><strong>DIDAKTISCHE AUSSTELLUNG<\/strong><\/a> f\u00fcr Sprachlehrer statt. Hier wird die M\u00f6glichkeit geboten, Verlagsneuerscheinungen zu entdecken: Die Neuheiten der letzten Monate liegen sowohl zur Ansicht als auch zum Verkauf aus. Zudem finden Pr\u00e4sentationen und Workshops von verschiedenen Verlagen aus dem In- und Ausland statt.[\/vc_column_text][\/vc_column][\/vc_row][vc_row][vc_column][vc_empty_space][\/vc_column][\/vc_row]<\/p>\n","protected":false},"excerpt":{"rendered":"<p>[vc_row full_width=&#8220;stretch_row_content_no_spaces&#8220; css=&#8220;.vc_custom_1501071941171{background-position: center !important;background-repeat: no-repeat !important;background-size: cover !important;}&#8220;][vc_column][vc_raw_html]JTNDc2VjdGlvbiUyMGNsYXNzJTNEJTIyaGVhZGVyLXBhZ2UlMjBibG9nLWhlYWRlci1ncmlkJTIyJTIwc3R5bGUlM0QlMjJiYWNrZ3JvdW5kLWltYWdlJTNBJTIwdXJsJTI4aHR0cCUzQSUyRiUyRnd3dy5pbC1saWJyby5pdCUyRndwLWNvbnRlbnQlMkZ1cGxvYWRzJTJGMjAxNyUyRjA5JTJGY2hpLXNpYW1vLmpwZWclMjklMjIlM0UlMEElMDklM0NkaXYlMjBjbGFzcyUzRCUyMmNvbnRhaW5lciUyMiUzRSUwQSUwOSUwOSUzQ3NwYW4lMjBjbGFzcyUzRCUyMnRpdGxlLXBhZ2UlMjIlM0UlQzMlOUNiZXIlMjB1bnMlM0MlMkZzcGFuJTNFJTBBJTA5JTNDJTJGZGl2JTNFJTBBJTNDJTJGc2VjdGlvbiUzRQ==[\/vc_raw_html][\/vc_column][\/vc_row][vc_row full_width=&#8220;stretch_row_content_no_spaces_content&#8220; css=&#8220;.vc_custom_1501149072528{margin-bottom: 20px !important;}&#8220;][vc_column width=&#8220;1\/4&#8243;][vc_single_image image=&#8220;9478&#8243; img_size=&#8220;medium&#8220;][\/vc_column][vc_column width=&#8220;3\/4&#8243; css=&#8220;.vc_custom_1505381511158{padding-top: 70px !important;padding-left: 20px !important;}&#8220;][vc_column_text]\u00dcber uns Die internationale Buchhandlung\u00a0il libro\u00a0mit Sitz in Mailand in der Via Ozanam 11 (U-Bahnhaltestelle Lima, in der N\u00e4he von Corso Buenos Aires) ist spezialisiert in Fremdsprachen. [\/vc_column_text][\/vc_column][\/vc_row][vc_row full_width=&#8220;stretch_row_content_no_spaces_content&#8220; css=&#8220;.vc_custom_1501149102222{margin-bottom: 20px !important;}&#8220;][vc_column width=&#8220;3\/4&#8243; css=&#8220;.vc_custom_1501149170721{padding-top:&hellip;<\/p>\n","protected":false},"author":3,"featured_media":0,"parent":0,"menu_order":0,"comment_status":"closed","ping_status":"closed","template":"","meta":[],"yoast_head":"<!-- This site is optimized with the Yoast SEO plugin v17.2.1 - https:\/\/yoast.com\/wordpress\/plugins\/seo\/ -->\n<title>\u00dcber uns - Il Libro - Libreria Internazionale<\/title>\n<meta name=\"robots\" content=\"index, follow, max-snippet:-1, max-image-preview:large, max-video-preview:-1\" \/>\n<link rel=\"canonical\" href=\"https:\/\/www.il-libro.it\/de\/ueber-uns\/\" \/>\n<meta property=\"og:locale\" content=\"de_DE\" \/>\n<meta property=\"og:type\" content=\"article\" \/>\n<meta property=\"og:title\" content=\"\u00dcber uns - Il Libro - Libreria Internazionale\" \/>\n<meta property=\"og:description\" content=\"[vc_row full_width=&#8220;stretch_row_content_no_spaces&#8220; css=&#8220;.vc_custom_1501071941171{background-position: center !important;background-repeat: no-repeat !important;background-size: cover !important;}&#8220;][vc_column][vc_raw_html]JTNDc2VjdGlvbiUyMGNsYXNzJTNEJTIyaGVhZGVyLXBhZ2UlMjBibG9nLWhlYWRlci1ncmlkJTIyJTIwc3R5bGUlM0QlMjJiYWNrZ3JvdW5kLWltYWdlJTNBJTIwdXJsJTI4aHR0cCUzQSUyRiUyRnd3dy5pbC1saWJyby5pdCUyRndwLWNvbnRlbnQlMkZ1cGxvYWRzJTJGMjAxNyUyRjA5JTJGY2hpLXNpYW1vLmpwZWclMjklMjIlM0UlMEElMDklM0NkaXYlMjBjbGFzcyUzRCUyMmNvbnRhaW5lciUyMiUzRSUwQSUwOSUwOSUzQ3NwYW4lMjBjbGFzcyUzRCUyMnRpdGxlLXBhZ2UlMjIlM0UlQzMlOUNiZXIlMjB1bnMlM0MlMkZzcGFuJTNFJTBBJTA5JTNDJTJGZGl2JTNFJTBBJTNDJTJGc2VjdGlvbiUzRQ==[\/vc_raw_html][\/vc_column][\/vc_row][vc_row full_width=&#8220;stretch_row_content_no_spaces_content&#8220; css=&#8220;.vc_custom_1501149072528{margin-bottom: 20px !important;}&#8220;][vc_column width=&#8220;1\/4&#8243;][vc_single_image image=&#8220;9478&#8243; img_size=&#8220;medium&#8220;][\/vc_column][vc_column width=&#8220;3\/4&#8243; css=&#8220;.vc_custom_1505381511158{padding-top: 70px !important;padding-left: 20px !important;}&#8220;][vc_column_text]\u00dcber uns Die internationale Buchhandlung\u00a0il libro\u00a0mit Sitz in Mailand in der Via Ozanam 11 (U-Bahnhaltestelle Lima, in der N\u00e4he von Corso Buenos Aires) ist spezialisiert in Fremdsprachen. [\/vc_column_text][\/vc_column][\/vc_row][vc_row full_width=&#8220;stretch_row_content_no_spaces_content&#8220; css=&#8220;.vc_custom_1501149102222{margin-bottom: 20px !important;}&#8220;][vc_column width=&#8220;3\/4&#8243; css=&#8220;.vc_custom_1501149170721{padding-top:&hellip;\" \/>\n<meta property=\"og:url\" content=\"https:\/\/www.il-libro.it\/de\/ueber-uns\/\" \/>\n<meta property=\"og:site_name\" content=\"Il Libro - Libreria Internazionale\" \/>\n<meta property=\"article:publisher\" content=\"https:\/\/www.facebook.com\/IL-LIBRO-Libreria-Internazionale-2127680667458029\/?fref=ts\" \/>\n<meta property=\"article:modified_time\" content=\"2019-05-08T14:20:14+00:00\" \/>\n<meta name=\"twitter:card\" content=\"summary_large_image\" \/>\n<meta name=\"twitter:label1\" content=\"Gesch\u00e4tzte Lesezeit\" \/>\n\t<meta name=\"twitter:data1\" content=\"4 Minuten\" \/>\n<script type=\"application\/ld+json\" class=\"yoast-schema-graph\">{\"@context\":\"https:\/\/schema.org\",\"@graph\":[{\"@type\":\"Organization\",\"@id\":\"https:\/\/www.il-libro.it\/#organization\",\"name\":\"il libro libreria internazionale\",\"url\":\"https:\/\/www.il-libro.it\/\",\"sameAs\":[\"https:\/\/www.facebook.com\/IL-LIBRO-Libreria-Internazionale-2127680667458029\/?fref=ts\",\"https:\/\/www.instagram.com\/il.libro.internazionale\/\"],\"logo\":{\"@type\":\"ImageObject\",\"@id\":\"https:\/\/www.il-libro.it\/#logo\",\"inLanguage\":\"de-DE\",\"url\":\"https:\/\/www.il-libro.it\/wp-content\/uploads\/2017\/03\/logo.png\",\"contentUrl\":\"https:\/\/www.il-libro.it\/wp-content\/uploads\/2017\/03\/logo.png\",\"width\":180,\"height\":90,\"caption\":\"il libro libreria internazionale\"},\"image\":{\"@id\":\"https:\/\/www.il-libro.it\/#logo\"}},{\"@type\":\"WebSite\",\"@id\":\"https:\/\/www.il-libro.it\/#website\",\"url\":\"https:\/\/www.il-libro.it\/\",\"name\":\"Il Libro - Libreria Internazionale\",\"description\":\"Benvenuti nella libreria internazionale\",\"publisher\":{\"@id\":\"https:\/\/www.il-libro.it\/#organization\"},\"potentialAction\":[{\"@type\":\"SearchAction\",\"target\":{\"@type\":\"EntryPoint\",\"urlTemplate\":\"https:\/\/www.il-libro.it\/?s={search_term_string}\"},\"query-input\":\"required name=search_term_string\"}],\"inLanguage\":\"de-DE\"},{\"@type\":\"WebPage\",\"@id\":\"https:\/\/www.il-libro.it\/de\/ueber-uns\/#webpage\",\"url\":\"https:\/\/www.il-libro.it\/de\/ueber-uns\/\",\"name\":\"\\u00dcber uns - Il Libro - Libreria Internazionale\",\"isPartOf\":{\"@id\":\"https:\/\/www.il-libro.it\/#website\"},\"datePublished\":\"2017-10-13T16:13:35+00:00\",\"dateModified\":\"2019-05-08T14:20:14+00:00\",\"breadcrumb\":{\"@id\":\"https:\/\/www.il-libro.it\/de\/ueber-uns\/#breadcrumb\"},\"inLanguage\":\"de-DE\",\"potentialAction\":[{\"@type\":\"ReadAction\",\"target\":[\"https:\/\/www.il-libro.it\/de\/ueber-uns\/\"]}]},{\"@type\":\"BreadcrumbList\",\"@id\":\"https:\/\/www.il-libro.it\/de\/ueber-uns\/#breadcrumb\",\"itemListElement\":[{\"@type\":\"ListItem\",\"position\":1,\"name\":\"Home\",\"item\":\"https:\/\/www.il-libro.it\/de\/\"},{\"@type\":\"ListItem\",\"position\":2,\"name\":\"\\u00dcber uns\"}]}]}<\/script>\n<!-- \/ Yoast SEO plugin. -->","yoast_head_json":{"title":"\u00dcber uns - Il Libro - Libreria Internazionale","robots":{"index":"index","follow":"follow","max-snippet":"max-snippet:-1","max-image-preview":"max-image-preview:large","max-video-preview":"max-video-preview:-1"},"canonical":"https:\/\/www.il-libro.it\/de\/ueber-uns\/","og_locale":"de_DE","og_type":"article","og_title":"\u00dcber uns - Il Libro - Libreria Internazionale","og_description":"[vc_row full_width=&#8220;stretch_row_content_no_spaces&#8220; css=&#8220;.vc_custom_1501071941171{background-position: center !important;background-repeat: no-repeat !important;background-size: cover !important;}&#8220;][vc_column][vc_raw_html]JTNDc2VjdGlvbiUyMGNsYXNzJTNEJTIyaGVhZGVyLXBhZ2UlMjBibG9nLWhlYWRlci1ncmlkJTIyJTIwc3R5bGUlM0QlMjJiYWNrZ3JvdW5kLWltYWdlJTNBJTIwdXJsJTI4aHR0cCUzQSUyRiUyRnd3dy5pbC1saWJyby5pdCUyRndwLWNvbnRlbnQlMkZ1cGxvYWRzJTJGMjAxNyUyRjA5JTJGY2hpLXNpYW1vLmpwZWclMjklMjIlM0UlMEElMDklM0NkaXYlMjBjbGFzcyUzRCUyMmNvbnRhaW5lciUyMiUzRSUwQSUwOSUwOSUzQ3NwYW4lMjBjbGFzcyUzRCUyMnRpdGxlLXBhZ2UlMjIlM0UlQzMlOUNiZXIlMjB1bnMlM0MlMkZzcGFuJTNFJTBBJTA5JTNDJTJGZGl2JTNFJTBBJTNDJTJGc2VjdGlvbiUzRQ==[\/vc_raw_html][\/vc_column][\/vc_row][vc_row full_width=&#8220;stretch_row_content_no_spaces_content&#8220; css=&#8220;.vc_custom_1501149072528{margin-bottom: 20px !important;}&#8220;][vc_column width=&#8220;1\/4&#8243;][vc_single_image image=&#8220;9478&#8243; img_size=&#8220;medium&#8220;][\/vc_column][vc_column width=&#8220;3\/4&#8243; css=&#8220;.vc_custom_1505381511158{padding-top: 70px !important;padding-left: 20px !important;}&#8220;][vc_column_text]\u00dcber uns Die internationale Buchhandlung\u00a0il libro\u00a0mit Sitz in Mailand in der Via Ozanam 11 (U-Bahnhaltestelle Lima, in der N\u00e4he von Corso Buenos Aires) ist spezialisiert in Fremdsprachen. [\/vc_column_text][\/vc_column][\/vc_row][vc_row full_width=&#8220;stretch_row_content_no_spaces_content&#8220; css=&#8220;.vc_custom_1501149102222{margin-bottom: 20px !important;}&#8220;][vc_column width=&#8220;3\/4&#8243; css=&#8220;.vc_custom_1501149170721{padding-top:&hellip;","og_url":"https:\/\/www.il-libro.it\/de\/ueber-uns\/","og_site_name":"Il Libro - Libreria Internazionale","article_publisher":"https:\/\/www.facebook.com\/IL-LIBRO-Libreria-Internazionale-2127680667458029\/?fref=ts","article_modified_time":"2019-05-08T14:20:14+00:00","twitter_card":"summary_large_image","twitter_misc":{"Gesch\u00e4tzte Lesezeit":"4 Minuten"},"schema":{"@context":"https:\/\/schema.org","@graph":[{"@type":"Organization","@id":"https:\/\/www.il-libro.it\/#organization","name":"il libro libreria internazionale","url":"https:\/\/www.il-libro.it\/","sameAs":["https:\/\/www.facebook.com\/IL-LIBRO-Libreria-Internazionale-2127680667458029\/?fref=ts","https:\/\/www.instagram.com\/il.libro.internazionale\/"],"logo":{"@type":"ImageObject","@id":"https:\/\/www.il-libro.it\/#logo","inLanguage":"de-DE","url":"https:\/\/www.il-libro.it\/wp-content\/uploads\/2017\/03\/logo.png","contentUrl":"https:\/\/www.il-libro.it\/wp-content\/uploads\/2017\/03\/logo.png","width":180,"height":90,"caption":"il libro libreria internazionale"},"image":{"@id":"https:\/\/www.il-libro.it\/#logo"}},{"@type":"WebSite","@id":"https:\/\/www.il-libro.it\/#website","url":"https:\/\/www.il-libro.it\/","name":"Il Libro - Libreria Internazionale","description":"Benvenuti nella libreria internazionale","publisher":{"@id":"https:\/\/www.il-libro.it\/#organization"},"potentialAction":[{"@type":"SearchAction","target":{"@type":"EntryPoint","urlTemplate":"https:\/\/www.il-libro.it\/?s={search_term_string}"},"query-input":"required name=search_term_string"}],"inLanguage":"de-DE"},{"@type":"WebPage","@id":"https:\/\/www.il-libro.it\/de\/ueber-uns\/#webpage","url":"https:\/\/www.il-libro.it\/de\/ueber-uns\/","name":"\u00dcber uns - Il Libro - Libreria Internazionale","isPartOf":{"@id":"https:\/\/www.il-libro.it\/#website"},"datePublished":"2017-10-13T16:13:35+00:00","dateModified":"2019-05-08T14:20:14+00:00","breadcrumb":{"@id":"https:\/\/www.il-libro.it\/de\/ueber-uns\/#breadcrumb"},"inLanguage":"de-DE","potentialAction":[{"@type":"ReadAction","target":["https:\/\/www.il-libro.it\/de\/ueber-uns\/"]}]},{"@type":"BreadcrumbList","@id":"https:\/\/www.il-libro.it\/de\/ueber-uns\/#breadcrumb","itemListElement":[{"@type":"ListItem","position":1,"name":"Home","item":"https:\/\/www.il-libro.it\/de\/"},{"@type":"ListItem","position":2,"name":"\u00dcber uns"}]}]}},"_links":{"self":[{"href":"https:\/\/www.il-libro.it\/de\/wp-json\/wp\/v2\/pages\/9494"}],"collection":[{"href":"https:\/\/www.il-libro.it\/de\/wp-json\/wp\/v2\/pages"}],"about":[{"href":"https:\/\/www.il-libro.it\/de\/wp-json\/wp\/v2\/types\/page"}],"author":[{"embeddable":true,"href":"https:\/\/www.il-libro.it\/de\/wp-json\/wp\/v2\/users\/3"}],"replies":[{"embeddable":true,"href":"https:\/\/www.il-libro.it\/de\/wp-json\/wp\/v2\/comments?post=9494"}],"version-history":[{"count":0,"href":"https:\/\/www.il-libro.it\/de\/wp-json\/wp\/v2\/pages\/9494\/revisions"}],"wp:attachment":[{"href":"https:\/\/www.il-libro.it\/de\/wp-json\/wp\/v2\/media?parent=9494"}],"curies":[{"name":"wp","href":"https:\/\/api.w.org\/{rel}","templated":true}]}}