{"id":17919,"date":"2017-04-05T12:54:29","date_gmt":"2017-04-05T12:54:29","guid":{"rendered":"http:\/\/www.il-libro.it\/links-utili\/"},"modified":"2019-03-27T13:39:43","modified_gmt":"2019-03-27T12:39:43","slug":"current-favourits","status":"publish","type":"page","link":"https:\/\/www.il-libro.it\/en\/current-favourits\/","title":{"rendered":"Current favourits"},"content":{"rendered":"<p>[vc_row full_width=&#8221;stretch_row_content_no_spaces_content&#8221; css=&#8221;.vc_custom_1508345568244{margin-bottom: 80px !important;padding-top: 140px !important;padding-bottom: 140px !important;background-image: url(http:\/\/www.il-libro.it\/wp-content\/uploads\/2017\/04\/links-header.jpg?id=10548) !important;}&#8221;][vc_column][vc_custom_heading text=&#8221;LINK UTILI&#8221; font_container=&#8221;tag:h2|text_align:left|color:%23ffffff&#8221; use_theme_fonts=&#8221;yes&#8221; el_class=&#8221;title-page&#8221;][\/vc_column][\/vc_row][vc_row full_width=&#8221;stretch_row_content_no_spaces_content&#8221; css=&#8221;.vc_custom_1508432555097{margin-bottom: 60px !important;}&#8221;][vc_column][vc_tta_accordion active_section=&#8221;1&#8243;][vc_tta_section title=&#8221;Inglese&#8221; tab_id=&#8221;1491396456950-e96570ab-1d85&#8243;][vc_column_text]<strong>English publishers<br \/>\n<\/strong><\/p>\n<p>\u2022 <a href=\"http:\/\/www.cambridge.org\/it\/elt\/?site_locale=it_IT\" target=\"_blank\" rel=\"noopener\">Cambridge University Press<\/a><br \/>\n\u2022 <a href=\"http:\/\/www.deltapublishing.co.uk\/\" target=\"_blank\" rel=\"noopener\">Delta Publishing<\/a><br \/>\n\u2022 <a href=\"http:\/\/elt.heinle.com\/\" target=\"_blank\" rel=\"noopener\">Heinle<\/a><br \/>\n\u2022 <a href=\"http:\/\/www.macmillanenglish.com\/italy\" target=\"_blank\" rel=\"noopener\">Macmillan <\/a><br \/>\n\u2022 <a href=\"http:\/\/www.oup.it\/\" target=\"_blank\" rel=\"noopener\">Oxford University Press<\/a><br \/>\n\u2022 <a href=\"https:\/\/www.pearson.com\/english\/\" target=\"_blank\" rel=\"noopener\">Pearson<\/a><\/p>\n<p><strong>ELT and the English World<\/strong><\/p>\n<p>\u2022 <a href=\"http:\/\/www.britishcouncil.org\/italy.htm\" target=\"_blank\" rel=\"noopener\">Bri<\/a><a href=\"http:\/\/www.britishcouncil.org\/italy.htm\" target=\"_blank\" rel=\"noopener\">tish Council of Milan <\/a><br \/>\n\u2022 <a href=\"http:\/\/www.conferencealerts.com\/school.htm\" target=\"_blank\" rel=\"noopener\">Conference Alerts &#8211; <\/a>Up-to-date list of the Academic Conferences Worldwide<br \/>\n\u2022 <a href=\"http:\/\/www.starfall.com\/\" target=\"_blank\" rel=\"noopener\">Starfall <\/a>&#8211; Educational English Website<br \/>\n\u2022 <a href=\"http:\/\/www.wantedinmilan.com\/\" target=\"_blank\" rel=\"noopener\">Wanted in Milan<\/a> &#8211; Everything you need to know about Milan<br \/>\n\u2022 <a href=\"http:\/\/www.hellomilano.it\/\" target=\"_blank\" rel=\"noopener\">Hello Milano &#8211; <\/a>City guide of Milan: What&#8217;s on<br \/>\n\u2022 <a href=\"http:\/\/learnenglishkids.britishcouncil.org\/en\/\" target=\"_blank\" rel=\"noopener\">British Council <\/a>&#8211; LearnEnglish Kids Website Team<br \/>\n\u2022 <a href=\"http:\/\/ukinitaly.fco.gov.uk\/it\" target=\"_blank\" rel=\"noopener\">British Embassy Rome<\/a>[\/vc_column_text][\/vc_tta_section][vc_tta_section title=&#8221;Italiano&#8221; tab_id=&#8221;1491396456866-bb380e9e-1f94&#8243;][vc_column_text]<strong>L&#8217;Italiano e l&#8217;Intercultura<\/strong><br \/>\n\u2022 <a href=\"http:\/\/www.cestim.it\/\" target=\"_blank\" rel=\"noopener\">Cestim<\/a><\/p>\n<ul>\n<li><a href=\"http:\/\/milano.italianostranieri.org\/it\" target=\"_blank\" rel=\"noopener\">Milano.Italianostranieri<\/a><\/li>\n<\/ul>\n<p>[\/vc_column_text][vc_column_text]<strong>Casa editrici italiane<\/strong><br \/>\n\u2022 <a href=\"http:\/\/www.almaedizioni.it\/\" target=\"_blank\" rel=\"noopener\">Alma<\/a><br \/>\n\u2022 <a href=\"http:\/\/www.bonacci.it\/\" target=\"_blank\" rel=\"noopener\">Bonacci<\/a><br \/>\n\u2022 <a href=\"http:\/\/www.blackcat-cideb.com\/\" target=\"_blank\" rel=\"noopener\">Cideb <\/a><br \/>\n\u2022 <a href=\"https:\/\/www.comune.modena.it\/memo\" target=\"_blank\" rel=\"noopener\">Comune di Modena<\/a><br \/>\n\u2022 <a href=\"http:\/\/www.felixverlag.it\/\" target=\"_blank\" rel=\"noopener\">Felix Verlag <\/a><br \/>\n\u2022 <a href=\"http:\/\/www.guerra-edizioni.com\/\" target=\"_blank\" rel=\"noopener\">Guerra edizioni<\/a><br \/>\n\u2022 <a href=\"http:\/\/www.mondadorieducation.it\/catalogo\/griglia\/(termine)\/\/(prodotto)\/Italiano+seconda+lingua-L2\" target=\"_blank\" rel=\"noopener\">Le Monnier<\/a><br \/>\n\u2022 <a href=\"http:\/\/www.ninaedizioni.it\/\" target=\"_blank\" rel=\"noopener\">Nina edizioni <\/a><br \/>\n\u2022 <a href=\"http:\/\/www.progettolingua.it\/ProgettoLingua1.htm\" target=\"_blank\" rel=\"noopener\">Progetto Lingua<\/a>[\/vc_column_text][\/vc_tta_section][vc_tta_section title=&#8221;Francese&#8221; tab_id=&#8221;1491396749993-3ff5c2e0-5f31&#8243;][vc_column_text]<strong>Maisons d&#8217;Edition fran\u00e7aises<\/strong><br \/>\n\u2022 <a href=\"http:\/\/www.cle-inter.com\/\" target=\"_blank\" rel=\"noopener\">Cle International <\/a><br \/>\n\u2022 <a href=\"http:\/\/www.editionsdidier.com\/discipline\/fle\/\" target=\"_blank\" rel=\"noopener\">Didier Editions<\/a><br \/>\n\u2022 <a href=\"http:\/\/www.hachettefle.fr\/home\/index.php\" target=\"_blank\" rel=\"noopener\">Hachette <\/a><br \/>\n\u2022 <a href=\"http:\/\/www.editions-hatier.fr\/\" target=\"_blank\" rel=\"noopener\">Hatier <\/a><br \/>\n\u2022 <a href=\"http:\/\/www.editions-larousse.fr\/\" target=\"_blank\" rel=\"noopener\">Larousse <\/a><br \/>\n\u2022 <a href=\"http:\/\/www.nathan.fr\/\" target=\"_blank\" rel=\"noopener\">Nathan<\/a><br \/>\n\u2022 <a href=\"https:\/\/www.pug.fr\/\">PUG<\/a><\/p>\n<p><strong>FLE et le monde francophone<\/strong><br \/>\n\u2022 <a href=\"http:\/\/www.aplv-languesmodernes.org\/\" target=\"_blank\" rel=\"noopener\">APLV <\/a>&#8211; Association des Professeurs de Langues Vivantes<br \/>\n\u2022 <a href=\"http:\/\/www.lepetitjournal.com\/milan.html\" target=\"_blank\" rel=\"noopener\">Le Petit Journal <\/a>&#8211; e-journal gratuit des Fran\u00e7ais et Francophones \u00e0 l&#8217;\u00e9tranger<br \/>\n\u2022 <a href=\"http:\/\/www.lsmi.it\/\" target=\"_blank\" rel=\"noopener\">Lycee Stendhal Milan<\/a> &#8211; Scuola francese a Milano<br \/>\n\u2022 <a href=\"http:\/\/www.milanaccueil.com\/\" target=\"_blank\" rel=\"noopener\">Milan Accueil<\/a>\u00a0&#8211; Association de l&#8217;accueil des Fran\u00e7ais et des francophones \u00e0 Milan.<br \/>\n\u2022<a href=\"https:\/\/www.institutfrancais.it\/milano\" target=\"_blank\" rel=\"noopener\"> Institut Fran\u00e7ais de Milan<\/a><br \/>\n\u2022 <a href=\"http:\/\/fipf.org\/\" target=\"_blank\" rel=\"noopener\">FIPF<\/a>\u00a0 &#8211; F\u00e9d\u00e9ration Internationale des professeurs de fran\u00e7ais<br \/>\n\u2022 <a href=\"http:\/\/www.pretaparler.it\/\" target=\"_blank\" rel=\"noopener\">Pr\u00eat \u00e0 parler<\/a> &#8211; Equipe de professionnels qui organise workshop en langue fran\u00e7aise et anglaise.<\/p>\n<p>[\/vc_column_text][\/vc_tta_section][vc_tta_section title=&#8221;Spagnolo&#8221; tab_id=&#8221;1491396791747-7a64ace8-ed37&#8243;][vc_column_text]<\/p>\n<p><a href=\"https:\/\/milan.cervantes.es\/it\/default.shtm\">Instituto Cervantes di Milano<\/a><\/p>\n<p>[\/vc_column_text][\/vc_tta_section][\/vc_tta_accordion][\/vc_column][\/vc_row]<\/p>\n","protected":false},"excerpt":{"rendered":"<p>[vc_row full_width=&#8221;stretch_row_content_no_spaces_content&#8221; css=&#8221;.vc_custom_1508345568244{margin-bottom: 80px !important;padding-top: 140px !important;padding-bottom: 140px !important;background-image: url(http:\/\/www.il-libro.it\/wp-content\/uploads\/2017\/04\/links-header.jpg?id=10548) !important;}&#8221;][vc_column][vc_custom_heading text=&#8221;LINK UTILI&#8221; font_container=&#8221;tag:h2|text_align:left|color:%23ffffff&#8221; use_theme_fonts=&#8221;yes&#8221; el_class=&#8221;title-page&#8221;][\/vc_column][\/vc_row][vc_row full_width=&#8221;stretch_row_content_no_spaces_content&#8221; css=&#8221;.vc_custom_1508432555097{margin-bottom: 60px !important;}&#8221;][vc_column][vc_tta_accordion active_section=&#8221;1&#8243;][vc_tta_section title=&#8221;Inglese&#8221; tab_id=&#8221;1491396456950-e96570ab-1d85&#8243;][vc_column_text]English publishers \u2022 Cambridge University Press \u2022 Delta Publishing \u2022 Heinle \u2022 Macmillan \u2022 Oxford University Press \u2022 Pearson ELT and the English World \u2022 British Council of Milan \u2022 Conference Alerts &#8211;&hellip;<\/p>\n","protected":false},"author":3,"featured_media":0,"parent":0,"menu_order":0,"comment_status":"closed","ping_status":"closed","template":"","meta":[],"yoast_head":"<!-- This site is optimized with the Yoast SEO plugin v17.2.1 - https:\/\/yoast.com\/wordpress\/plugins\/seo\/ -->\n<title>Current favourits - Il Libro - Libreria Internazionale<\/title>\n<meta name=\"robots\" content=\"index, follow, max-snippet:-1, max-image-preview:large, max-video-preview:-1\" \/>\n<link rel=\"canonical\" href=\"https:\/\/www.il-libro.it\/en\/current-favourits\/\" \/>\n<meta property=\"og:locale\" content=\"en_US\" \/>\n<meta property=\"og:type\" content=\"article\" \/>\n<meta property=\"og:title\" content=\"Current favourits - Il Libro - Libreria Internazionale\" \/>\n<meta property=\"og:description\" content=\"[vc_row full_width=&#8221;stretch_row_content_no_spaces_content&#8221; css=&#8221;.vc_custom_1508345568244{margin-bottom: 80px !important;padding-top: 140px !important;padding-bottom: 140px !important;background-image: url(http:\/\/www.il-libro.it\/wp-content\/uploads\/2017\/04\/links-header.jpg?id=10548) !important;}&#8221;][vc_column][vc_custom_heading text=&#8221;LINK UTILI&#8221; font_container=&#8221;tag:h2|text_align:left|color:%23ffffff&#8221; use_theme_fonts=&#8221;yes&#8221; el_class=&#8221;title-page&#8221;][\/vc_column][\/vc_row][vc_row full_width=&#8221;stretch_row_content_no_spaces_content&#8221; css=&#8221;.vc_custom_1508432555097{margin-bottom: 60px !important;}&#8221;][vc_column][vc_tta_accordion active_section=&#8221;1&#8243;][vc_tta_section title=&#8221;Inglese&#8221; tab_id=&#8221;1491396456950-e96570ab-1d85&#8243;][vc_column_text]English publishers \u2022 Cambridge University Press \u2022 Delta Publishing \u2022 Heinle \u2022 Macmillan \u2022 Oxford University Press \u2022 Pearson ELT and the English World \u2022 British Council of Milan \u2022 Conference Alerts &#8211;&hellip;\" \/>\n<meta property=\"og:url\" content=\"https:\/\/www.il-libro.it\/en\/current-favourits\/\" \/>\n<meta property=\"og:site_name\" content=\"Il Libro - Libreria Internazionale\" \/>\n<meta property=\"article:publisher\" content=\"https:\/\/www.facebook.com\/IL-LIBRO-Libreria-Internazionale-2127680667458029\/?fref=ts\" \/>\n<meta property=\"article:modified_time\" content=\"2019-03-27T12:39:43+00:00\" \/>\n<meta name=\"twitter:card\" content=\"summary_large_image\" \/>\n<meta name=\"twitter:label1\" content=\"Est. reading time\" \/>\n\t<meta name=\"twitter:data1\" content=\"2 minutes\" \/>\n<script type=\"application\/ld+json\" class=\"yoast-schema-graph\">{\"@context\":\"https:\/\/schema.org\",\"@graph\":[{\"@type\":\"Organization\",\"@id\":\"https:\/\/www.il-libro.it\/#organization\",\"name\":\"il libro libreria internazionale\",\"url\":\"https:\/\/www.il-libro.it\/\",\"sameAs\":[\"https:\/\/www.facebook.com\/IL-LIBRO-Libreria-Internazionale-2127680667458029\/?fref=ts\",\"https:\/\/www.instagram.com\/il.libro.internazionale\/\"],\"logo\":{\"@type\":\"ImageObject\",\"@id\":\"https:\/\/www.il-libro.it\/#logo\",\"inLanguage\":\"en-US\",\"url\":\"https:\/\/www.il-libro.it\/wp-content\/uploads\/2017\/03\/logo.png\",\"contentUrl\":\"https:\/\/www.il-libro.it\/wp-content\/uploads\/2017\/03\/logo.png\",\"width\":180,\"height\":90,\"caption\":\"il libro libreria internazionale\"},\"image\":{\"@id\":\"https:\/\/www.il-libro.it\/#logo\"}},{\"@type\":\"WebSite\",\"@id\":\"https:\/\/www.il-libro.it\/#website\",\"url\":\"https:\/\/www.il-libro.it\/\",\"name\":\"Il Libro - Libreria Internazionale\",\"description\":\"Benvenuti nella libreria internazionale\",\"publisher\":{\"@id\":\"https:\/\/www.il-libro.it\/#organization\"},\"potentialAction\":[{\"@type\":\"SearchAction\",\"target\":{\"@type\":\"EntryPoint\",\"urlTemplate\":\"https:\/\/www.il-libro.it\/?s={search_term_string}\"},\"query-input\":\"required name=search_term_string\"}],\"inLanguage\":\"en-US\"},{\"@type\":\"WebPage\",\"@id\":\"https:\/\/www.il-libro.it\/en\/current-favourits\/#webpage\",\"url\":\"https:\/\/www.il-libro.it\/en\/current-favourits\/\",\"name\":\"Current favourits - Il Libro - Libreria Internazionale\",\"isPartOf\":{\"@id\":\"https:\/\/www.il-libro.it\/#website\"},\"datePublished\":\"2017-04-05T12:54:29+00:00\",\"dateModified\":\"2019-03-27T12:39:43+00:00\",\"breadcrumb\":{\"@id\":\"https:\/\/www.il-libro.it\/en\/current-favourits\/#breadcrumb\"},\"inLanguage\":\"en-US\",\"potentialAction\":[{\"@type\":\"ReadAction\",\"target\":[\"https:\/\/www.il-libro.it\/en\/current-favourits\/\"]}]},{\"@type\":\"BreadcrumbList\",\"@id\":\"https:\/\/www.il-libro.it\/en\/current-favourits\/#breadcrumb\",\"itemListElement\":[{\"@type\":\"ListItem\",\"position\":1,\"name\":\"Home\",\"item\":\"https:\/\/www.il-libro.it\/en\/homepage-05\/\"},{\"@type\":\"ListItem\",\"position\":2,\"name\":\"Current favourits\"}]}]}<\/script>\n<!-- \/ Yoast SEO plugin. -->","yoast_head_json":{"title":"Current favourits - Il Libro - Libreria Internazionale","robots":{"index":"index","follow":"follow","max-snippet":"max-snippet:-1","max-image-preview":"max-image-preview:large","max-video-preview":"max-video-preview:-1"},"canonical":"https:\/\/www.il-libro.it\/en\/current-favourits\/","og_locale":"en_US","og_type":"article","og_title":"Current favourits - Il Libro - Libreria Internazionale","og_description":"[vc_row full_width=&#8221;stretch_row_content_no_spaces_content&#8221; css=&#8221;.vc_custom_1508345568244{margin-bottom: 80px !important;padding-top: 140px !important;padding-bottom: 140px !important;background-image: url(http:\/\/www.il-libro.it\/wp-content\/uploads\/2017\/04\/links-header.jpg?id=10548) !important;}&#8221;][vc_column][vc_custom_heading text=&#8221;LINK UTILI&#8221; font_container=&#8221;tag:h2|text_align:left|color:%23ffffff&#8221; use_theme_fonts=&#8221;yes&#8221; el_class=&#8221;title-page&#8221;][\/vc_column][\/vc_row][vc_row full_width=&#8221;stretch_row_content_no_spaces_content&#8221; css=&#8221;.vc_custom_1508432555097{margin-bottom: 60px !important;}&#8221;][vc_column][vc_tta_accordion active_section=&#8221;1&#8243;][vc_tta_section title=&#8221;Inglese&#8221; tab_id=&#8221;1491396456950-e96570ab-1d85&#8243;][vc_column_text]English publishers \u2022 Cambridge University Press \u2022 Delta Publishing \u2022 Heinle \u2022 Macmillan \u2022 Oxford University Press \u2022 Pearson ELT and the English World \u2022 British Council of Milan \u2022 Conference Alerts &#8211;&hellip;","og_url":"https:\/\/www.il-libro.it\/en\/current-favourits\/","og_site_name":"Il Libro - Libreria Internazionale","article_publisher":"https:\/\/www.facebook.com\/IL-LIBRO-Libreria-Internazionale-2127680667458029\/?fref=ts","article_modified_time":"2019-03-27T12:39:43+00:00","twitter_card":"summary_large_image","twitter_misc":{"Est. reading time":"2 minutes"},"schema":{"@context":"https:\/\/schema.org","@graph":[{"@type":"Organization","@id":"https:\/\/www.il-libro.it\/#organization","name":"il libro libreria internazionale","url":"https:\/\/www.il-libro.it\/","sameAs":["https:\/\/www.facebook.com\/IL-LIBRO-Libreria-Internazionale-2127680667458029\/?fref=ts","https:\/\/www.instagram.com\/il.libro.internazionale\/"],"logo":{"@type":"ImageObject","@id":"https:\/\/www.il-libro.it\/#logo","inLanguage":"en-US","url":"https:\/\/www.il-libro.it\/wp-content\/uploads\/2017\/03\/logo.png","contentUrl":"https:\/\/www.il-libro.it\/wp-content\/uploads\/2017\/03\/logo.png","width":180,"height":90,"caption":"il libro libreria internazionale"},"image":{"@id":"https:\/\/www.il-libro.it\/#logo"}},{"@type":"WebSite","@id":"https:\/\/www.il-libro.it\/#website","url":"https:\/\/www.il-libro.it\/","name":"Il Libro - Libreria Internazionale","description":"Benvenuti nella libreria internazionale","publisher":{"@id":"https:\/\/www.il-libro.it\/#organization"},"potentialAction":[{"@type":"SearchAction","target":{"@type":"EntryPoint","urlTemplate":"https:\/\/www.il-libro.it\/?s={search_term_string}"},"query-input":"required name=search_term_string"}],"inLanguage":"en-US"},{"@type":"WebPage","@id":"https:\/\/www.il-libro.it\/en\/current-favourits\/#webpage","url":"https:\/\/www.il-libro.it\/en\/current-favourits\/","name":"Current favourits - Il Libro - Libreria Internazionale","isPartOf":{"@id":"https:\/\/www.il-libro.it\/#website"},"datePublished":"2017-04-05T12:54:29+00:00","dateModified":"2019-03-27T12:39:43+00:00","breadcrumb":{"@id":"https:\/\/www.il-libro.it\/en\/current-favourits\/#breadcrumb"},"inLanguage":"en-US","potentialAction":[{"@type":"ReadAction","target":["https:\/\/www.il-libro.it\/en\/current-favourits\/"]}]},{"@type":"BreadcrumbList","@id":"https:\/\/www.il-libro.it\/en\/current-favourits\/#breadcrumb","itemListElement":[{"@type":"ListItem","position":1,"name":"Home","item":"https:\/\/www.il-libro.it\/en\/homepage-05\/"},{"@type":"ListItem","position":2,"name":"Current favourits"}]}]}},"_links":{"self":[{"href":"https:\/\/www.il-libro.it\/en\/wp-json\/wp\/v2\/pages\/17919"}],"collection":[{"href":"https:\/\/www.il-libro.it\/en\/wp-json\/wp\/v2\/pages"}],"about":[{"href":"https:\/\/www.il-libro.it\/en\/wp-json\/wp\/v2\/types\/page"}],"author":[{"embeddable":true,"href":"https:\/\/www.il-libro.it\/en\/wp-json\/wp\/v2\/users\/3"}],"replies":[{"embeddable":true,"href":"https:\/\/www.il-libro.it\/en\/wp-json\/wp\/v2\/comments?post=17919"}],"version-history":[{"count":0,"href":"https:\/\/www.il-libro.it\/en\/wp-json\/wp\/v2\/pages\/17919\/revisions"}],"wp:attachment":[{"href":"https:\/\/www.il-libro.it\/en\/wp-json\/wp\/v2\/media?parent=17919"}],"curies":[{"name":"wp","href":"https:\/\/api.w.org\/{rel}","templated":true}]}}