{"id":61910,"date":"2019-01-17T16:31:36","date_gmt":"2019-01-17T15:31:36","guid":{"rendered":"http:\/\/www.il-libro.it\/?page_id=61910"},"modified":"2019-05-13T18:52:46","modified_gmt":"2019-05-13T16:52:46","slug":"quienes-somos","status":"publish","type":"page","link":"https:\/\/www.il-libro.it\/es\/quienes-somos\/","title":{"rendered":"Qui\u00e9nes somos"},"content":{"rendered":"<p>[vc_row full_width=\u00bbstretch_row_content_no_spaces\u00bb css=\u00bb.vc_custom_1501071941171{background-position: center !important;background-repeat: no-repeat !important;background-size: cover !important;}\u00bb][vc_column][vc_raw_html]JTNDc2VjdGlvbiUyMGNsYXNzJTNEJTIyaGVhZGVyLXBhZ2UlMjBibG9nLWhlYWRlci1ncmlkJTIyJTIwc3R5bGUlM0QlMjJiYWNrZ3JvdW5kLWltYWdlJTNBJTIwdXJsJTI4aHR0cCUzQSUyRiUyRnd3dy5pbC1saWJyby5pdCUyRndwLWNvbnRlbnQlMkZ1cGxvYWRzJTJGMjAxNyUyRjA5JTJGY2hpLXNpYW1vLmpwZWclMjklMjIlM0UlMEElMDklM0NkaXYlMjBjbGFzcyUzRCUyMmNvbnRhaW5lciUyMiUzRSUwQSUwOSUwOSUzQ3NwYW4lMjBjbGFzcyUzRCUyMnRpdGxlLXBhZ2UlMjIlM0VRdWklQzMlQTluZXMlMjBzb21vcyUzQyUyRnNwYW4lM0UlMEElMDklM0MlMkZkaXYlM0UlMEElM0MlMkZzZWN0aW9uJTNF[\/vc_raw_html][\/vc_column][\/vc_row][vc_row full_width=\u00bbstretch_row_content_no_spaces_content\u00bb css=\u00bb.vc_custom_1501149072528{margin-bottom: 20px !important;}\u00bb][vc_column width=\u00bb1\/4&#8243;][vc_single_image image=\u00bb9478&#8243; img_size=\u00bbmedium\u00bb][\/vc_column][vc_column width=\u00bb3\/4&#8243; css=\u00bb.vc_custom_1505381511158{padding-top: 70px !important;padding-left: 20px !important;}\u00bb][vc_column_text]<strong>Qui\u00e9nes somos<\/strong><\/p>\n<p>La librer\u00eda internacional il libro con sede en Mil\u00e1n, en la v\u00eda Ozanam n\u00b011 (Metro Lima, cerca del Corso Buenos Aires), est\u00e1 especializada en el aprendizaje de lenguas.[\/vc_column_text][\/vc_column][\/vc_row][vc_row full_width=\u00bbstretch_row_content_no_spaces_content\u00bb css=\u00bb.vc_custom_1501149102222{margin-bottom: 20px !important;}\u00bb][vc_column width=\u00bb3\/4&#8243; css=\u00bb.vc_custom_1501149170721{padding-top: 20px !important;padding-right: 20px !important;padding-bottom: 20px !important;padding-left: 20px !important;}\u00bb][vc_column_text]<strong>Nuestra historia<\/strong><\/p>\n<p><strong>\u00a0<\/strong>En 1978 el objetivo de Margherita Brighenti era dar vida a una librer\u00eda alemana que se ocupase de los textos escolares de las dos escuela germanas de Mil\u00e1n. Con los a\u00f1os, el cat\u00e1logo se ha enriquecido incorporando sectores did\u00e1cticos de otras lenguas europeas.<\/p>\n<p>El cambio de local del n\u00famero 3 al n\u00famero 11, y la consiguiente ampliaci\u00f3n del espacio expositivo, permitieron su realizaci\u00f3n que hasta hoy es la hist\u00f3rica librer\u00eda de trato cada vez m\u00e1s especializado. Hasta hoy, il libro constituye un punto de referencia para todos aquellos interesados en la did\u00e1ctica y aprendizaje de lenguas diversas.[\/vc_column_text][\/vc_column][vc_column width=\u00bb1\/4&#8243;][vc_single_image image=\u00bb9477&#8243; img_size=\u00bbmedium\u00bb][vc_column_text]Margherita Brighenti, founder[\/vc_column_text][\/vc_column][\/vc_row][vc_row full_width=\u00bbstretch_row_content_no_spaces_content\u00bb css=\u00bb.vc_custom_1501149126835{margin-bottom: 20px !important;}\u00bb][vc_column width=\u00bb1\/4&#8243; css=\u00bb.vc_custom_1501149337078{padding-top: 20px !important;padding-right: 20px !important;padding-bottom: 20px !important;padding-left: 20px !important;}\u00bb][vc_single_image image=\u00bb9476&#8243;][\/vc_column][vc_column width=\u00bb3\/4&#8243; css=\u00bb.vc_custom_1501149342438{padding-top: 20px !important;padding-right: 20px !important;padding-bottom: 20px !important;padding-left: 20px !important;}\u00bb][vc_column_text]<strong>Nuestros productos y servicios<\/strong><\/p>\n<p>Los actuales 250 metros cuadrados abiertos al p\u00fablico ofrecen una amplia gama de diccionarios y lecturas que acompa\u00f1an a los cursos para el estudio de las lenguas, desde cl\u00e1sicos textos para autodidactas. Vali\u00e9ndose de personal pluriling\u00fce, il libro responde a la variedad de peticiones de un p\u00fablico constituido por adultos y ni\u00f1os, cada vez m\u00e1s heterog\u00e9neo e internacional.<\/p>\n<p>il libro ofrece una vasta gama de materiales pedag\u00f3gicos para todas las edades y niveles de conocimiento de lenguas: cursos de lenguas, para grupos y para autodidactas, diccionarios, software, etc. Numerosos elementos que dan soporte, acompa\u00f1an y diversifican la actividad del aprendizaje ling\u00fc\u00edstico est\u00e1n presentes y expuestos al p\u00fablico: lecturas graduales o integradas, juegos did\u00e1cticos, p\u00f3sters ling\u00fc\u00edsticos, revistas extranjeras, manuales de sociedad, etc.[\/vc_column_text][\/vc_column][\/vc_row][vc_row full_width=\u00bbstretch_row_content_no_spaces_content\u00bb][vc_column width=\u00bb3\/4&#8243; css=\u00bb.vc_custom_1501149605367{padding-top: 20px !important;padding-right: 20px !important;padding-bottom: 20px !important;padding-left: 20px !important;}\u00bb][vc_column_text]La librer\u00eda, subdividida en sectores ling\u00fc\u00edsticos, dispone de personal especializado para ofrecer consultor\u00eda did\u00e1ctica personalizada. Cada responsable de sector (alem\u00e1n,\u00a0italiano para extranjeros, franc\u00e9s, espa\u00f1ol e ingl\u00e9s) est\u00e1 siempre al corriente de las novedades editoriales para ofrecer al cliente los instrumentos id\u00f3neos.<\/p>\n<p>La librer\u00eda il libro tambi\u00e9n ofrece:<\/p>\n<div>\n<ul>\n<li>Servicio de newsletter dividida por sectores de inter\u00e9s<\/li>\n<li>Consulta bibliogr\u00e1fica a nivel europeo y extraeuropeo<\/li>\n<li>Revistas y peri\u00f3dicos internacionales<\/li>\n<li>Canciller\u00eda para la escuela alemana<\/li>\n<li>Materiales y objetos t\u00edpicos alemanes (carteles SCOUT, calendarios de adviento, etc)<\/li>\n<\/ul>\n<p>&nbsp;<\/p>\n<\/div>\n<div><\/div>\n<p>[\/vc_column_text][\/vc_column][vc_column width=\u00bb1\/4&#8243; css=\u00bb.vc_custom_1501149449689{padding-top: 20px !important;padding-right: 20px !important;padding-bottom: 20px !important;padding-left: 20px !important;}\u00bb][vc_single_image image=\u00bb9488&#8243; img_size=\u00bbmedium\u00bb css=\u00bb.vc_custom_1507910885023{margin-bottom: 20px !important;}\u00bb][vc_single_image image=\u00bb9475&#8243; img_size=\u00bbmedium\u00bb][\/vc_column][\/vc_row][vc_row full_width=\u00bbstretch_row_content_no_spaces_content\u00bb][vc_column width=\u00bb1\/4&#8243; css=\u00bb.vc_custom_1501149512342{padding-top: 20px !important;padding-right: 20px !important;padding-bottom: 20px !important;padding-left: 20px !important;}\u00bb][vc_single_image image=\u00bb9474&#8243; img_size=\u00bbfull\u00bb][\/vc_column][vc_column width=\u00bb3\/4&#8243; css=\u00bb.vc_custom_1501149493100{padding-top: 20px !important;padding-right: 20px !important;padding-bottom: 20px !important;padding-left: 20px !important;}\u00bb][vc_column_text]<strong>Eventos<\/strong><\/p>\n<p lang=\"es-ES\">Con periodicidad mensual se organizan ENCUENTROS LITERARIOS en alem\u00e1n, franc\u00e9s ingl\u00e9s y espa\u00f1ol de libre entrada durante los cuales hay la posibilidad de hablar en la lengua original del autor de el libro. Los encuentros empiezan siempre a las 19.00 de las fechas fijadas.<\/p>\n<p><strong><span class=\"st\">Pr\u00f3ximos eventos<\/span><\/strong><\/p>\n<p>\u00a1Mira el programa del <a href=\"http:\/\/www.il-libro.it\/#incontri_letterari\">HAPPY HOUR LITERARIO<\/a> literario en diferentes idiomas y \u00fanete a nosotros en una de estas noches!<\/p>\n<p><strong><span lang=\"es-ES\">Muestra Did\u00e1ctica<\/span><\/strong><\/p>\n<p align=\"JUSTIFY\"><span lang=\"es-ES\">Con periodicidad anual<\/span><span lang=\"es-ES\">, exactamente entre abril y mayo, viene organizada la <a href=\"https:\/\/www.il-libro.it\/es\/muestra-didactica\/\">MUESTRA DID\u00c1CTICA<\/a> para profesores, donde hay la posibilidad de participar en las presentaciones y workshops de las diferentes casa editoriales nacionales y extranjeras.<\/span><\/p>\n<p align=\"JUSTIFY\"><span style=\"font-family: Verdana;\"><span style=\"font-size: small;\"><span lang=\"es-ES\">\u00a0<\/span><\/span><\/span><\/p>\n<p>[\/vc_column_text][\/vc_column][\/vc_row][vc_row][vc_column][vc_empty_space height=\u00bb90px\u00bb][\/vc_column][\/vc_row]<\/p>\n","protected":false},"excerpt":{"rendered":"<p>[vc_row full_width=\u00bbstretch_row_content_no_spaces\u00bb css=\u00bb.vc_custom_1501071941171{background-position: center !important;background-repeat: no-repeat !important;background-size: cover !important;}\u00bb][vc_column][vc_raw_html]JTNDc2VjdGlvbiUyMGNsYXNzJTNEJTIyaGVhZGVyLXBhZ2UlMjBibG9nLWhlYWRlci1ncmlkJTIyJTIwc3R5bGUlM0QlMjJiYWNrZ3JvdW5kLWltYWdlJTNBJTIwdXJsJTI4aHR0cCUzQSUyRiUyRnd3dy5pbC1saWJyby5pdCUyRndwLWNvbnRlbnQlMkZ1cGxvYWRzJTJGMjAxNyUyRjA5JTJGY2hpLXNpYW1vLmpwZWclMjklMjIlM0UlMEElMDklM0NkaXYlMjBjbGFzcyUzRCUyMmNvbnRhaW5lciUyMiUzRSUwQSUwOSUwOSUzQ3NwYW4lMjBjbGFzcyUzRCUyMnRpdGxlLXBhZ2UlMjIlM0VRdWklQzMlQTluZXMlMjBzb21vcyUzQyUyRnNwYW4lM0UlMEElMDklM0MlMkZkaXYlM0UlMEElM0MlMkZzZWN0aW9uJTNF[\/vc_raw_html][\/vc_column][\/vc_row][vc_row full_width=\u00bbstretch_row_content_no_spaces_content\u00bb css=\u00bb.vc_custom_1501149072528{margin-bottom: 20px !important;}\u00bb][vc_column width=\u00bb1\/4&#8243;][vc_single_image image=\u00bb9478&#8243; img_size=\u00bbmedium\u00bb][\/vc_column][vc_column width=\u00bb3\/4&#8243; css=\u00bb.vc_custom_1505381511158{padding-top: 70px !important;padding-left: 20px !important;}\u00bb][vc_column_text]Qui\u00e9nes somos La librer\u00eda internacional il libro con sede en Mil\u00e1n, en la v\u00eda Ozanam n\u00b011 (Metro Lima, cerca del Corso Buenos Aires), est\u00e1 especializada en el aprendizaje de lenguas.[\/vc_column_text][\/vc_column][\/vc_row][vc_row full_width=\u00bbstretch_row_content_no_spaces_content\u00bb css=\u00bb.vc_custom_1501149102222{margin-bottom: 20px !important;}\u00bb][vc_column&hellip;<\/p>\n","protected":false},"author":3,"featured_media":0,"parent":0,"menu_order":0,"comment_status":"closed","ping_status":"closed","template":"","meta":[],"yoast_head":"<!-- This site is optimized with the Yoast SEO plugin v17.2.1 - https:\/\/yoast.com\/wordpress\/plugins\/seo\/ -->\n<title>Qui\u00e9nes somos - Il Libro - Libreria Internazionale<\/title>\n<meta name=\"robots\" content=\"index, follow, max-snippet:-1, max-image-preview:large, max-video-preview:-1\" \/>\n<link rel=\"canonical\" href=\"https:\/\/www.il-libro.it\/es\/quienes-somos\/\" \/>\n<meta property=\"og:locale\" content=\"es_ES\" \/>\n<meta property=\"og:type\" content=\"article\" \/>\n<meta property=\"og:title\" content=\"Qui\u00e9nes somos - Il Libro - Libreria Internazionale\" \/>\n<meta property=\"og:description\" content=\"[vc_row full_width=\u00bbstretch_row_content_no_spaces\u00bb css=\u00bb.vc_custom_1501071941171{background-position: center !important;background-repeat: no-repeat !important;background-size: cover !important;}\u00bb][vc_column][vc_raw_html]JTNDc2VjdGlvbiUyMGNsYXNzJTNEJTIyaGVhZGVyLXBhZ2UlMjBibG9nLWhlYWRlci1ncmlkJTIyJTIwc3R5bGUlM0QlMjJiYWNrZ3JvdW5kLWltYWdlJTNBJTIwdXJsJTI4aHR0cCUzQSUyRiUyRnd3dy5pbC1saWJyby5pdCUyRndwLWNvbnRlbnQlMkZ1cGxvYWRzJTJGMjAxNyUyRjA5JTJGY2hpLXNpYW1vLmpwZWclMjklMjIlM0UlMEElMDklM0NkaXYlMjBjbGFzcyUzRCUyMmNvbnRhaW5lciUyMiUzRSUwQSUwOSUwOSUzQ3NwYW4lMjBjbGFzcyUzRCUyMnRpdGxlLXBhZ2UlMjIlM0VRdWklQzMlQTluZXMlMjBzb21vcyUzQyUyRnNwYW4lM0UlMEElMDklM0MlMkZkaXYlM0UlMEElM0MlMkZzZWN0aW9uJTNF[\/vc_raw_html][\/vc_column][\/vc_row][vc_row full_width=\u00bbstretch_row_content_no_spaces_content\u00bb css=\u00bb.vc_custom_1501149072528{margin-bottom: 20px !important;}\u00bb][vc_column width=\u00bb1\/4&#8243;][vc_single_image image=\u00bb9478&#8243; img_size=\u00bbmedium\u00bb][\/vc_column][vc_column width=\u00bb3\/4&#8243; css=\u00bb.vc_custom_1505381511158{padding-top: 70px !important;padding-left: 20px !important;}\u00bb][vc_column_text]Qui\u00e9nes somos La librer\u00eda internacional il libro con sede en Mil\u00e1n, en la v\u00eda Ozanam n\u00b011 (Metro Lima, cerca del Corso Buenos Aires), est\u00e1 especializada en el aprendizaje de lenguas.[\/vc_column_text][\/vc_column][\/vc_row][vc_row full_width=\u00bbstretch_row_content_no_spaces_content\u00bb css=\u00bb.vc_custom_1501149102222{margin-bottom: 20px !important;}\u00bb][vc_column&hellip;\" \/>\n<meta property=\"og:url\" content=\"https:\/\/www.il-libro.it\/es\/quienes-somos\/\" \/>\n<meta property=\"og:site_name\" content=\"Il Libro - Libreria Internazionale\" \/>\n<meta property=\"article:publisher\" content=\"https:\/\/www.facebook.com\/IL-LIBRO-Libreria-Internazionale-2127680667458029\/?fref=ts\" \/>\n<meta property=\"article:modified_time\" content=\"2019-05-13T16:52:46+00:00\" \/>\n<meta name=\"twitter:card\" content=\"summary_large_image\" \/>\n<meta name=\"twitter:label1\" content=\"Tiempo de lectura\" \/>\n\t<meta name=\"twitter:data1\" content=\"5 minutos\" \/>\n<script type=\"application\/ld+json\" class=\"yoast-schema-graph\">{\"@context\":\"https:\/\/schema.org\",\"@graph\":[{\"@type\":\"Organization\",\"@id\":\"https:\/\/www.il-libro.it\/#organization\",\"name\":\"il libro libreria internazionale\",\"url\":\"https:\/\/www.il-libro.it\/\",\"sameAs\":[\"https:\/\/www.facebook.com\/IL-LIBRO-Libreria-Internazionale-2127680667458029\/?fref=ts\",\"https:\/\/www.instagram.com\/il.libro.internazionale\/\"],\"logo\":{\"@type\":\"ImageObject\",\"@id\":\"https:\/\/www.il-libro.it\/#logo\",\"inLanguage\":\"es\",\"url\":\"https:\/\/www.il-libro.it\/wp-content\/uploads\/2017\/03\/logo.png\",\"contentUrl\":\"https:\/\/www.il-libro.it\/wp-content\/uploads\/2017\/03\/logo.png\",\"width\":180,\"height\":90,\"caption\":\"il libro libreria internazionale\"},\"image\":{\"@id\":\"https:\/\/www.il-libro.it\/#logo\"}},{\"@type\":\"WebSite\",\"@id\":\"https:\/\/www.il-libro.it\/#website\",\"url\":\"https:\/\/www.il-libro.it\/\",\"name\":\"Il Libro - Libreria Internazionale\",\"description\":\"Benvenuti nella libreria internazionale\",\"publisher\":{\"@id\":\"https:\/\/www.il-libro.it\/#organization\"},\"potentialAction\":[{\"@type\":\"SearchAction\",\"target\":{\"@type\":\"EntryPoint\",\"urlTemplate\":\"https:\/\/www.il-libro.it\/?s={search_term_string}\"},\"query-input\":\"required name=search_term_string\"}],\"inLanguage\":\"es\"},{\"@type\":\"WebPage\",\"@id\":\"https:\/\/www.il-libro.it\/es\/quienes-somos\/#webpage\",\"url\":\"https:\/\/www.il-libro.it\/es\/quienes-somos\/\",\"name\":\"Qui\\u00e9nes somos - Il Libro - Libreria Internazionale\",\"isPartOf\":{\"@id\":\"https:\/\/www.il-libro.it\/#website\"},\"datePublished\":\"2019-01-17T15:31:36+00:00\",\"dateModified\":\"2019-05-13T16:52:46+00:00\",\"breadcrumb\":{\"@id\":\"https:\/\/www.il-libro.it\/es\/quienes-somos\/#breadcrumb\"},\"inLanguage\":\"es\",\"potentialAction\":[{\"@type\":\"ReadAction\",\"target\":[\"https:\/\/www.il-libro.it\/es\/quienes-somos\/\"]}]},{\"@type\":\"BreadcrumbList\",\"@id\":\"https:\/\/www.il-libro.it\/es\/quienes-somos\/#breadcrumb\",\"itemListElement\":[{\"@type\":\"ListItem\",\"position\":1,\"name\":\"Home\",\"item\":\"https:\/\/www.il-libro.it\/es\/\"},{\"@type\":\"ListItem\",\"position\":2,\"name\":\"Qui\\u00e9nes somos\"}]}]}<\/script>\n<!-- \/ Yoast SEO plugin. -->","yoast_head_json":{"title":"Qui\u00e9nes somos - Il Libro - Libreria Internazionale","robots":{"index":"index","follow":"follow","max-snippet":"max-snippet:-1","max-image-preview":"max-image-preview:large","max-video-preview":"max-video-preview:-1"},"canonical":"https:\/\/www.il-libro.it\/es\/quienes-somos\/","og_locale":"es_ES","og_type":"article","og_title":"Qui\u00e9nes somos - Il Libro - Libreria Internazionale","og_description":"[vc_row full_width=\u00bbstretch_row_content_no_spaces\u00bb css=\u00bb.vc_custom_1501071941171{background-position: center !important;background-repeat: no-repeat !important;background-size: cover !important;}\u00bb][vc_column][vc_raw_html]JTNDc2VjdGlvbiUyMGNsYXNzJTNEJTIyaGVhZGVyLXBhZ2UlMjBibG9nLWhlYWRlci1ncmlkJTIyJTIwc3R5bGUlM0QlMjJiYWNrZ3JvdW5kLWltYWdlJTNBJTIwdXJsJTI4aHR0cCUzQSUyRiUyRnd3dy5pbC1saWJyby5pdCUyRndwLWNvbnRlbnQlMkZ1cGxvYWRzJTJGMjAxNyUyRjA5JTJGY2hpLXNpYW1vLmpwZWclMjklMjIlM0UlMEElMDklM0NkaXYlMjBjbGFzcyUzRCUyMmNvbnRhaW5lciUyMiUzRSUwQSUwOSUwOSUzQ3NwYW4lMjBjbGFzcyUzRCUyMnRpdGxlLXBhZ2UlMjIlM0VRdWklQzMlQTluZXMlMjBzb21vcyUzQyUyRnNwYW4lM0UlMEElMDklM0MlMkZkaXYlM0UlMEElM0MlMkZzZWN0aW9uJTNF[\/vc_raw_html][\/vc_column][\/vc_row][vc_row full_width=\u00bbstretch_row_content_no_spaces_content\u00bb css=\u00bb.vc_custom_1501149072528{margin-bottom: 20px !important;}\u00bb][vc_column width=\u00bb1\/4&#8243;][vc_single_image image=\u00bb9478&#8243; img_size=\u00bbmedium\u00bb][\/vc_column][vc_column width=\u00bb3\/4&#8243; css=\u00bb.vc_custom_1505381511158{padding-top: 70px !important;padding-left: 20px !important;}\u00bb][vc_column_text]Qui\u00e9nes somos La librer\u00eda internacional il libro con sede en Mil\u00e1n, en la v\u00eda Ozanam n\u00b011 (Metro Lima, cerca del Corso Buenos Aires), est\u00e1 especializada en el aprendizaje de lenguas.[\/vc_column_text][\/vc_column][\/vc_row][vc_row full_width=\u00bbstretch_row_content_no_spaces_content\u00bb css=\u00bb.vc_custom_1501149102222{margin-bottom: 20px !important;}\u00bb][vc_column&hellip;","og_url":"https:\/\/www.il-libro.it\/es\/quienes-somos\/","og_site_name":"Il Libro - Libreria Internazionale","article_publisher":"https:\/\/www.facebook.com\/IL-LIBRO-Libreria-Internazionale-2127680667458029\/?fref=ts","article_modified_time":"2019-05-13T16:52:46+00:00","twitter_card":"summary_large_image","twitter_misc":{"Tiempo de lectura":"5 minutos"},"schema":{"@context":"https:\/\/schema.org","@graph":[{"@type":"Organization","@id":"https:\/\/www.il-libro.it\/#organization","name":"il libro libreria internazionale","url":"https:\/\/www.il-libro.it\/","sameAs":["https:\/\/www.facebook.com\/IL-LIBRO-Libreria-Internazionale-2127680667458029\/?fref=ts","https:\/\/www.instagram.com\/il.libro.internazionale\/"],"logo":{"@type":"ImageObject","@id":"https:\/\/www.il-libro.it\/#logo","inLanguage":"es","url":"https:\/\/www.il-libro.it\/wp-content\/uploads\/2017\/03\/logo.png","contentUrl":"https:\/\/www.il-libro.it\/wp-content\/uploads\/2017\/03\/logo.png","width":180,"height":90,"caption":"il libro libreria internazionale"},"image":{"@id":"https:\/\/www.il-libro.it\/#logo"}},{"@type":"WebSite","@id":"https:\/\/www.il-libro.it\/#website","url":"https:\/\/www.il-libro.it\/","name":"Il Libro - Libreria Internazionale","description":"Benvenuti nella libreria internazionale","publisher":{"@id":"https:\/\/www.il-libro.it\/#organization"},"potentialAction":[{"@type":"SearchAction","target":{"@type":"EntryPoint","urlTemplate":"https:\/\/www.il-libro.it\/?s={search_term_string}"},"query-input":"required name=search_term_string"}],"inLanguage":"es"},{"@type":"WebPage","@id":"https:\/\/www.il-libro.it\/es\/quienes-somos\/#webpage","url":"https:\/\/www.il-libro.it\/es\/quienes-somos\/","name":"Qui\u00e9nes somos - Il Libro - Libreria Internazionale","isPartOf":{"@id":"https:\/\/www.il-libro.it\/#website"},"datePublished":"2019-01-17T15:31:36+00:00","dateModified":"2019-05-13T16:52:46+00:00","breadcrumb":{"@id":"https:\/\/www.il-libro.it\/es\/quienes-somos\/#breadcrumb"},"inLanguage":"es","potentialAction":[{"@type":"ReadAction","target":["https:\/\/www.il-libro.it\/es\/quienes-somos\/"]}]},{"@type":"BreadcrumbList","@id":"https:\/\/www.il-libro.it\/es\/quienes-somos\/#breadcrumb","itemListElement":[{"@type":"ListItem","position":1,"name":"Home","item":"https:\/\/www.il-libro.it\/es\/"},{"@type":"ListItem","position":2,"name":"Qui\u00e9nes somos"}]}]}},"_links":{"self":[{"href":"https:\/\/www.il-libro.it\/es\/wp-json\/wp\/v2\/pages\/61910"}],"collection":[{"href":"https:\/\/www.il-libro.it\/es\/wp-json\/wp\/v2\/pages"}],"about":[{"href":"https:\/\/www.il-libro.it\/es\/wp-json\/wp\/v2\/types\/page"}],"author":[{"embeddable":true,"href":"https:\/\/www.il-libro.it\/es\/wp-json\/wp\/v2\/users\/3"}],"replies":[{"embeddable":true,"href":"https:\/\/www.il-libro.it\/es\/wp-json\/wp\/v2\/comments?post=61910"}],"version-history":[{"count":0,"href":"https:\/\/www.il-libro.it\/es\/wp-json\/wp\/v2\/pages\/61910\/revisions"}],"wp:attachment":[{"href":"https:\/\/www.il-libro.it\/es\/wp-json\/wp\/v2\/media?parent=61910"}],"curies":[{"name":"wp","href":"https:\/\/api.w.org\/{rel}","templated":true}]}}