{"id":101066,"date":"2018-08-07T19:04:51","date_gmt":"2018-08-07T17:04:51","guid":{"rendered":"http:\/\/www.il-libro.it\/catalogo\/"},"modified":"2019-05-23T15:15:13","modified_gmt":"2019-05-23T13:15:13","slug":"catalogo","status":"publish","type":"page","link":"https:\/\/www.il-libro.it\/fr\/catalogo\/","title":{"rendered":"Catalogue"},"content":{"rendered":"<p>[vc_row][vc_column][vc_column_text css=\u00a0\u00bb.vc_custom_1557477909034{margin-bottom: 20px !important;}\u00a0\u00bb]Attendez quelques secondes pour le chargement initial et pour les recherches effectu\u00e9es[\/vc_column_text][\/vc_column][\/vc_row][vc_row][vc_column][vc_column_text]\n<div class=\"wpdt-c\">\n    \n<input type=\"hidden\" id=\"wdtNonceFrontendEdit\" name=\"wdtNonceFrontendEdit\" value=\"ec840f047d\" \/><input type=\"hidden\" name=\"_wp_http_referer\" value=\"\/fr\/wp-json\/wp\/v2\/pages\/101066\" \/>    <input type=\"hidden\" id=\"table_1_desc\" value='{\"tableId\":\"table_1\",\"tableType\":\"mysql\",\"selector\":\"#table_1\",\"responsive\":true,\"editable\":false,\"inlineEditing\":false,\"infoBlock\":true,\"globalSearch\":false,\"showRowsPerPage\":true,\"popoverTools\":false,\"hideBeforeLoad\":true,\"number_format\":1,\"decimalPlaces\":2,\"spinnerSrc\":\"https:\\\/\\\/www.il-libro.it\\\/wp-content\\\/plugins\\\/wpdatatables\\\/assets\\\/\\\/img\\\/spinner.gif\",\"groupingEnabled\":false,\"tableWpId\":\"7\",\"dataTableParams\":{\"sDom\":\"BT\\u003C\\u0027clear\\u0027\\u003Eltip\",\"bSortCellsTop\":false,\"bFilter\":true,\"bPaginate\":true,\"aLengthMenu\":[[1,5,10,25,50,100,-1],[1,5,10,25,50,100,\"All\"]],\"iDisplayLength\":25,\"columnDefs\":[{\"sType\":\"string\",\"wdtType\":\"string\",\"bVisible\":true,\"orderable\":true,\"searchable\":true,\"InputType\":\"none\",\"name\":\"Categoria_top\",\"origHeader\":\"Categoria_top\",\"notNull\":false,\"conditionalFormattingRules\":[],\"className\":\" column-categoria_top\",\"sWidth\":\"20%\",\"aTargets\":[0]},{\"sType\":\"string\",\"wdtType\":\"string\",\"bVisible\":true,\"orderable\":true,\"searchable\":true,\"InputType\":\"none\",\"name\":\"Titolo\",\"origHeader\":\"Titolo\",\"notNull\":false,\"conditionalFormattingRules\":[],\"className\":\" column-titolo\",\"aTargets\":[1]},{\"sType\":\"string\",\"wdtType\":\"string\",\"bVisible\":true,\"orderable\":true,\"searchable\":true,\"InputType\":\"none\",\"name\":\"Descrizione\",\"origHeader\":\"Descrizione\",\"notNull\":false,\"conditionalFormattingRules\":[],\"className\":\" column-descrizione\",\"aTargets\":[2]},{\"sType\":\"formatted-num\",\"wdtType\":\"float\",\"bVisible\":true,\"orderable\":true,\"searchable\":true,\"InputType\":\"none\",\"name\":\"Prezzo\",\"origHeader\":\"Prezzo\",\"notNull\":false,\"conditionalFormattingRules\":[],\"className\":\"numdata float  column-prezzo\",\"sWidth\":\"10%\",\"aTargets\":[3]},{\"sType\":\"string\",\"wdtType\":\"string\",\"bVisible\":false,\"orderable\":true,\"searchable\":true,\"InputType\":\"none\",\"name\":\"ISBN\",\"origHeader\":\"ISBN\",\"notNull\":false,\"conditionalFormattingRules\":[],\"className\":\" column-isbn\",\"aTargets\":[4]},{\"sType\":\"formatted-num\",\"wdtType\":\"int\",\"bVisible\":true,\"orderable\":true,\"searchable\":true,\"InputType\":\"none\",\"name\":\"Anno\",\"origHeader\":\"Anno\",\"notNull\":false,\"conditionalFormattingRules\":[],\"className\":\"numdata integer  column-anno\",\"sWidth\":\"10%\",\"aTargets\":[5]}],\"bAutoWidth\":false,\"order\":[[0,\"asc\"]],\"ordering\":true,\"oLanguage\":{\"sSearch\":\"\\u003Cspan class=\\u0022wdt-search-icon\\u0022\\u003E\\u003C\\\/span\\u003E\",\"sSearchPlaceholder\":\"Search table\",\"sLengthMenu\":\"Showing _MENU_ Entries\"},\"buttons\":[],\"bProcessing\":false,\"serverSide\":true,\"ajax\":{\"url\":\"https:\\\/\\\/www.il-libro.it\\\/wp-admin\\\/admin-ajax.php?action=get_wdtable&table_id=7\",\"type\":\"POST\"},\"sPaginationType\":\"full_numbers\",\"oSearch\":{\"bSmart\":false,\"bRegex\":false,\"sSearch\":\"\"}},\"tabletWidth\":\"2000\",\"mobileWidth\":\"480\",\"advancedFilterEnabled\":true,\"advancedFilterOptions\":{\"sPlaceHolder\":\"head:before\",\"aoColumns\":[{\"type\":\"select\",\"possibleValuesType\":\"read\",\"values\":[{\"value\":\"DAF\",\"label\":\"DAF\"},{\"value\":\"DIZIONARI\",\"label\":\"DIZIONARI\"},{\"value\":\"ELE\",\"label\":\"ELE\"},{\"value\":\"ELT\",\"label\":\"ELT\"},{\"value\":\"FLE\",\"label\":\"FLE\"},{\"value\":\"IPS\",\"label\":\"IPS\"},{\"value\":\"PPE\",\"label\":\"PPE\"}],\"origHeader\":\"Categoria_top\",\"displayHeader\":\"Category\",\"possibleValuesAddEmpty\":false,\"possibleValuesAjax\":10,\"defaultValue\":\"\",\"exactFiltering\":false,\"filterLabel\":\"\",\"checkboxesInModal\":0,\"linkButtonLabel\":\"\"},{\"type\":\"text\",\"possibleValuesType\":\"read\",\"values\":null,\"origHeader\":\"Titolo\",\"displayHeader\":\"Title\",\"possibleValuesAddEmpty\":false,\"possibleValuesAjax\":10,\"defaultValue\":\"\",\"exactFiltering\":false,\"filterLabel\":\"\",\"checkboxesInModal\":0,\"linkButtonLabel\":\"\"},{\"type\":\"text\",\"possibleValuesType\":\"read\",\"values\":null,\"origHeader\":\"Descrizione\",\"displayHeader\":\"Descrizione\",\"possibleValuesAddEmpty\":false,\"possibleValuesAjax\":10,\"defaultValue\":\"\",\"exactFiltering\":false,\"filterLabel\":\"\",\"checkboxesInModal\":0,\"linkButtonLabel\":\"\"},{\"type\":\"number\",\"possibleValuesType\":\"read\",\"values\":null,\"origHeader\":\"Prezzo\",\"displayHeader\":\"Price\\u20ac\",\"possibleValuesAddEmpty\":false,\"possibleValuesAjax\":-1,\"defaultValue\":\"\",\"exactFiltering\":false,\"filterLabel\":\"\",\"checkboxesInModal\":0,\"linkButtonLabel\":\"\"},{\"type\":\"number\",\"possibleValuesType\":\"read\",\"values\":null,\"origHeader\":\"ISBN\",\"displayHeader\":\"ISBN\",\"possibleValuesAddEmpty\":false,\"possibleValuesAjax\":-1,\"defaultValue\":\"\",\"exactFiltering\":false,\"filterLabel\":\"\",\"checkboxesInModal\":0,\"linkButtonLabel\":\"\"},{\"type\":\"number\",\"possibleValuesType\":\"read\",\"values\":null,\"origHeader\":\"Anno\",\"displayHeader\":\"Year\",\"possibleValuesAddEmpty\":false,\"possibleValuesAjax\":-1,\"defaultValue\":\"\",\"exactFiltering\":false,\"filterLabel\":\"\",\"checkboxesInModal\":0,\"linkButtonLabel\":\"\"}],\"bUseColVis\":true},\"filterInForm\":false,\"serverSide\":true,\"autoRefreshInterval\":0,\"processing\":true,\"fnServerData\":true,\"columnsFixed\":0,\"sumFunctionsLabel\":\"\",\"avgFunctionsLabel\":\"\",\"minFunctionsLabel\":\"\",\"maxFunctionsLabel\":\"\",\"columnsDecimalPlaces\":{\"Categoria_top\":-1,\"Titolo\":-1,\"Descrizione\":-1,\"Prezzo\":-1,\"ISBN\":-1,\"Anno\":-1},\"columnsThousandsSeparator\":{\"Anno\":1},\"sumColumns\":[],\"avgColumns\":[],\"sumAvgColumns\":[],\"timeFormat\":\"h:i A\",\"datepickFormat\":\"dd\\\/mm\\\/yy\"}'\/>\n\n    <table id=\"table_1\"\n           class=\" responsive display nowrap data-t data-t wpDataTable\"\n           style=\"display: none; \"\n           data-described-by='table_1_desc'\n           data-wpdatatable_id=\"7\">\n\n        <!-- Table header -->\n        \n<thead>\n    <tr>\n                                    <th\n                                data-hide=\"phone\"                class=\"phonesort \"\n                style=\"\">Category            <\/th>\n                    <th\n                data-class=\"expand\"                                class=\"sort \"\n                style=\"\">Title            <\/th>\n                    <th\n                                data-hide=\"phone,tablet\"                class=\"phone,tabletsort \"\n                style=\"\">Descrizione            <\/th>\n                    <th\n                                                class=\"sort numdata float \"\n                style=\"\">Price\u20ac            <\/th>\n                    <th\n                                                class=\"sort \"\n                style=\"\">ISBN            <\/th>\n                    <th\n                                                class=\"sort numdata integer \"\n                style=\"\">Year            <\/th>\n                    <\/tr>\n<tr>\n                    <th\n                data-hide=\"phone\"        class=\"phone wdtheader sort \"\n        style=\"\">Category<\/th>        <th\n        data-class=\"expand\"                class=\" wdtheader sort \"\n        style=\"\">Title<\/th>        <th\n                data-hide=\"phone,tablet\"        class=\"phone,tablet wdtheader sort \"\n        style=\"\">Descrizione<\/th>        <th\n                        class=\" wdtheader sort numdata float \"\n        style=\"\">Price\u20ac<\/th>        <th\n                        class=\" wdtheader sort \"\n        style=\"\">ISBN<\/th>        <th\n                        class=\" wdtheader sort numdata integer \"\n        style=\"\">Year<\/th>    <\/tr>\n<\/thead>\n        <!-- \/Table header -->\n\n        <!-- Table body -->\n        \n<tbody>\n        <tr id=\"table_7_row_0\">\n                    <td style=\"\">ELT<\/td>\n                    <td style=\"\">TOTAL BUSINESS Pre-intermediate - Student's book + CD<\/td>\n                    <td style=\"\">L'accostamento delle opere (selezionate tra i dipinti, le sculture e le architetture pi\u00f9 conosciute) avviene attraverso testi facilitati, arricchiti da un glossario specialistico, seguiti da attivit\u00e0 linguistiche e da spunti per la riflessione. La facilitazione linguistica consente di proporre un viaggio artistico nell'Italia dell'arte attraverso la sua lingua che diventa veicolo e collante per lo studente di italiano.<\/td>\n                    <td style=\"\">31,90<\/td>\n                    <td style=\"\">9780462098616<\/td>\n                    <td style=\"\">2.020<\/td>\n            <\/tr>\n            <tr id=\"table_7_row_1\">\n                    <td style=\"\">IPS<\/td>\n                    <td style=\"\">ITALIANO ATTRAVERSO LA STORIA DELL'ARTE<\/td>\n                    <td style=\"\">Non Presente<\/td>\n                    <td style=\"\">18,00<\/td>\n                    <td style=\"\">9788877159304<\/td>\n                    <td style=\"\">2.020<\/td>\n            <\/tr>\n            <tr id=\"table_7_row_2\">\n                    <td style=\"\">ELT<\/td>\n                    <td style=\"\">HUMOUR IN THE ENGLISH CLASSROOM<\/td>\n                    <td style=\"\">MATEMATICA X SUPERIORI--------------------------<\/td>\n                    <td style=\"\">24,90<\/td>\n                    <td style=\"\">9783125346451<\/td>\n                    <td style=\"\">2.020<\/td>\n            <\/tr>\n            <tr id=\"table_7_row_3\">\n                    <td style=\"\">DAF<\/td>\n                    <td style=\"\">\u00dcBUNGSGRAMMATIK F\u00dcR DIE MITTELSTUFE  Buch mit beigelegtem L\u00f6sungsschl\u00fcssel <\/td>\n                    <td style=\"\">Non Presente<\/td>\n                    <td style=\"\">29,00<\/td>\n                    <td style=\"\">9783190116577<\/td>\n                    <td style=\"\">2.020<\/td>\n            <\/tr>\n            <tr id=\"table_7_row_4\">\n                    <td style=\"\">ELT<\/td>\n                    <td style=\"\">BUSINESS RESULT NE Adv - Class CD<\/td>\n                    <td style=\"\">Non Presente<\/td>\n                    <td style=\"\">26,60<\/td>\n                    <td style=\"\">9780194768269<\/td>\n                    <td style=\"\">2.018<\/td>\n            <\/tr>\n            <tr id=\"table_7_row_5\">\n                    <td style=\"\">ELT<\/td>\n                    <td style=\"\">LAST OF THE MOHICANS + CD<\/td>\n                    <td style=\"\">Non Presente<\/td>\n                    <td style=\"\">7,25<\/td>\n                    <td style=\"\">9788849407204<\/td>\n                    <td style=\"\">2.018<\/td>\n            <\/tr>\n            <tr id=\"table_7_row_6\">\n                    <td style=\"\">ELT<\/td>\n                    <td style=\"\">AROUND THE YEAR + CD (A1-A2)<\/td>\n                    <td style=\"\">Non Presente<\/td>\n                    <td style=\"\">30,50<\/td>\n                    <td style=\"\">9783125127517<\/td>\n                    <td style=\"\">2.020<\/td>\n            <\/tr>\n            <tr id=\"table_7_row_7\">\n                    <td style=\"\">ELT<\/td>\n                    <td style=\"\">GET THINKING CONCISE<\/td>\n                    <td style=\"\">VARIA DISTR<\/td>\n                    <td style=\"\">7,45<\/td>\n                    <td style=\"\">9781316610602<\/td>\n                    <td style=\"\">2.020<\/td>\n            <\/tr>\n            <tr id=\"table_7_row_8\">\n                    <td style=\"\">ELT<\/td>\n                    <td style=\"\">ENGLISH THROUGH ART<\/td>\n                    <td style=\"\">Narrazioni, giochi e canzoni per imparare l'inglese divertendosi.<\/td>\n                    <td style=\"\">36,65<\/td>\n                    <td style=\"\">9783852722887<\/td>\n                    <td style=\"\">2.020<\/td>\n            <\/tr>\n            <tr id=\"table_7_row_9\">\n                    <td style=\"\">ELT<\/td>\n                    <td style=\"\">IT'S UP TO YOU + CD audio<\/td>\n                    <td style=\"\">Non Presente<\/td>\n                    <td style=\"\">20,00<\/td>\n                    <td style=\"\">9788861374706<\/td>\n                    <td style=\"\">2.019<\/td>\n            <\/tr>\n    <\/tbody>        <!-- \/Table body -->\n\n        <!-- Table footer -->\n        \n        <!-- \/Table footer -->\n\n    <\/table>\n\n<\/div><style>\ntable.wpDataTable { table-layout: fixed !important; }\n.wpdt-c .wpDataTablesWrapper .dataTables_filter input[type=\"search\"] \n{\n    opacity: 0.9 !important;\n}\n.wpdt-c .wpDataTablesWrapper table.has-columns-hidden tr.row-detail > td ul li span.columnValue {\n    max-height: 200px !important;\n    white-space: normal !important;\n    overflow: visible !important;\n}\n.column-descrizione\n{\n    height:200px;\n}table.wpDataTable td.numdata { text-align: right !important; }\n<\/style>\n\n<style>\n\n.wpdt-c .wpDataTablesWrapper table.wpDataTable thead tr:nth-child(2) th {\n\toverflow: visible;\n}\n\n<\/style>\n[\/vc_column_text][\/vc_column][\/vc_row][vc_row][vc_column][vc_separator css=\u00a0\u00bb.vc_custom_1553700920504{margin-top: 20px !important;}\u00a0\u00bb][vc_empty_space height=\u00a0\u00bb100px\u00a0\u00bb][\/vc_column][\/vc_row]<\/p>\n","protected":false},"excerpt":{"rendered":"<p>[vc_row][vc_column][vc_column_text css=\u00a0\u00bb.vc_custom_1557477909034{margin-bottom: 20px !important;}\u00a0\u00bb]Attendez quelques secondes pour le chargement initial et pour les recherches effectu\u00e9es[\/vc_column_text][\/vc_column][\/vc_row][vc_row][vc_column][vc_column_text][\/vc_column_text][\/vc_column][\/vc_row][vc_row][vc_column][vc_separator css=\u00a0\u00bb.vc_custom_1553700920504{margin-top: 20px !important;}\u00a0\u00bb][vc_empty_space height=\u00a0\u00bb100px\u00a0\u00bb][\/vc_column][\/vc_row]<\/p>\n","protected":false},"author":3,"featured_media":0,"parent":0,"menu_order":0,"comment_status":"closed","ping_status":"closed","template":"","meta":[],"yoast_head":"<!-- This site is optimized with the Yoast SEO plugin v17.2.1 - https:\/\/yoast.com\/wordpress\/plugins\/seo\/ -->\n<title>Catalogue - Il Libro - Libreria Internazionale<\/title>\n<meta name=\"robots\" content=\"index, follow, max-snippet:-1, max-image-preview:large, max-video-preview:-1\" \/>\n<link rel=\"canonical\" href=\"https:\/\/www.il-libro.it\/fr\/catalogo\/\" \/>\n<meta property=\"og:locale\" content=\"fr_FR\" \/>\n<meta property=\"og:type\" content=\"article\" \/>\n<meta property=\"og:title\" content=\"Catalogue - Il Libro - Libreria Internazionale\" \/>\n<meta property=\"og:description\" content=\"[vc_row][vc_column][vc_column_text css=\u00a0\u00bb.vc_custom_1557477909034{margin-bottom: 20px !important;}\u00a0\u00bb]Attendez quelques secondes pour le chargement initial et pour les recherches effectu\u00e9es[\/vc_column_text][\/vc_column][\/vc_row][vc_row][vc_column][vc_column_text][\/vc_column_text][\/vc_column][\/vc_row][vc_row][vc_column][vc_separator css=\u00a0\u00bb.vc_custom_1553700920504{margin-top: 20px !important;}\u00a0\u00bb][vc_empty_space height=\u00a0\u00bb100px\u00a0\u00bb][\/vc_column][\/vc_row]\" \/>\n<meta property=\"og:url\" content=\"https:\/\/www.il-libro.it\/fr\/catalogo\/\" \/>\n<meta property=\"og:site_name\" content=\"Il Libro - Libreria Internazionale\" \/>\n<meta property=\"article:publisher\" content=\"https:\/\/www.facebook.com\/IL-LIBRO-Libreria-Internazionale-2127680667458029\/?fref=ts\" \/>\n<meta property=\"article:modified_time\" content=\"2019-05-23T13:15:13+00:00\" \/>\n<meta name=\"twitter:card\" content=\"summary_large_image\" \/>\n<script type=\"application\/ld+json\" class=\"yoast-schema-graph\">{\"@context\":\"https:\/\/schema.org\",\"@graph\":[{\"@type\":\"Organization\",\"@id\":\"https:\/\/www.il-libro.it\/#organization\",\"name\":\"il libro libreria internazionale\",\"url\":\"https:\/\/www.il-libro.it\/\",\"sameAs\":[\"https:\/\/www.facebook.com\/IL-LIBRO-Libreria-Internazionale-2127680667458029\/?fref=ts\",\"https:\/\/www.instagram.com\/il.libro.internazionale\/\"],\"logo\":{\"@type\":\"ImageObject\",\"@id\":\"https:\/\/www.il-libro.it\/#logo\",\"inLanguage\":\"fr-FR\",\"url\":\"https:\/\/www.il-libro.it\/wp-content\/uploads\/2017\/03\/logo.png\",\"contentUrl\":\"https:\/\/www.il-libro.it\/wp-content\/uploads\/2017\/03\/logo.png\",\"width\":180,\"height\":90,\"caption\":\"il libro libreria internazionale\"},\"image\":{\"@id\":\"https:\/\/www.il-libro.it\/#logo\"}},{\"@type\":\"WebSite\",\"@id\":\"https:\/\/www.il-libro.it\/#website\",\"url\":\"https:\/\/www.il-libro.it\/\",\"name\":\"Il Libro - Libreria Internazionale\",\"description\":\"Benvenuti nella libreria internazionale\",\"publisher\":{\"@id\":\"https:\/\/www.il-libro.it\/#organization\"},\"potentialAction\":[{\"@type\":\"SearchAction\",\"target\":{\"@type\":\"EntryPoint\",\"urlTemplate\":\"https:\/\/www.il-libro.it\/?s={search_term_string}\"},\"query-input\":\"required name=search_term_string\"}],\"inLanguage\":\"fr-FR\"},{\"@type\":\"WebPage\",\"@id\":\"https:\/\/www.il-libro.it\/fr\/catalogo\/#webpage\",\"url\":\"https:\/\/www.il-libro.it\/fr\/catalogo\/\",\"name\":\"Catalogue - Il Libro - Libreria Internazionale\",\"isPartOf\":{\"@id\":\"https:\/\/www.il-libro.it\/#website\"},\"datePublished\":\"2018-08-07T17:04:51+00:00\",\"dateModified\":\"2019-05-23T13:15:13+00:00\",\"breadcrumb\":{\"@id\":\"https:\/\/www.il-libro.it\/fr\/catalogo\/#breadcrumb\"},\"inLanguage\":\"fr-FR\",\"potentialAction\":[{\"@type\":\"ReadAction\",\"target\":[\"https:\/\/www.il-libro.it\/fr\/catalogo\/\"]}]},{\"@type\":\"BreadcrumbList\",\"@id\":\"https:\/\/www.il-libro.it\/fr\/catalogo\/#breadcrumb\",\"itemListElement\":[{\"@type\":\"ListItem\",\"position\":1,\"name\":\"Home\",\"item\":\"https:\/\/www.il-libro.it\/fr\/\"},{\"@type\":\"ListItem\",\"position\":2,\"name\":\"Catalogue\"}]}]}<\/script>\n<!-- \/ Yoast SEO plugin. -->","yoast_head_json":{"title":"Catalogue - Il Libro - Libreria Internazionale","robots":{"index":"index","follow":"follow","max-snippet":"max-snippet:-1","max-image-preview":"max-image-preview:large","max-video-preview":"max-video-preview:-1"},"canonical":"https:\/\/www.il-libro.it\/fr\/catalogo\/","og_locale":"fr_FR","og_type":"article","og_title":"Catalogue - Il Libro - Libreria Internazionale","og_description":"[vc_row][vc_column][vc_column_text css=\u00a0\u00bb.vc_custom_1557477909034{margin-bottom: 20px !important;}\u00a0\u00bb]Attendez quelques secondes pour le chargement initial et pour les recherches effectu\u00e9es[\/vc_column_text][\/vc_column][\/vc_row][vc_row][vc_column][vc_column_text][\/vc_column_text][\/vc_column][\/vc_row][vc_row][vc_column][vc_separator css=\u00a0\u00bb.vc_custom_1553700920504{margin-top: 20px !important;}\u00a0\u00bb][vc_empty_space height=\u00a0\u00bb100px\u00a0\u00bb][\/vc_column][\/vc_row]","og_url":"https:\/\/www.il-libro.it\/fr\/catalogo\/","og_site_name":"Il Libro - Libreria Internazionale","article_publisher":"https:\/\/www.facebook.com\/IL-LIBRO-Libreria-Internazionale-2127680667458029\/?fref=ts","article_modified_time":"2019-05-23T13:15:13+00:00","twitter_card":"summary_large_image","schema":{"@context":"https:\/\/schema.org","@graph":[{"@type":"Organization","@id":"https:\/\/www.il-libro.it\/#organization","name":"il libro libreria internazionale","url":"https:\/\/www.il-libro.it\/","sameAs":["https:\/\/www.facebook.com\/IL-LIBRO-Libreria-Internazionale-2127680667458029\/?fref=ts","https:\/\/www.instagram.com\/il.libro.internazionale\/"],"logo":{"@type":"ImageObject","@id":"https:\/\/www.il-libro.it\/#logo","inLanguage":"fr-FR","url":"https:\/\/www.il-libro.it\/wp-content\/uploads\/2017\/03\/logo.png","contentUrl":"https:\/\/www.il-libro.it\/wp-content\/uploads\/2017\/03\/logo.png","width":180,"height":90,"caption":"il libro libreria internazionale"},"image":{"@id":"https:\/\/www.il-libro.it\/#logo"}},{"@type":"WebSite","@id":"https:\/\/www.il-libro.it\/#website","url":"https:\/\/www.il-libro.it\/","name":"Il Libro - Libreria Internazionale","description":"Benvenuti nella libreria internazionale","publisher":{"@id":"https:\/\/www.il-libro.it\/#organization"},"potentialAction":[{"@type":"SearchAction","target":{"@type":"EntryPoint","urlTemplate":"https:\/\/www.il-libro.it\/?s={search_term_string}"},"query-input":"required name=search_term_string"}],"inLanguage":"fr-FR"},{"@type":"WebPage","@id":"https:\/\/www.il-libro.it\/fr\/catalogo\/#webpage","url":"https:\/\/www.il-libro.it\/fr\/catalogo\/","name":"Catalogue - Il Libro - Libreria Internazionale","isPartOf":{"@id":"https:\/\/www.il-libro.it\/#website"},"datePublished":"2018-08-07T17:04:51+00:00","dateModified":"2019-05-23T13:15:13+00:00","breadcrumb":{"@id":"https:\/\/www.il-libro.it\/fr\/catalogo\/#breadcrumb"},"inLanguage":"fr-FR","potentialAction":[{"@type":"ReadAction","target":["https:\/\/www.il-libro.it\/fr\/catalogo\/"]}]},{"@type":"BreadcrumbList","@id":"https:\/\/www.il-libro.it\/fr\/catalogo\/#breadcrumb","itemListElement":[{"@type":"ListItem","position":1,"name":"Home","item":"https:\/\/www.il-libro.it\/fr\/"},{"@type":"ListItem","position":2,"name":"Catalogue"}]}]}},"_links":{"self":[{"href":"https:\/\/www.il-libro.it\/fr\/wp-json\/wp\/v2\/pages\/101066"}],"collection":[{"href":"https:\/\/www.il-libro.it\/fr\/wp-json\/wp\/v2\/pages"}],"about":[{"href":"https:\/\/www.il-libro.it\/fr\/wp-json\/wp\/v2\/types\/page"}],"author":[{"embeddable":true,"href":"https:\/\/www.il-libro.it\/fr\/wp-json\/wp\/v2\/users\/3"}],"replies":[{"embeddable":true,"href":"https:\/\/www.il-libro.it\/fr\/wp-json\/wp\/v2\/comments?post=101066"}],"version-history":[{"count":0,"href":"https:\/\/www.il-libro.it\/fr\/wp-json\/wp\/v2\/pages\/101066\/revisions"}],"wp:attachment":[{"href":"https:\/\/www.il-libro.it\/fr\/wp-json\/wp\/v2\/media?parent=101066"}],"curies":[{"name":"wp","href":"https:\/\/api.w.org\/{rel}","templated":true}]}}