{"id":17908,"date":"2017-04-05T12:42:52","date_gmt":"2017-04-05T12:42:52","guid":{"rendered":"http:\/\/www.il-libro.it\/domande-frequenti\/"},"modified":"2020-12-18T15:05:56","modified_gmt":"2020-12-18T14:05:56","slug":"questions-frequentes","status":"publish","type":"page","link":"https:\/\/www.il-libro.it\/fr\/questions-frequentes\/","title":{"rendered":"Questions fr\u00e9quentes"},"content":{"rendered":"<p>[vc_row full_width=\u00a0\u00bbstretch_row_content_no_spaces_content\u00a0\u00bb css=\u00a0\u00bb.vc_custom_1508343944706{margin-bottom: 80px !important;padding-top: 150px !important;padding-bottom: 150px !important;background-image: url(http:\/\/www.il-libro.it\/wp-content\/uploads\/2017\/04\/header-faq.jpg?id=10537) !important;}\u00a0\u00bb][vc_column][vc_custom_heading text=\u00a0\u00bbQUESTIONS FREQUENTES\u00a0\u00bb font_container=\u00a0\u00bbtag:h2|text_align:left|color:%23ffffff\u00a0\u00bb use_theme_fonts=\u00a0\u00bbyes\u00a0\u00bb el_class=\u00a0\u00bbtitle-page\u00a0\u00bb][\/vc_column][\/vc_row][vc_row full_width=\u00a0\u00bbstretch_row_content_no_spaces_content\u00a0\u00bb][vc_column][vc_toggle title=\u00a0\u00bbCommander un ouvrage\u00a0\u00bb open=\u00a0\u00bbtrue\u00a0\u00bb]<\/p>\n<div class=\"article-content\">\n<p><b>Vous \u00eates un particulier<\/b><\/p>\n<p>Nous vous conseillons de nous envoyer un mail pour conna\u00eetre la disponibilit\u00e9 du titre d\u00e9sir\u00e9. Nous vous communiquerons dans les plus brefs d\u00e9lais nos prix et d\u00e9lais de disponibilit\u00e9.Sur demande, nous pouvons vous r\u00e9server pendant 3-4 jours un titre <u>d\u00e9j\u00e0 disponible<\/u> \u00e0 la librairie.<\/p>\n<p>Pour la commande de titres non disponibles en rayon, un accompte est requis.Nous pouvons organiser l\u2019exp\u00e9dition du (des) livre(s) command\u00e9(s) partout en Italie apr\u00e8s avoir re\u00e7u la confirmation du paiement par virement bancaire \u00e0 l\u2019ordre de :<\/p>\n<p>B\u00e9n\u00e9ficiaire :<\/p>\n<p>IL LIBRO LIBRERIA INTERNAZIONALE SASBANCO BPM SPA<\/p>\n<p>IBAN : IT32 H 05034 01691 000000076720<\/p>\n<p>Objet:&#8230;&#8230;<\/p>\n<p>Pour information, la librairie accepte \u00e9galement les <i><b>cedole librarie<\/b><\/i> (coupons librairie), les <i><b>buoni scuola<\/b><\/i> (tickets \u00e9cole), APP18 et \u00ab\u00a0Carta Docente\u00a0\u00bb comme moyen de paiement.<\/p>\n<p>Vous pouvez nous faire parvenir votre demande de prix et de d\u00e9lais par mail \u00e0 l\u2019adresse <span style=\"color: #0000ff;\"><u><a href=\"mailto:info@il-libro.it\"><b>info@il-libro.it<\/b><\/a><\/u><\/span> ou par fax au num\u00e9ro 02 29516896.<\/p>\n<hr \/>\n<p><b>Vous \u00eates une \u00e9cole ou un institut<\/b><\/p>\n<p>Nous vous demandons de bien vouloir nous faire parvenir votre demande d\u2019ouverture de compte (Cf. FORMULAIRE) et une COMMANDE PAR \u00c9CRIT sur papier \u00e0 ent\u00eate de l\u2019\u00e9cole par fax (F. 02 29516896) ou par mail (<span style=\"color: #0000ff;\"><u><a href=\"mailto:info@il-libro.it\"><b>info@il-libro.it<\/b><\/a><\/u><span style=\"color: #0000ff;\"><u><b>)<\/b><\/u><\/span><\/span><\/p>\n<p>Le paiement peut \u00eatre effectu\u00e9 en esp\u00e8ces, par ch\u00e8que ou virement bancaire \u00e0 l\u2019ordre de :<\/p>\n<p>B\u00e9n\u00e9ficiaire :<\/p>\n<p>IL LIBRO LIBRERIA INTERNAZIONALE SASBANCO BPM SPA<\/p>\n<p>IBAN : IT32 H 05034 01691 000000076720<\/p>\n<p>Objet :&#8230;&#8230;<\/p>\n<p>La librairie accepte \u00e9galement les <i><b>cedole librarie<\/b><\/i> (coupons librairie) et les <i><b>buoni scuola<\/b><\/i> (tickets \u00e9cole) comme moyen de paiement.<\/p>\n<p>Nous pouvons organiser l\u2019exp\u00e9dition du (des) livre(s) command\u00e9(s) \u00e0 Milan et partout en Italie par le biais d\u2019un transporteur ou d\u2019un coursier.<\/p>\n<p>N\u2019h\u00e9sitez pas \u00e0 nous faire parvenir votre demande de devis par mail \u00e0 l\u2019adresse<b> <\/b><span style=\"color: #0000ff;\"><u><a href=\"mailto:info@il-libro.it\"><b>info@il-libro.it<\/b><\/a><\/u> <\/span>ou par fax au num\u00e9ro 02 29516896.<\/p>\n<\/div>\n<p>[\/vc_toggle][vc_empty_space height=\u00a0\u00bb120px\u00a0\u00bb][\/vc_column][\/vc_row]<\/p>\n","protected":false},"excerpt":{"rendered":"<p>[vc_row full_width=\u00a0\u00bbstretch_row_content_no_spaces_content\u00a0\u00bb css=\u00a0\u00bb.vc_custom_1508343944706{margin-bottom: 80px !important;padding-top: 150px !important;padding-bottom: 150px !important;background-image: url(http:\/\/www.il-libro.it\/wp-content\/uploads\/2017\/04\/header-faq.jpg?id=10537) !important;}\u00a0\u00bb][vc_column][vc_custom_heading text=\u00a0\u00bbQUESTIONS FREQUENTES\u00a0\u00bb font_container=\u00a0\u00bbtag:h2|text_align:left|color:%23ffffff\u00a0\u00bb use_theme_fonts=\u00a0\u00bbyes\u00a0\u00bb el_class=\u00a0\u00bbtitle-page\u00a0\u00bb][\/vc_column][\/vc_row][vc_row full_width=\u00a0\u00bbstretch_row_content_no_spaces_content\u00a0\u00bb][vc_column][vc_toggle title=\u00a0\u00bbCommander un ouvrage\u00a0\u00bb open=\u00a0\u00bbtrue\u00a0\u00bb] Vous \u00eates un particulier Nous vous conseillons de nous envoyer un mail pour conna\u00eetre la disponibilit\u00e9 du titre d\u00e9sir\u00e9. Nous vous communiquerons dans les plus brefs d\u00e9lais nos prix et d\u00e9lais de disponibilit\u00e9.Sur demande,&hellip;<\/p>\n","protected":false},"author":3,"featured_media":0,"parent":0,"menu_order":0,"comment_status":"closed","ping_status":"closed","template":"","meta":[],"yoast_head":"<!-- This site is optimized with the Yoast SEO plugin v17.2.1 - https:\/\/yoast.com\/wordpress\/plugins\/seo\/ -->\n<title>Questions fr\u00e9quentes - Il Libro - Libreria Internazionale<\/title>\n<meta name=\"robots\" content=\"index, follow, max-snippet:-1, max-image-preview:large, max-video-preview:-1\" \/>\n<link rel=\"canonical\" href=\"https:\/\/www.il-libro.it\/fr\/questions-frequentes\/\" \/>\n<meta property=\"og:locale\" content=\"fr_FR\" \/>\n<meta property=\"og:type\" content=\"article\" \/>\n<meta property=\"og:title\" content=\"Questions fr\u00e9quentes - Il Libro - Libreria Internazionale\" \/>\n<meta property=\"og:description\" content=\"[vc_row full_width=\u00a0\u00bbstretch_row_content_no_spaces_content\u00a0\u00bb css=\u00a0\u00bb.vc_custom_1508343944706{margin-bottom: 80px !important;padding-top: 150px !important;padding-bottom: 150px !important;background-image: url(http:\/\/www.il-libro.it\/wp-content\/uploads\/2017\/04\/header-faq.jpg?id=10537) !important;}\u00a0\u00bb][vc_column][vc_custom_heading text=\u00a0\u00bbQUESTIONS FREQUENTES\u00a0\u00bb font_container=\u00a0\u00bbtag:h2|text_align:left|color:%23ffffff\u00a0\u00bb use_theme_fonts=\u00a0\u00bbyes\u00a0\u00bb el_class=\u00a0\u00bbtitle-page\u00a0\u00bb][\/vc_column][\/vc_row][vc_row full_width=\u00a0\u00bbstretch_row_content_no_spaces_content\u00a0\u00bb][vc_column][vc_toggle title=\u00a0\u00bbCommander un ouvrage\u00a0\u00bb open=\u00a0\u00bbtrue\u00a0\u00bb] Vous \u00eates un particulier Nous vous conseillons de nous envoyer un mail pour conna\u00eetre la disponibilit\u00e9 du titre d\u00e9sir\u00e9. Nous vous communiquerons dans les plus brefs d\u00e9lais nos prix et d\u00e9lais de disponibilit\u00e9.Sur demande,&hellip;\" \/>\n<meta property=\"og:url\" content=\"https:\/\/www.il-libro.it\/fr\/questions-frequentes\/\" \/>\n<meta property=\"og:site_name\" content=\"Il Libro - Libreria Internazionale\" \/>\n<meta property=\"article:publisher\" content=\"https:\/\/www.facebook.com\/IL-LIBRO-Libreria-Internazionale-2127680667458029\/?fref=ts\" \/>\n<meta property=\"article:modified_time\" content=\"2020-12-18T14:05:56+00:00\" \/>\n<meta name=\"twitter:card\" content=\"summary_large_image\" \/>\n<meta name=\"twitter:label1\" content=\"Dur\u00e9e de lecture estim\u00e9e\" \/>\n\t<meta name=\"twitter:data1\" content=\"2 minutes\" \/>\n<script type=\"application\/ld+json\" class=\"yoast-schema-graph\">{\"@context\":\"https:\/\/schema.org\",\"@graph\":[{\"@type\":\"Organization\",\"@id\":\"https:\/\/www.il-libro.it\/#organization\",\"name\":\"il libro libreria internazionale\",\"url\":\"https:\/\/www.il-libro.it\/\",\"sameAs\":[\"https:\/\/www.facebook.com\/IL-LIBRO-Libreria-Internazionale-2127680667458029\/?fref=ts\",\"https:\/\/www.instagram.com\/il.libro.internazionale\/\"],\"logo\":{\"@type\":\"ImageObject\",\"@id\":\"https:\/\/www.il-libro.it\/#logo\",\"inLanguage\":\"fr-FR\",\"url\":\"https:\/\/www.il-libro.it\/wp-content\/uploads\/2017\/03\/logo.png\",\"contentUrl\":\"https:\/\/www.il-libro.it\/wp-content\/uploads\/2017\/03\/logo.png\",\"width\":180,\"height\":90,\"caption\":\"il libro libreria internazionale\"},\"image\":{\"@id\":\"https:\/\/www.il-libro.it\/#logo\"}},{\"@type\":\"WebSite\",\"@id\":\"https:\/\/www.il-libro.it\/#website\",\"url\":\"https:\/\/www.il-libro.it\/\",\"name\":\"Il Libro - Libreria Internazionale\",\"description\":\"Benvenuti nella libreria internazionale\",\"publisher\":{\"@id\":\"https:\/\/www.il-libro.it\/#organization\"},\"potentialAction\":[{\"@type\":\"SearchAction\",\"target\":{\"@type\":\"EntryPoint\",\"urlTemplate\":\"https:\/\/www.il-libro.it\/?s={search_term_string}\"},\"query-input\":\"required name=search_term_string\"}],\"inLanguage\":\"fr-FR\"},{\"@type\":\"WebPage\",\"@id\":\"https:\/\/www.il-libro.it\/fr\/questions-frequentes\/#webpage\",\"url\":\"https:\/\/www.il-libro.it\/fr\/questions-frequentes\/\",\"name\":\"Questions fr\\u00e9quentes - Il Libro - Libreria Internazionale\",\"isPartOf\":{\"@id\":\"https:\/\/www.il-libro.it\/#website\"},\"datePublished\":\"2017-04-05T12:42:52+00:00\",\"dateModified\":\"2020-12-18T14:05:56+00:00\",\"breadcrumb\":{\"@id\":\"https:\/\/www.il-libro.it\/fr\/questions-frequentes\/#breadcrumb\"},\"inLanguage\":\"fr-FR\",\"potentialAction\":[{\"@type\":\"ReadAction\",\"target\":[\"https:\/\/www.il-libro.it\/fr\/questions-frequentes\/\"]}]},{\"@type\":\"BreadcrumbList\",\"@id\":\"https:\/\/www.il-libro.it\/fr\/questions-frequentes\/#breadcrumb\",\"itemListElement\":[{\"@type\":\"ListItem\",\"position\":1,\"name\":\"Home\",\"item\":\"https:\/\/www.il-libro.it\/fr\/\"},{\"@type\":\"ListItem\",\"position\":2,\"name\":\"Questions fr\\u00e9quentes\"}]}]}<\/script>\n<!-- \/ Yoast SEO plugin. -->","yoast_head_json":{"title":"Questions fr\u00e9quentes - Il Libro - Libreria Internazionale","robots":{"index":"index","follow":"follow","max-snippet":"max-snippet:-1","max-image-preview":"max-image-preview:large","max-video-preview":"max-video-preview:-1"},"canonical":"https:\/\/www.il-libro.it\/fr\/questions-frequentes\/","og_locale":"fr_FR","og_type":"article","og_title":"Questions fr\u00e9quentes - Il Libro - Libreria Internazionale","og_description":"[vc_row full_width=\u00a0\u00bbstretch_row_content_no_spaces_content\u00a0\u00bb css=\u00a0\u00bb.vc_custom_1508343944706{margin-bottom: 80px !important;padding-top: 150px !important;padding-bottom: 150px !important;background-image: url(http:\/\/www.il-libro.it\/wp-content\/uploads\/2017\/04\/header-faq.jpg?id=10537) !important;}\u00a0\u00bb][vc_column][vc_custom_heading text=\u00a0\u00bbQUESTIONS FREQUENTES\u00a0\u00bb font_container=\u00a0\u00bbtag:h2|text_align:left|color:%23ffffff\u00a0\u00bb use_theme_fonts=\u00a0\u00bbyes\u00a0\u00bb el_class=\u00a0\u00bbtitle-page\u00a0\u00bb][\/vc_column][\/vc_row][vc_row full_width=\u00a0\u00bbstretch_row_content_no_spaces_content\u00a0\u00bb][vc_column][vc_toggle title=\u00a0\u00bbCommander un ouvrage\u00a0\u00bb open=\u00a0\u00bbtrue\u00a0\u00bb] Vous \u00eates un particulier Nous vous conseillons de nous envoyer un mail pour conna\u00eetre la disponibilit\u00e9 du titre d\u00e9sir\u00e9. Nous vous communiquerons dans les plus brefs d\u00e9lais nos prix et d\u00e9lais de disponibilit\u00e9.Sur demande,&hellip;","og_url":"https:\/\/www.il-libro.it\/fr\/questions-frequentes\/","og_site_name":"Il Libro - Libreria Internazionale","article_publisher":"https:\/\/www.facebook.com\/IL-LIBRO-Libreria-Internazionale-2127680667458029\/?fref=ts","article_modified_time":"2020-12-18T14:05:56+00:00","twitter_card":"summary_large_image","twitter_misc":{"Dur\u00e9e de lecture estim\u00e9e":"2 minutes"},"schema":{"@context":"https:\/\/schema.org","@graph":[{"@type":"Organization","@id":"https:\/\/www.il-libro.it\/#organization","name":"il libro libreria internazionale","url":"https:\/\/www.il-libro.it\/","sameAs":["https:\/\/www.facebook.com\/IL-LIBRO-Libreria-Internazionale-2127680667458029\/?fref=ts","https:\/\/www.instagram.com\/il.libro.internazionale\/"],"logo":{"@type":"ImageObject","@id":"https:\/\/www.il-libro.it\/#logo","inLanguage":"fr-FR","url":"https:\/\/www.il-libro.it\/wp-content\/uploads\/2017\/03\/logo.png","contentUrl":"https:\/\/www.il-libro.it\/wp-content\/uploads\/2017\/03\/logo.png","width":180,"height":90,"caption":"il libro libreria internazionale"},"image":{"@id":"https:\/\/www.il-libro.it\/#logo"}},{"@type":"WebSite","@id":"https:\/\/www.il-libro.it\/#website","url":"https:\/\/www.il-libro.it\/","name":"Il Libro - Libreria Internazionale","description":"Benvenuti nella libreria internazionale","publisher":{"@id":"https:\/\/www.il-libro.it\/#organization"},"potentialAction":[{"@type":"SearchAction","target":{"@type":"EntryPoint","urlTemplate":"https:\/\/www.il-libro.it\/?s={search_term_string}"},"query-input":"required name=search_term_string"}],"inLanguage":"fr-FR"},{"@type":"WebPage","@id":"https:\/\/www.il-libro.it\/fr\/questions-frequentes\/#webpage","url":"https:\/\/www.il-libro.it\/fr\/questions-frequentes\/","name":"Questions fr\u00e9quentes - Il Libro - Libreria Internazionale","isPartOf":{"@id":"https:\/\/www.il-libro.it\/#website"},"datePublished":"2017-04-05T12:42:52+00:00","dateModified":"2020-12-18T14:05:56+00:00","breadcrumb":{"@id":"https:\/\/www.il-libro.it\/fr\/questions-frequentes\/#breadcrumb"},"inLanguage":"fr-FR","potentialAction":[{"@type":"ReadAction","target":["https:\/\/www.il-libro.it\/fr\/questions-frequentes\/"]}]},{"@type":"BreadcrumbList","@id":"https:\/\/www.il-libro.it\/fr\/questions-frequentes\/#breadcrumb","itemListElement":[{"@type":"ListItem","position":1,"name":"Home","item":"https:\/\/www.il-libro.it\/fr\/"},{"@type":"ListItem","position":2,"name":"Questions fr\u00e9quentes"}]}]}},"_links":{"self":[{"href":"https:\/\/www.il-libro.it\/fr\/wp-json\/wp\/v2\/pages\/17908"}],"collection":[{"href":"https:\/\/www.il-libro.it\/fr\/wp-json\/wp\/v2\/pages"}],"about":[{"href":"https:\/\/www.il-libro.it\/fr\/wp-json\/wp\/v2\/types\/page"}],"author":[{"embeddable":true,"href":"https:\/\/www.il-libro.it\/fr\/wp-json\/wp\/v2\/users\/3"}],"replies":[{"embeddable":true,"href":"https:\/\/www.il-libro.it\/fr\/wp-json\/wp\/v2\/comments?post=17908"}],"version-history":[{"count":0,"href":"https:\/\/www.il-libro.it\/fr\/wp-json\/wp\/v2\/pages\/17908\/revisions"}],"wp:attachment":[{"href":"https:\/\/www.il-libro.it\/fr\/wp-json\/wp\/v2\/media?parent=17908"}],"curies":[{"name":"wp","href":"https:\/\/api.w.org\/{rel}","templated":true}]}}