{"id":18108,"date":"2017-12-05T17:32:54","date_gmt":"2017-12-05T16:32:54","guid":{"rendered":"http:\/\/www.il-libro.it\/?page_id=18108"},"modified":"2019-05-08T16:13:50","modified_gmt":"2019-05-08T14:13:50","slug":"qui-sommes-nous","status":"publish","type":"page","link":"https:\/\/www.il-libro.it\/fr\/qui-sommes-nous\/","title":{"rendered":"Qui sommes-nous"},"content":{"rendered":"<p>[vc_row full_width=\u00a0\u00bbstretch_row_content_no_spaces\u00a0\u00bb css=\u00a0\u00bb.vc_custom_1501071941171{background-position: center !important;background-repeat: no-repeat !important;background-size: cover !important;}\u00a0\u00bb][vc_column][vc_raw_html]JTNDc2VjdGlvbiUyMGNsYXNzJTNEJTIyaGVhZGVyLXBhZ2UlMjBibG9nLWhlYWRlci1ncmlkJTIyJTIwc3R5bGUlM0QlMjJiYWNrZ3JvdW5kLWltYWdlJTNBJTIwdXJsJTI4aHR0cCUzQSUyRiUyRnd3dy5pbC1saWJyby5pdCUyRndwLWNvbnRlbnQlMkZ1cGxvYWRzJTJGMjAxNyUyRjA5JTJGY2hpLXNpYW1vLmpwZWclMjklMjIlM0UlMEElMDklM0NkaXYlMjBjbGFzcyUzRCUyMmNvbnRhaW5lciUyMiUzRSUwQSUwOSUwOSUzQ3NwYW4lMjBjbGFzcyUzRCUyMnRpdGxlLXBhZ2UlMjIlM0VRdWklMjBzb21tZXMtbm91cyUzQyUyRnNwYW4lM0UlMEElMDklM0MlMkZkaXYlM0UlMEElM0MlMkZzZWN0aW9uJTNF[\/vc_raw_html][\/vc_column][\/vc_row][vc_row full_width=\u00a0\u00bbstretch_row_content_no_spaces_content\u00a0\u00bb css=\u00a0\u00bb.vc_custom_1501149072528{margin-bottom: 20px !important;}\u00a0\u00bb][vc_column width=\u00a0\u00bb1\/4&Prime;][vc_single_image image=\u00a0\u00bb9478&Prime; img_size=\u00a0\u00bbmedium\u00a0\u00bb][\/vc_column][vc_column width=\u00a0\u00bb3\/4&Prime; css=\u00a0\u00bb.vc_custom_1505381511158{padding-top: 70px !important;padding-left: 20px !important;}\u00a0\u00bb][vc_column_text]<\/p>\n<h2 class=\"contentheading clearfix\" style=\"margin: 0px; padding: 0px 0px 5px; border: 0px; outline: 0px; font-size: 22px; background-image: initial; background-position: initial; background-size: initial; background-repeat: initial; background-attachment: initial; background-origin: initial; background-clip: initial; line-height: normal; color: #2c2c2f; font-family: 'Segoe UI', 'Lucida Grande', Tahoma, Arial, sans-serif;\">Qui sommes-nous?<\/h2>\n<table border=\"0\">\n<tbody>\n<tr>\n<td valign=\"middle\">La librairie internationale\u00a0<strong>il libro<\/strong>, situ\u00e9e \u00e0 Milan au 11 Via Ozanam (\u00e0 quelques pas du Corso Buenos Aires), est sp\u00e9cialis\u00e9e dans l\u2019enseignement des langues \u00e9trang\u00e8res.<\/td>\n<\/tr>\n<\/tbody>\n<\/table>\n<p>[\/vc_column_text][\/vc_column][\/vc_row][vc_row full_width=\u00a0\u00bbstretch_row_content_no_spaces_content\u00a0\u00bb css=\u00a0\u00bb.vc_custom_1501149102222{margin-bottom: 20px !important;}\u00a0\u00bb][vc_column width=\u00a0\u00bb3\/4&Prime; css=\u00a0\u00bb.vc_custom_1501149170721{padding-top: 20px !important;padding-right: 20px !important;padding-bottom: 20px !important;padding-left: 20px !important;}\u00a0\u00bb][vc_column_text]<strong>Comment est-elle n\u00e9e?<\/strong><\/p>\n<p>Fond\u00e9e en 1978 par Margherita Brighenti, la librairie<strong>\u00a0il libro<\/strong> \u00e9tait \u00e0 l\u2019origine une librairie allemande qui proposait les livres et les manuels scolaires des deux \u00e9coles germaniques de Milan.<br \/>\nPeu \u00e0 peu, le catalogue de la librairie s\u2019est ouvert aux autres langues europ\u00e9ennes.<br \/>\nLe transfert du magasin du n\u00b0 3 au n\u00b0 11 de la rue Ozanam a constitu\u00e9 un agrandissement cons\u00e9quent de son espace d\u2019exposition et a permis le d\u00e9veloppement de la librairie sp\u00e9cialis\u00e9e il libro telle que nous la connaissons aujourd\u2019hui: une librairie de r\u00e9f\u00e9rence \u00e0 Milan en terme de didactique et d\u2019enseignement des langues \u00e9trang\u00e8res.[\/vc_column_text][\/vc_column][vc_column width=\u00a0\u00bb1\/4&Prime;][vc_single_image image=\u00a0\u00bb9477&Prime; img_size=\u00a0\u00bbmedium\u00a0\u00bb][vc_column_text]Margherita Brighenti, la fondatrice[\/vc_column_text][\/vc_column][\/vc_row][vc_row full_width=\u00a0\u00bbstretch_row_content_no_spaces_content\u00a0\u00bb css=\u00a0\u00bb.vc_custom_1501149126835{margin-bottom: 20px !important;}\u00a0\u00bb][vc_column width=\u00a0\u00bb1\/4&Prime; css=\u00a0\u00bb.vc_custom_1501149337078{padding-top: 20px !important;padding-right: 20px !important;padding-bottom: 20px !important;padding-left: 20px !important;}\u00a0\u00bb][vc_single_image image=\u00a0\u00bb9476&Prime; img_size=\u00a0\u00bbmedium\u00a0\u00bb][\/vc_column][vc_column width=\u00a0\u00bb3\/4&Prime; css=\u00a0\u00bb.vc_custom_1501149342438{padding-top: 20px !important;padding-right: 20px !important;padding-bottom: 20px !important;padding-left: 20px !important;}\u00a0\u00bb][vc_column_text]<strong>Notre offre<\/strong><\/p>\n<p>La librairie il libro propose au public une vaste gamme de mat\u00e9riel p\u00e9dagogique pour tous les \u00e2ges et tous les niveaux d\u2019apprentissage : manuels d\u2019enseignement, pour la classe ou l\u2019auto-apprentissage, dictionnaires, logiciels, ouvrages de didactique pour l\u2019enseignant.<\/p>\n<p>De nombreux \u00e9l\u00e9ments de soutien, d\u2019accompagnement ou de diversification des activit\u00e9s linguistiques sont \u00e9galement propos\u00e9s: lectures simplifi\u00e9es ou int\u00e9grales, jeux, posters didactiques, ouvrages sur la civilisation, chansons&#8230;<\/p>\n<p align=\"JUSTIFY\">Le personnel de la librairie, polyglotte et sp\u00e9cialis\u00e9, r\u00e9pond aux diverses demandes d\u2019une client\u00e8le toujours plus h\u00e9t\u00e9rog\u00e8ne et internationale, constitu\u00e9e d\u2019adultes et d\u2019enfants, d\u2019enseignants ou d\u2019\u00e9l\u00e8ves, d\u2019amateurs de langues \u00e9trang\u00e8res.<\/p>\n<p>[\/vc_column_text][\/vc_column][\/vc_row][vc_row full_width=\u00a0\u00bbstretch_row_content_no_spaces_content\u00a0\u00bb][vc_column width=\u00a0\u00bb3\/4&Prime; css=\u00a0\u00bb.vc_custom_1501149605367{padding-top: 20px !important;padding-right: 20px !important;padding-bottom: 20px !important;padding-left: 20px !important;}\u00a0\u00bb][vc_column_text]Chaque secteur linguistique (allemand, italien pour \u00e9trangers, fran\u00e7ais, espagnol et anglais) est g\u00e9r\u00e9 par un responsable de secteur qui peut effectuer des consultations didactiques sp\u00e9cialis\u00e9es. Ces secteurs sont r\u00e9guli\u00e8rement enrichis des derni\u00e8res nouveaut\u00e9s \u00e9ditoriales afin d\u2019offrir les outils de travail les plus ad\u00e9quats pour l\u2019apprentissage des langues \u00e9trang\u00e8res.<\/p>\n<p>&nbsp;<\/p>\n<p><strong>La librairie il libro offre \u00e9galement:<\/strong><\/p>\n<div>\n<ul>\n<li>un service de newsletter\u00a0par secteur linguistique et secteur d&rsquo;int\u00e9r\u00eat<\/li>\n<li>des recherches bibliographiques internationales, toutes langues confondues\u00a0(\u00e9galement hors UE)<\/li>\n<li>des revues et hebdomadaires internationaux et la possibilit\u00e9 de s&rsquo;abonner<\/li>\n<li>des fournitures scolaires pour l&rsquo;\u00e9cole allemande<\/li>\n<li>des objets typiquement germaniques (cartables SCOUT, calendriers de l&rsquo;Avant, etc.)<\/li>\n<\/ul>\n<\/div>\n<p>[\/vc_column_text][\/vc_column][vc_column width=\u00a0\u00bb1\/4&Prime; css=\u00a0\u00bb.vc_custom_1501149449689{padding-top: 20px !important;padding-right: 20px !important;padding-bottom: 20px !important;padding-left: 20px !important;}\u00a0\u00bb][vc_single_image image=\u00a0\u00bb9488&Prime; img_size=\u00a0\u00bbmedium\u00a0\u00bb css=\u00a0\u00bb.vc_custom_1507910885023{margin-bottom: 20px !important;}\u00a0\u00bb][vc_single_image image=\u00a0\u00bb9475&Prime; img_size=\u00a0\u00bbmedium\u00a0\u00bb][\/vc_column][\/vc_row][vc_row full_width=\u00a0\u00bbstretch_row_content_no_spaces_content\u00a0\u00bb][vc_column width=\u00a0\u00bb1\/4&Prime; css=\u00a0\u00bb.vc_custom_1501149512342{padding-top: 20px !important;padding-right: 20px !important;padding-bottom: 20px !important;padding-left: 20px !important;}\u00a0\u00bb][vc_single_image image=\u00a0\u00bb9474&Prime; img_size=\u00a0\u00bbfull\u00a0\u00bb][\/vc_column][vc_column width=\u00a0\u00bb3\/4&Prime; css=\u00a0\u00bb.vc_custom_1501149493100{padding-top: 20px !important;padding-right: 20px !important;padding-bottom: 20px !important;padding-left: 20px !important;}\u00a0\u00bb][vc_column_text]<strong>\u00c9v\u00e9nements et soir\u00e9es<\/strong><\/p>\n<p>Une fois par mois environ, nous organisons des RENCONTRES LITTERAIRES (ouverts \u00e0 tous, gratuitement) pendant lesquelles un livre, choisi au pr\u00e9alable, donne libre cours \u00e0 un \u00e9change dans la langue de l&rsquo;auteur. Les soir\u00e9es commencent \u00e0 19h00 aux dates fix\u00e9es d\u2019un mois \u00e0 l\u2019autre.<\/p>\n<p><strong>Salon de l&rsquo;enseignement<\/strong><\/p>\n<p>Une fois par an, en avril-mai, nous organisons le Salon de l\u2019Enseignement (<a href=\"https:\/\/www.il-libro.it\/mostra-didattica\/\"><strong>Mostra Didattica<\/strong><\/a>) pour les enseignants: les nouveaut\u00e9s des diverses maisons d\u2019\u00e9dition italiennes et \u00e9trang\u00e8res sont pr\u00e9sent\u00e9es, et des pr\u00e9sentations et workshops sont organis\u00e9s.[\/vc_column_text][\/vc_column][\/vc_row][vc_row][vc_column][vc_empty_space][\/vc_column][\/vc_row]<\/p>\n","protected":false},"excerpt":{"rendered":"<p>[vc_row full_width=\u00a0\u00bbstretch_row_content_no_spaces\u00a0\u00bb css=\u00a0\u00bb.vc_custom_1501071941171{background-position: center !important;background-repeat: no-repeat !important;background-size: cover !important;}\u00a0\u00bb][vc_column][vc_raw_html]JTNDc2VjdGlvbiUyMGNsYXNzJTNEJTIyaGVhZGVyLXBhZ2UlMjBibG9nLWhlYWRlci1ncmlkJTIyJTIwc3R5bGUlM0QlMjJiYWNrZ3JvdW5kLWltYWdlJTNBJTIwdXJsJTI4aHR0cCUzQSUyRiUyRnd3dy5pbC1saWJyby5pdCUyRndwLWNvbnRlbnQlMkZ1cGxvYWRzJTJGMjAxNyUyRjA5JTJGY2hpLXNpYW1vLmpwZWclMjklMjIlM0UlMEElMDklM0NkaXYlMjBjbGFzcyUzRCUyMmNvbnRhaW5lciUyMiUzRSUwQSUwOSUwOSUzQ3NwYW4lMjBjbGFzcyUzRCUyMnRpdGxlLXBhZ2UlMjIlM0VRdWklMjBzb21tZXMtbm91cyUzQyUyRnNwYW4lM0UlMEElMDklM0MlMkZkaXYlM0UlMEElM0MlMkZzZWN0aW9uJTNF[\/vc_raw_html][\/vc_column][\/vc_row][vc_row full_width=\u00a0\u00bbstretch_row_content_no_spaces_content\u00a0\u00bb css=\u00a0\u00bb.vc_custom_1501149072528{margin-bottom: 20px !important;}\u00a0\u00bb][vc_column width=\u00a0\u00bb1\/4&Prime;][vc_single_image image=\u00a0\u00bb9478&Prime; img_size=\u00a0\u00bbmedium\u00a0\u00bb][\/vc_column][vc_column width=\u00a0\u00bb3\/4&Prime; css=\u00a0\u00bb.vc_custom_1505381511158{padding-top: 70px !important;padding-left: 20px !important;}\u00a0\u00bb][vc_column_text] Qui sommes-nous? La librairie internationale\u00a0il libro, situ\u00e9e \u00e0 Milan au 11 Via Ozanam (\u00e0 quelques pas du Corso Buenos Aires), est sp\u00e9cialis\u00e9e dans l\u2019enseignement des langues \u00e9trang\u00e8res. [\/vc_column_text][\/vc_column][\/vc_row][vc_row full_width=\u00a0\u00bbstretch_row_content_no_spaces_content\u00a0\u00bb css=\u00a0\u00bb.vc_custom_1501149102222{margin-bottom: 20px !important;}\u00a0\u00bb][vc_column width=\u00a0\u00bb3\/4&Prime;&hellip;<\/p>\n","protected":false},"author":3,"featured_media":0,"parent":0,"menu_order":0,"comment_status":"closed","ping_status":"closed","template":"","meta":[],"yoast_head":"<!-- This site is optimized with the Yoast SEO plugin v17.2.1 - https:\/\/yoast.com\/wordpress\/plugins\/seo\/ -->\n<title>Qui sommes-nous - Il Libro - Libreria Internazionale<\/title>\n<meta name=\"robots\" content=\"index, follow, max-snippet:-1, max-image-preview:large, max-video-preview:-1\" \/>\n<link rel=\"canonical\" href=\"https:\/\/www.il-libro.it\/fr\/qui-sommes-nous\/\" \/>\n<meta property=\"og:locale\" content=\"fr_FR\" \/>\n<meta property=\"og:type\" content=\"article\" \/>\n<meta property=\"og:title\" content=\"Qui sommes-nous - Il Libro - Libreria Internazionale\" \/>\n<meta property=\"og:description\" content=\"[vc_row full_width=\u00a0\u00bbstretch_row_content_no_spaces\u00a0\u00bb css=\u00a0\u00bb.vc_custom_1501071941171{background-position: center !important;background-repeat: no-repeat !important;background-size: cover !important;}\u00a0\u00bb][vc_column][vc_raw_html]JTNDc2VjdGlvbiUyMGNsYXNzJTNEJTIyaGVhZGVyLXBhZ2UlMjBibG9nLWhlYWRlci1ncmlkJTIyJTIwc3R5bGUlM0QlMjJiYWNrZ3JvdW5kLWltYWdlJTNBJTIwdXJsJTI4aHR0cCUzQSUyRiUyRnd3dy5pbC1saWJyby5pdCUyRndwLWNvbnRlbnQlMkZ1cGxvYWRzJTJGMjAxNyUyRjA5JTJGY2hpLXNpYW1vLmpwZWclMjklMjIlM0UlMEElMDklM0NkaXYlMjBjbGFzcyUzRCUyMmNvbnRhaW5lciUyMiUzRSUwQSUwOSUwOSUzQ3NwYW4lMjBjbGFzcyUzRCUyMnRpdGxlLXBhZ2UlMjIlM0VRdWklMjBzb21tZXMtbm91cyUzQyUyRnNwYW4lM0UlMEElMDklM0MlMkZkaXYlM0UlMEElM0MlMkZzZWN0aW9uJTNF[\/vc_raw_html][\/vc_column][\/vc_row][vc_row full_width=\u00a0\u00bbstretch_row_content_no_spaces_content\u00a0\u00bb css=\u00a0\u00bb.vc_custom_1501149072528{margin-bottom: 20px !important;}\u00a0\u00bb][vc_column width=\u00a0\u00bb1\/4&Prime;][vc_single_image image=\u00a0\u00bb9478&Prime; img_size=\u00a0\u00bbmedium\u00a0\u00bb][\/vc_column][vc_column width=\u00a0\u00bb3\/4&Prime; css=\u00a0\u00bb.vc_custom_1505381511158{padding-top: 70px !important;padding-left: 20px !important;}\u00a0\u00bb][vc_column_text] Qui sommes-nous? La librairie internationale\u00a0il libro, situ\u00e9e \u00e0 Milan au 11 Via Ozanam (\u00e0 quelques pas du Corso Buenos Aires), est sp\u00e9cialis\u00e9e dans l\u2019enseignement des langues \u00e9trang\u00e8res. [\/vc_column_text][\/vc_column][\/vc_row][vc_row full_width=\u00a0\u00bbstretch_row_content_no_spaces_content\u00a0\u00bb css=\u00a0\u00bb.vc_custom_1501149102222{margin-bottom: 20px !important;}\u00a0\u00bb][vc_column width=\u00a0\u00bb3\/4&Prime;&hellip;\" \/>\n<meta property=\"og:url\" content=\"https:\/\/www.il-libro.it\/fr\/qui-sommes-nous\/\" \/>\n<meta property=\"og:site_name\" content=\"Il Libro - Libreria Internazionale\" \/>\n<meta property=\"article:publisher\" content=\"https:\/\/www.facebook.com\/IL-LIBRO-Libreria-Internazionale-2127680667458029\/?fref=ts\" \/>\n<meta property=\"article:modified_time\" content=\"2019-05-08T14:13:50+00:00\" \/>\n<meta name=\"twitter:card\" content=\"summary_large_image\" \/>\n<meta name=\"twitter:label1\" content=\"Dur\u00e9e de lecture estim\u00e9e\" \/>\n\t<meta name=\"twitter:data1\" content=\"4 minutes\" \/>\n<script type=\"application\/ld+json\" class=\"yoast-schema-graph\">{\"@context\":\"https:\/\/schema.org\",\"@graph\":[{\"@type\":\"Organization\",\"@id\":\"https:\/\/www.il-libro.it\/#organization\",\"name\":\"il libro libreria internazionale\",\"url\":\"https:\/\/www.il-libro.it\/\",\"sameAs\":[\"https:\/\/www.facebook.com\/IL-LIBRO-Libreria-Internazionale-2127680667458029\/?fref=ts\",\"https:\/\/www.instagram.com\/il.libro.internazionale\/\"],\"logo\":{\"@type\":\"ImageObject\",\"@id\":\"https:\/\/www.il-libro.it\/#logo\",\"inLanguage\":\"fr-FR\",\"url\":\"https:\/\/www.il-libro.it\/wp-content\/uploads\/2017\/03\/logo.png\",\"contentUrl\":\"https:\/\/www.il-libro.it\/wp-content\/uploads\/2017\/03\/logo.png\",\"width\":180,\"height\":90,\"caption\":\"il libro libreria internazionale\"},\"image\":{\"@id\":\"https:\/\/www.il-libro.it\/#logo\"}},{\"@type\":\"WebSite\",\"@id\":\"https:\/\/www.il-libro.it\/#website\",\"url\":\"https:\/\/www.il-libro.it\/\",\"name\":\"Il Libro - Libreria Internazionale\",\"description\":\"Benvenuti nella libreria internazionale\",\"publisher\":{\"@id\":\"https:\/\/www.il-libro.it\/#organization\"},\"potentialAction\":[{\"@type\":\"SearchAction\",\"target\":{\"@type\":\"EntryPoint\",\"urlTemplate\":\"https:\/\/www.il-libro.it\/?s={search_term_string}\"},\"query-input\":\"required name=search_term_string\"}],\"inLanguage\":\"fr-FR\"},{\"@type\":\"WebPage\",\"@id\":\"https:\/\/www.il-libro.it\/fr\/qui-sommes-nous\/#webpage\",\"url\":\"https:\/\/www.il-libro.it\/fr\/qui-sommes-nous\/\",\"name\":\"Qui sommes-nous - Il Libro - Libreria Internazionale\",\"isPartOf\":{\"@id\":\"https:\/\/www.il-libro.it\/#website\"},\"datePublished\":\"2017-12-05T16:32:54+00:00\",\"dateModified\":\"2019-05-08T14:13:50+00:00\",\"breadcrumb\":{\"@id\":\"https:\/\/www.il-libro.it\/fr\/qui-sommes-nous\/#breadcrumb\"},\"inLanguage\":\"fr-FR\",\"potentialAction\":[{\"@type\":\"ReadAction\",\"target\":[\"https:\/\/www.il-libro.it\/fr\/qui-sommes-nous\/\"]}]},{\"@type\":\"BreadcrumbList\",\"@id\":\"https:\/\/www.il-libro.it\/fr\/qui-sommes-nous\/#breadcrumb\",\"itemListElement\":[{\"@type\":\"ListItem\",\"position\":1,\"name\":\"Home\",\"item\":\"https:\/\/www.il-libro.it\/fr\/\"},{\"@type\":\"ListItem\",\"position\":2,\"name\":\"Qui sommes-nous\"}]}]}<\/script>\n<!-- \/ Yoast SEO plugin. -->","yoast_head_json":{"title":"Qui sommes-nous - Il Libro - Libreria Internazionale","robots":{"index":"index","follow":"follow","max-snippet":"max-snippet:-1","max-image-preview":"max-image-preview:large","max-video-preview":"max-video-preview:-1"},"canonical":"https:\/\/www.il-libro.it\/fr\/qui-sommes-nous\/","og_locale":"fr_FR","og_type":"article","og_title":"Qui sommes-nous - Il Libro - Libreria Internazionale","og_description":"[vc_row full_width=\u00a0\u00bbstretch_row_content_no_spaces\u00a0\u00bb css=\u00a0\u00bb.vc_custom_1501071941171{background-position: center !important;background-repeat: no-repeat !important;background-size: cover !important;}\u00a0\u00bb][vc_column][vc_raw_html]JTNDc2VjdGlvbiUyMGNsYXNzJTNEJTIyaGVhZGVyLXBhZ2UlMjBibG9nLWhlYWRlci1ncmlkJTIyJTIwc3R5bGUlM0QlMjJiYWNrZ3JvdW5kLWltYWdlJTNBJTIwdXJsJTI4aHR0cCUzQSUyRiUyRnd3dy5pbC1saWJyby5pdCUyRndwLWNvbnRlbnQlMkZ1cGxvYWRzJTJGMjAxNyUyRjA5JTJGY2hpLXNpYW1vLmpwZWclMjklMjIlM0UlMEElMDklM0NkaXYlMjBjbGFzcyUzRCUyMmNvbnRhaW5lciUyMiUzRSUwQSUwOSUwOSUzQ3NwYW4lMjBjbGFzcyUzRCUyMnRpdGxlLXBhZ2UlMjIlM0VRdWklMjBzb21tZXMtbm91cyUzQyUyRnNwYW4lM0UlMEElMDklM0MlMkZkaXYlM0UlMEElM0MlMkZzZWN0aW9uJTNF[\/vc_raw_html][\/vc_column][\/vc_row][vc_row full_width=\u00a0\u00bbstretch_row_content_no_spaces_content\u00a0\u00bb css=\u00a0\u00bb.vc_custom_1501149072528{margin-bottom: 20px !important;}\u00a0\u00bb][vc_column width=\u00a0\u00bb1\/4&Prime;][vc_single_image image=\u00a0\u00bb9478&Prime; img_size=\u00a0\u00bbmedium\u00a0\u00bb][\/vc_column][vc_column width=\u00a0\u00bb3\/4&Prime; css=\u00a0\u00bb.vc_custom_1505381511158{padding-top: 70px !important;padding-left: 20px !important;}\u00a0\u00bb][vc_column_text] Qui sommes-nous? La librairie internationale\u00a0il libro, situ\u00e9e \u00e0 Milan au 11 Via Ozanam (\u00e0 quelques pas du Corso Buenos Aires), est sp\u00e9cialis\u00e9e dans l\u2019enseignement des langues \u00e9trang\u00e8res. [\/vc_column_text][\/vc_column][\/vc_row][vc_row full_width=\u00a0\u00bbstretch_row_content_no_spaces_content\u00a0\u00bb css=\u00a0\u00bb.vc_custom_1501149102222{margin-bottom: 20px !important;}\u00a0\u00bb][vc_column width=\u00a0\u00bb3\/4&Prime;&hellip;","og_url":"https:\/\/www.il-libro.it\/fr\/qui-sommes-nous\/","og_site_name":"Il Libro - Libreria Internazionale","article_publisher":"https:\/\/www.facebook.com\/IL-LIBRO-Libreria-Internazionale-2127680667458029\/?fref=ts","article_modified_time":"2019-05-08T14:13:50+00:00","twitter_card":"summary_large_image","twitter_misc":{"Dur\u00e9e de lecture estim\u00e9e":"4 minutes"},"schema":{"@context":"https:\/\/schema.org","@graph":[{"@type":"Organization","@id":"https:\/\/www.il-libro.it\/#organization","name":"il libro libreria internazionale","url":"https:\/\/www.il-libro.it\/","sameAs":["https:\/\/www.facebook.com\/IL-LIBRO-Libreria-Internazionale-2127680667458029\/?fref=ts","https:\/\/www.instagram.com\/il.libro.internazionale\/"],"logo":{"@type":"ImageObject","@id":"https:\/\/www.il-libro.it\/#logo","inLanguage":"fr-FR","url":"https:\/\/www.il-libro.it\/wp-content\/uploads\/2017\/03\/logo.png","contentUrl":"https:\/\/www.il-libro.it\/wp-content\/uploads\/2017\/03\/logo.png","width":180,"height":90,"caption":"il libro libreria internazionale"},"image":{"@id":"https:\/\/www.il-libro.it\/#logo"}},{"@type":"WebSite","@id":"https:\/\/www.il-libro.it\/#website","url":"https:\/\/www.il-libro.it\/","name":"Il Libro - Libreria Internazionale","description":"Benvenuti nella libreria internazionale","publisher":{"@id":"https:\/\/www.il-libro.it\/#organization"},"potentialAction":[{"@type":"SearchAction","target":{"@type":"EntryPoint","urlTemplate":"https:\/\/www.il-libro.it\/?s={search_term_string}"},"query-input":"required name=search_term_string"}],"inLanguage":"fr-FR"},{"@type":"WebPage","@id":"https:\/\/www.il-libro.it\/fr\/qui-sommes-nous\/#webpage","url":"https:\/\/www.il-libro.it\/fr\/qui-sommes-nous\/","name":"Qui sommes-nous - Il Libro - Libreria Internazionale","isPartOf":{"@id":"https:\/\/www.il-libro.it\/#website"},"datePublished":"2017-12-05T16:32:54+00:00","dateModified":"2019-05-08T14:13:50+00:00","breadcrumb":{"@id":"https:\/\/www.il-libro.it\/fr\/qui-sommes-nous\/#breadcrumb"},"inLanguage":"fr-FR","potentialAction":[{"@type":"ReadAction","target":["https:\/\/www.il-libro.it\/fr\/qui-sommes-nous\/"]}]},{"@type":"BreadcrumbList","@id":"https:\/\/www.il-libro.it\/fr\/qui-sommes-nous\/#breadcrumb","itemListElement":[{"@type":"ListItem","position":1,"name":"Home","item":"https:\/\/www.il-libro.it\/fr\/"},{"@type":"ListItem","position":2,"name":"Qui sommes-nous"}]}]}},"_links":{"self":[{"href":"https:\/\/www.il-libro.it\/fr\/wp-json\/wp\/v2\/pages\/18108"}],"collection":[{"href":"https:\/\/www.il-libro.it\/fr\/wp-json\/wp\/v2\/pages"}],"about":[{"href":"https:\/\/www.il-libro.it\/fr\/wp-json\/wp\/v2\/types\/page"}],"author":[{"embeddable":true,"href":"https:\/\/www.il-libro.it\/fr\/wp-json\/wp\/v2\/users\/3"}],"replies":[{"embeddable":true,"href":"https:\/\/www.il-libro.it\/fr\/wp-json\/wp\/v2\/comments?post=18108"}],"version-history":[{"count":0,"href":"https:\/\/www.il-libro.it\/fr\/wp-json\/wp\/v2\/pages\/18108\/revisions"}],"wp:attachment":[{"href":"https:\/\/www.il-libro.it\/fr\/wp-json\/wp\/v2\/media?parent=18108"}],"curies":[{"name":"wp","href":"https:\/\/api.w.org\/{rel}","templated":true}]}}